{"id":127,"date":"2017-09-12T13:32:45","date_gmt":"2017-09-12T11:32:45","guid":{"rendered":"https:\/\/turbomotori.com\/?page_id=127"},"modified":"2023-12-19T10:29:26","modified_gmt":"2023-12-19T09:29:26","slug":"condizioni-di-vendita","status":"publish","type":"page","link":"https:\/\/turbomotori.com\/de\/verkaufsbedingungen\/","title":{"rendered":"VERKAUFSBEDINGUNGEN"},"content":{"rendered":"<section class=\"l-section wpb_row height_medium\"><div class=\"l-section-h i-cf\"><div class=\"g-cols vc_row via_grid cols_1 laptops-cols_inherit tablets-cols_inherit mobiles-cols_1 valign_top type_default stacking_default\"><div class=\"wpb_column vc_column_container\"><div class=\"vc_column-inner\"><div class=\"wpb_text_column\"><div class=\"wpb_wrapper\"><h1>VERKAUFSBEDINGUNGEN<\/h1>\n<p><b>RECHTLICHE BEDINGUNGEN F\u00dcR DEN VERKAUF VON WIEDERAUFBEREITETEN ERSATZTEILEN<\/b><\/p>\n<p>Der Kauf eines neuen, wiederaufbereiteten oder gebrauchten Produkts setzt die R\u00fcckgabe des gebrauchten, aber reparierbaren Produkts voraus, das nach Einbau des gekauften Ersatzteils in unserem Unternehmen zur\u00fcckgenommen wird. Das Produkt muss mit denselben Teilen wie das verkaufte Produkt zur\u00fcckgegeben werden. Sollte der Kunde die oben genannte Klausel nicht einhalten (R\u00fcckgabe von gebrauchten Produkten, die nicht die angegebenen Eigenschaften aufweisen, oder bei Nichtr\u00fcckgabe des Produkts), wird die beim Kauf geleistete Kaution mit dem Kaufpreis des \u00fcberholten Produkts verrechnet. Wurde keine Kaution hinterlegt, wird der auf der Rechnung angegebene Kaufwert der Ware verrechnet.<\/p>\n<p><b>Die Garantie deckt ab: <\/b><\/p>\n<ul>\n<li>Die Garantie besteht aus <strong>Reparatur<\/strong> oder in der <strong>kostenlose Bereitstellung<\/strong> von Teilen mit Herstellungs- oder Verarbeitungsfehlern.<\/li>\n<li>Die Garantie ist <strong>beschr\u00e4nkt auf das verkaufte \u00fcberholte Teil<\/strong> an dem eine Bearbeitung durchgef\u00fchrt wurde, so dass alle anderen Elemente, die m\u00f6glicherweise installiert wurden, ausgeschlossen sind.<\/li>\n<li>Der Kunde muss bei Erhalt der Ware durch den Kurier <strong>mit Vorbehalt unterschreiben<\/strong>.<\/li>\n<\/ul>\n<p><b>Die Garantie deckt nicht:<\/b><\/p>\n<ul>\n<li>Kosten f\u00fcr das Abschleppen, die Fahrt und somit f\u00fcr Sch\u00e4den, die durch den Transport durch Kuriere entstehen;<\/li>\n<li>Sch\u00e4den, die sich aus dem Stillstand des Fahrzeugs ergeben, Fahrt in Kilometern;<\/li>\n<li>Arbeit f\u00fcr den Austausch;<\/li>\n<li>Betriebs- und Verbrauchsmaterial (Filter, Schmiermittel, Frostschutzmittel, usw.);<\/li>\n<li>Alle Kosten, die nicht ausdr\u00fccklich in der Garantie aufgef\u00fchrt sind. Die Kosten f\u00fcr den Ausbau und die Wiederanbringung werden gem\u00e4\u00df der Vereinbarung zwischen den Parteien erstattet, nachdem wir unsere tats\u00e4chliche Haftung festgestellt haben; selbstverst\u00e4ndlich nach Erhalt des \u00fcberholten Produkts in unserem Betrieb.<\/li>\n<\/ul>\n<p><b>Die Garantie ist nichtig, wenn:<\/b><\/p>\n<ul>\n<li>der Kunde selbstst\u00e4ndig interne oder externe Wartungsarbeiten am Produkt ohne vorherige (schriftliche) Genehmigung von Global srl durchf\u00fchrt.\u00a0<\/li>\n<li>Verwendung des Produkts f\u00fcr einen vom Hersteller nicht vorgesehenen Zweck, wie z. B. die Verwendung des Fahrzeugs f\u00fcr Autorennen. (Garantien jeglicher Art sind ausgeschlossen).\u00a0<\/li>\n<li>Wenn das gelieferte Ersatzteil ohne vorherige Genehmigung von Global srl manipuliert, demontiert oder ver\u00e4ndert wird, ist die Garantie nicht g\u00fcltig.<\/li>\n<\/ul>\n<p><b>R\u00dcCKF\u00dcHRUNGSVERFAHREN<\/b><\/p>\n<p>Global SRL akzeptiert keine R\u00fccksendungen f\u00fcr get\u00e4tigte Verk\u00e4ufe, au\u00dfer bei Nichtkonformit\u00e4t des Produkts und nur nach vorheriger Genehmigung durch unsere B\u00fcros.<\/p>\n<p>Die Ware muss in demselben Zustand zur\u00fcckgegeben werden, in dem sie geliefert wurde, d. h. in unbesch\u00e4digter, gut gesch\u00fctzter Verpackung und ohne Abnutzungserscheinungen am Produkt selbst.<\/p>\n<p>Eine Erstattung ist nur nach einer Eignungspr\u00fcfung vorgesehen.<\/p>\n<p>Transport wird auch immer als <strong>zu Lasten des Kunden<\/strong>sofern von Global SRL nicht anders angegeben.<\/p>\n<p>\u00a0<\/p>\n<p style=\"text-align: center;\">Kontaktieren Sie uns f\u00fcr weitere Informationen, indem Sie auf <a href=\"https:\/\/turbomotori.com\/de\/kontakte\/\">hier<\/a>.<\/p>\n<\/div><\/div><\/div><\/div><\/div><\/div><\/section>","protected":false},"excerpt":{"rendered":"VERKAUFSBEDINGUNGEN F\u00dcR DEN VERKAUF VON ERSATZTEILEN Der Kauf eines neuen, wiederaufbereiteten oder gebrauchten Produkts setzt die R\u00fcckgabe von gebrauchten, aber reparierbaren Teilen voraus, die nach dem Einbau des gekauften Ersatzteils in unserem Unternehmen zur\u00fcckgenommen werden. Das Produkt muss mit den gleichen Teilen zur\u00fcckgegeben werden, wie das Produkt...","protected":false},"author":1,"featured_media":0,"parent":0,"menu_order":0,"comment_status":"closed","ping_status":"closed","template":"","meta":{"_acf_changed":false,"footnotes":""},"class_list":["post-127","page","type-page","status-publish","hentry"],"acf":[],"aioseo_notices":[],"_links":{"self":[{"href":"https:\/\/turbomotori.com\/de\/wp-json\/wp\/v2\/pages\/127","targetHints":{"allow":["GET"]}}],"collection":[{"href":"https:\/\/turbomotori.com\/de\/wp-json\/wp\/v2\/pages"}],"about":[{"href":"https:\/\/turbomotori.com\/de\/wp-json\/wp\/v2\/types\/page"}],"author":[{"embeddable":true,"href":"https:\/\/turbomotori.com\/de\/wp-json\/wp\/v2\/users\/1"}],"replies":[{"embeddable":true,"href":"https:\/\/turbomotori.com\/de\/wp-json\/wp\/v2\/comments?post=127"}],"version-history":[{"count":0,"href":"https:\/\/turbomotori.com\/de\/wp-json\/wp\/v2\/pages\/127\/revisions"}],"wp:attachment":[{"href":"https:\/\/turbomotori.com\/de\/wp-json\/wp\/v2\/media?parent=127"}],"curies":[{"name":"wp","href":"https:\/\/api.w.org\/{rel}","templated":true}]}}