{"id":158,"date":"2017-09-13T08:20:24","date_gmt":"2017-09-13T08:20:24","guid":{"rendered":"https:\/\/turbomotori.com\/?page_id=158"},"modified":"2024-05-27T12:12:41","modified_gmt":"2024-05-27T10:12:41","slug":"blog","status":"publish","type":"page","link":"https:\/\/turbomotori.com\/de\/blog\/","title":{"rendered":"BLOG"},"content":{"rendered":"<section class=\"l-section wpb_row us_custom_0ccc3812 height_small with_img\"><div class=\"l-section-img\" role=\"img\" data-img-width=\"1440\" data-img-height=\"1080\" style=\"background-image: url(https:\/\/turbomotori.com\/wp-content\/uploads\/2023\/12\/2-1.jpg);background-repeat: no-repeat;\"><\/div><div class=\"l-section-overlay\" style=\"background:rgba(51,51,51,0.50)\"><\/div><div class=\"l-section-h i-cf\"><div class=\"g-cols vc_row via_grid cols_1 laptops-cols_inherit tablets-cols_inherit mobiles-cols_1 valign_middle type_default stacking_default\"><div class=\"wpb_column vc_column_container us_custom_ca8408e8 has_text_color\"><div class=\"vc_column-inner\"><h1 class=\"w-text us_custom_eb849559\"><span class=\"w-text-h\"><span class=\"w-text-value\">BLOG<\/span><\/span><\/h1><div class=\"wpb_text_column\"><div class=\"wpb_wrapper\"><h2 style=\"text-align: center;\">Der TurboMotori-Blog<\/h2>\n<\/div><\/div><\/div><\/div><\/div><\/div><\/section><section class=\"l-section wpb_row height_medium\"><div class=\"l-section-h i-cf\"><div class=\"g-cols vc_row via_grid cols_1 laptops-cols_inherit tablets-cols_inherit mobiles-cols_1 valign_top type_default stacking_default\" style=\"--gap:1.2rem;\"><div class=\"wpb_column vc_column_container\"><div class=\"vc_column-inner\"><p class=\"w-text us_custom_eb849559\"><span class=\"w-text-h\"><span class=\"w-text-value\">Werfen Sie einen Blick auf unsere Artikel, um ein wenig mehr \u00fcber die Welt des Automobils zu erfahren.<\/span><\/span><\/p><div class=\"w-grid type_grid layout_blog_1 cols_3 valign_center pagination_regular with_css_animation\" id=\"us_grid_1\" style=\"--gap:0.8rem;\" data-filterable=\"true\"><style>@media (max-width:1024px){#us_grid_1 .w-grid-item{width:50%}}@media (max-width:450px){#us_grid_1 .w-grid-list{margin:0}#us_grid_1 .w-grid-item{width:100%;padding:0;margin-bottom:var(--gap,0px)}}.layout_blog_1 .w-grid-item-h{}.layout_blog_1 .usg_post_image_1{margin-bottom:0.5rem!important}.layout_blog_1 .usg_post_title_1{font-size:1rem!important}<\/style><div class=\"w-grid-list\">\t<article class=\"w-grid-item us_animate_aft size_1x1 post-53017 post type-post status-publish format-standard hentry category-cambio-auto category-filtro-fap-dpf category-iniettori category-motori category-turbo-turbina\" data-id=\"53017\" style=\"animation-delay:0s\">\r\n\t\t<div class=\"w-grid-item-h\">\r\n\t\t\t\t\t\t<h2 class=\"w-post-elm post_title usg_post_title_1 entry-title color_link_inherit\"><a href=\"https:\/\/turbomotori.com\/de\/beschaftigungsmoglichkeiten-im-bereich-turbomotoren\/\">Stellenangebote in Turbomotoren<\/a><\/h2>\t\t<\/div>\r\n\t\t\t<\/article>\r\n\t<article class=\"w-grid-item us_animate_aft size_1x1 post-52909 post type-post status-publish format-standard has-post-thumbnail hentry category-turbo-turbina\" data-id=\"52909\" style=\"animation-delay:0.1s\">\r\n\t\t<div class=\"w-grid-item-h\">\r\n\t\t\t\t\t\t<div class=\"w-post-elm post_image usg_post_image_1 stretched\"><a href=\"https:\/\/turbomotori.com\/de\/turbinenregeneration-2\/\" aria-label=\"Regeneration von Turbinen: Alles, was Sie wissen m\u00fcssen\"><img loading=\"lazy\" decoding=\"async\" width=\"300\" height=\"225\" src=\"https:\/\/turbomotori.com\/wp-content\/uploads\/2025\/01\/32914547017_06871e2ea3_c-300x225.jpg\" class=\"attachment-medium size-medium wp-post-image\" alt=\"Garantie f\u00fcr wiederaufbereitete Turbos\" srcset=\"https:\/\/turbomotori.com\/wp-content\/uploads\/2025\/01\/32914547017_06871e2ea3_c-300x225.jpg 300w, https:\/\/turbomotori.com\/wp-content\/uploads\/2025\/01\/32914547017_06871e2ea3_c-16x12.jpg 16w, https:\/\/turbomotori.com\/wp-content\/uploads\/2025\/01\/32914547017_06871e2ea3_c-64x48.jpg 64w, https:\/\/turbomotori.com\/wp-content\/uploads\/2025\/01\/32914547017_06871e2ea3_c.jpg 800w\" sizes=\"auto, (max-width: 300px) 100vw, 300px\" \/><\/a><\/div><h2 class=\"w-post-elm post_title usg_post_title_1 entry-title color_link_inherit\"><a href=\"https:\/\/turbomotori.com\/de\/turbinenregeneration-2\/\">Regeneration von Turbinen: Alles, was Sie wissen m\u00fcssen<\/a><\/h2>\t\t<\/div>\r\n\t\t\t<\/article>\r\n\t<article class=\"w-grid-item us_animate_aft size_1x1 post-52904 post type-post status-publish format-standard has-post-thumbnail hentry category-motori\" data-id=\"52904\" style=\"animation-delay:0.2s\">\r\n\t\t<div class=\"w-grid-item-h\">\r\n\t\t\t\t\t\t<div class=\"w-post-elm post_image usg_post_image_1 stretched\"><a href=\"https:\/\/turbomotori.com\/de\/einsparung-von-wiederaufgearbeiteten-motoren\/\" aria-label=\"Regenerativer Motor: Die intelligente L\u00f6sung zum Geldsparen\"><img loading=\"lazy\" decoding=\"async\" width=\"300\" height=\"157\" src=\"https:\/\/turbomotori.com\/wp-content\/uploads\/2025\/01\/6265058747870102475-300x157.jpeg\" class=\"attachment-medium size-medium wp-post-image\" alt=\"Aufgearbeiteter Motor, wo man Garantie kaufen kann\" srcset=\"https:\/\/turbomotori.com\/wp-content\/uploads\/2025\/01\/6265058747870102475-300x157.jpeg 300w, https:\/\/turbomotori.com\/wp-content\/uploads\/2025\/01\/6265058747870102475-1024x536.jpeg 1024w, https:\/\/turbomotori.com\/wp-content\/uploads\/2025\/01\/6265058747870102475-18x9.jpeg 18w, https:\/\/turbomotori.com\/wp-content\/uploads\/2025\/01\/6265058747870102475-1000x523.jpeg 1000w, https:\/\/turbomotori.com\/wp-content\/uploads\/2025\/01\/6265058747870102475-64x33.jpeg 64w, https:\/\/turbomotori.com\/wp-content\/uploads\/2025\/01\/6265058747870102475.jpeg 1575w\" sizes=\"auto, (max-width: 300px) 100vw, 300px\" \/><\/a><\/div><h2 class=\"w-post-elm post_title usg_post_title_1 entry-title color_link_inherit\"><a href=\"https:\/\/turbomotori.com\/de\/einsparung-von-wiederaufgearbeiteten-motoren\/\">Regenerativer Motor: Die intelligente L\u00f6sung zum Geldsparen<\/a><\/h2>\t\t<\/div>\r\n\t\t\t<\/article>\r\n\t<article class=\"w-grid-item us_animate_aft size_1x1 post-52861 post type-post status-publish format-standard has-post-thumbnail hentry category-motori category-turbo-turbina\" data-id=\"52861\" style=\"animation-delay:0.3s\">\r\n\t\t<div class=\"w-grid-item-h\">\r\n\t\t\t\t\t\t<div class=\"w-post-elm post_image usg_post_image_1 stretched\"><a href=\"https:\/\/turbomotori.com\/de\/huten-sie-sich-vor-betrug-kaufen-sicher-auf-turbomotori-es\/\" aria-label=\"Vorsicht vor Betrug: Kaufen Sie sicher auf Turbomotori.it\"><img loading=\"lazy\" decoding=\"async\" width=\"300\" height=\"169\" src=\"https:\/\/turbomotori.com\/wp-content\/uploads\/2024\/12\/Truffe-Online-Turbomotori-300x169.png\" class=\"attachment-medium size-medium wp-post-image\" alt=\"Vorsicht vor Online-Teilebetrug: Kaufen Sie zu Ihrer Sicherheit nur bei Turbomotori.it\" srcset=\"https:\/\/turbomotori.com\/wp-content\/uploads\/2024\/12\/Truffe-Online-Turbomotori-300x169.png 300w, https:\/\/turbomotori.com\/wp-content\/uploads\/2024\/12\/Truffe-Online-Turbomotori-1024x576.png 1024w, https:\/\/turbomotori.com\/wp-content\/uploads\/2024\/12\/Truffe-Online-Turbomotori-18x10.png 18w, https:\/\/turbomotori.com\/wp-content\/uploads\/2024\/12\/Truffe-Online-Turbomotori-1000x563.png 1000w, https:\/\/turbomotori.com\/wp-content\/uploads\/2024\/12\/Truffe-Online-Turbomotori-64x36.png 64w, https:\/\/turbomotori.com\/wp-content\/uploads\/2024\/12\/Truffe-Online-Turbomotori.png 1920w\" sizes=\"auto, (max-width: 300px) 100vw, 300px\" \/><\/a><\/div><h2 class=\"w-post-elm post_title usg_post_title_1 entry-title color_link_inherit\"><a href=\"https:\/\/turbomotori.com\/de\/huten-sie-sich-vor-betrug-kaufen-sicher-auf-turbomotori-es\/\">Vorsicht vor Betrug: Kaufen Sie sicher auf Turbomotori.it<\/a><\/h2>\t\t<\/div>\r\n\t\t\t<\/article>\r\n\t<article class=\"w-grid-item us_animate_aft size_1x1 post-52835 post type-post status-publish format-standard has-post-thumbnail hentry category-motori\" data-id=\"52835\" style=\"animation-delay:0.4s\">\r\n\t\t<div class=\"w-grid-item-h\">\r\n\t\t\t\t\t\t<div class=\"w-post-elm post_image usg_post_image_1 stretched\"><a href=\"https:\/\/turbomotori.com\/de\/warum-sie-einen-uberholten-motor-fur-ihr-auto-wahlen-sollten\/\" aria-label=\"Warum sollten Sie sich f\u00fcr einen \u00fcberholten Motor f\u00fcr Ihr Auto entscheiden?\"><img loading=\"lazy\" decoding=\"async\" width=\"300\" height=\"200\" src=\"https:\/\/turbomotori.com\/wp-content\/uploads\/2024\/12\/david-zieglgansberger-B6nspn_lEcE-unsplash-300x200.jpg\" class=\"attachment-medium size-medium wp-post-image\" alt=\"\" srcset=\"https:\/\/turbomotori.com\/wp-content\/uploads\/2024\/12\/david-zieglgansberger-B6nspn_lEcE-unsplash-300x200.jpg 300w, https:\/\/turbomotori.com\/wp-content\/uploads\/2024\/12\/david-zieglgansberger-B6nspn_lEcE-unsplash-1024x683.jpg 1024w, https:\/\/turbomotori.com\/wp-content\/uploads\/2024\/12\/david-zieglgansberger-B6nspn_lEcE-unsplash-18x12.jpg 18w, https:\/\/turbomotori.com\/wp-content\/uploads\/2024\/12\/david-zieglgansberger-B6nspn_lEcE-unsplash-1000x667.jpg 1000w, https:\/\/turbomotori.com\/wp-content\/uploads\/2024\/12\/david-zieglgansberger-B6nspn_lEcE-unsplash-64x43.jpg 64w\" sizes=\"auto, (max-width: 300px) 100vw, 300px\" \/><\/a><\/div><h2 class=\"w-post-elm post_title usg_post_title_1 entry-title color_link_inherit\"><a href=\"https:\/\/turbomotori.com\/de\/warum-sie-einen-uberholten-motor-fur-ihr-auto-wahlen-sollten\/\">Warum sollten Sie sich f\u00fcr einen \u00fcberholten Motor f\u00fcr Ihr Auto entscheiden?<\/a><\/h2>\t\t<\/div>\r\n\t\t\t<\/article>\r\n\t<article class=\"w-grid-item us_animate_aft size_1x1 post-52832 post type-post status-publish format-standard has-post-thumbnail hentry category-turbo-turbina\" data-id=\"52832\" style=\"animation-delay:0.5s\">\r\n\t\t<div class=\"w-grid-item-h\">\r\n\t\t\t\t\t\t<div class=\"w-post-elm post_image usg_post_image_1 stretched\"><a href=\"https:\/\/turbomotori.com\/de\/von-wiederaufgearbeitet-bis-neu-entdecken-sie-die-effizienz-und-den-wert-von-turbinen\/\" aria-label=\"Wann sollte man sich f\u00fcr eine neue oder regenerierte Turbine entscheiden?\"><img loading=\"lazy\" decoding=\"async\" width=\"300\" height=\"169\" src=\"https:\/\/turbomotori.com\/wp-content\/uploads\/2024\/12\/Quando-Scegliere-una-Turbina-Nuova-o-Rigenerata-300x169.png\" class=\"attachment-medium size-medium wp-post-image\" alt=\"Wann sollte man sich f\u00fcr eine neue oder regenerierte Turbine entscheiden?\" srcset=\"https:\/\/turbomotori.com\/wp-content\/uploads\/2024\/12\/Quando-Scegliere-una-Turbina-Nuova-o-Rigenerata-300x169.png 300w, https:\/\/turbomotori.com\/wp-content\/uploads\/2024\/12\/Quando-Scegliere-una-Turbina-Nuova-o-Rigenerata-1024x576.png 1024w, https:\/\/turbomotori.com\/wp-content\/uploads\/2024\/12\/Quando-Scegliere-una-Turbina-Nuova-o-Rigenerata-18x10.png 18w, https:\/\/turbomotori.com\/wp-content\/uploads\/2024\/12\/Quando-Scegliere-una-Turbina-Nuova-o-Rigenerata-1000x563.png 1000w, https:\/\/turbomotori.com\/wp-content\/uploads\/2024\/12\/Quando-Scegliere-una-Turbina-Nuova-o-Rigenerata-64x36.png 64w, https:\/\/turbomotori.com\/wp-content\/uploads\/2024\/12\/Quando-Scegliere-una-Turbina-Nuova-o-Rigenerata.png 1920w\" sizes=\"auto, (max-width: 300px) 100vw, 300px\" \/><\/a><\/div><h2 class=\"w-post-elm post_title usg_post_title_1 entry-title color_link_inherit\"><a href=\"https:\/\/turbomotori.com\/de\/von-wiederaufgearbeitet-bis-neu-entdecken-sie-die-effizienz-und-den-wert-von-turbinen\/\">Wann sollte man sich f\u00fcr eine neue oder regenerierte Turbine entscheiden?<\/a><\/h2>\t\t<\/div>\r\n\t\t\t<\/article>\r\n\t<article class=\"w-grid-item us_animate_aft size_1x1 post-52803 post type-post status-publish format-standard has-post-thumbnail hentry category-motori\" data-id=\"52803\" style=\"animation-delay:0s\">\r\n\t\t<div class=\"w-grid-item-h\">\r\n\t\t\t\t\t\t<div class=\"w-post-elm post_image usg_post_image_1 stretched\"><a href=\"https:\/\/turbomotori.com\/de\/regenerierung-und-verkauf-von-motoren-und-turbinen-warum-turbomotoren-wahlen\/\" aria-label=\"Regeneration und Verkauf von Motoren und Turbinen: Turbomotoren\"><img loading=\"lazy\" decoding=\"async\" width=\"300\" height=\"200\" src=\"https:\/\/turbomotori.com\/wp-content\/uploads\/2024\/07\/Turbomotori-Lavorazione-Testate-Produzione-3-300x200.jpg\" class=\"attachment-medium size-medium wp-post-image\" alt=\"\u00dcberholte Turbomotoren und Getriebe Mailand Bergamo und Brescia\" srcset=\"https:\/\/turbomotori.com\/wp-content\/uploads\/2024\/07\/Turbomotori-Lavorazione-Testate-Produzione-3-300x200.jpg 300w, https:\/\/turbomotori.com\/wp-content\/uploads\/2024\/07\/Turbomotori-Lavorazione-Testate-Produzione-3-18x12.jpg 18w, https:\/\/turbomotori.com\/wp-content\/uploads\/2024\/07\/Turbomotori-Lavorazione-Testate-Produzione-3-64x43.jpg 64w, https:\/\/turbomotori.com\/wp-content\/uploads\/2024\/07\/Turbomotori-Lavorazione-Testate-Produzione-3.jpg 800w\" sizes=\"auto, (max-width: 300px) 100vw, 300px\" \/><\/a><\/div><h2 class=\"w-post-elm post_title usg_post_title_1 entry-title color_link_inherit\"><a href=\"https:\/\/turbomotori.com\/de\/regenerierung-und-verkauf-von-motoren-und-turbinen-warum-turbomotoren-wahlen\/\">Regeneration und Verkauf von Motoren und Turbinen: Turbomotoren<\/a><\/h2>\t\t<\/div>\r\n\t\t\t<\/article>\r\n\t<article class=\"w-grid-item us_animate_aft size_1x1 post-52391 post type-post status-publish format-standard has-post-thumbnail hentry category-motori\" data-id=\"52391\" style=\"animation-delay:0.1s\">\r\n\t\t<div class=\"w-grid-item-h\">\r\n\t\t\t\t\t\t<div class=\"w-post-elm post_image usg_post_image_1 stretched\"><a href=\"https:\/\/turbomotori.com\/de\/anfangskosten-und-dauerhafte-wirtschaftlichkeit-von-warmekraftmaschinen\/\" aria-label=\"Anschaffungskosten und Dauerhaftigkeit: die Kosteneffizienz von W\u00e4rmekraftmaschinen\"><img loading=\"lazy\" decoding=\"async\" width=\"300\" height=\"200\" src=\"https:\/\/turbomotori.com\/wp-content\/uploads\/2024\/07\/Costi-iniziali-e-durata-economicita-dei-motori-termici-300x200.jpg\" class=\"attachment-medium size-medium wp-post-image\" alt=\"\" srcset=\"https:\/\/turbomotori.com\/wp-content\/uploads\/2024\/07\/Costi-iniziali-e-durata-economicita-dei-motori-termici-300x200.jpg 300w, https:\/\/turbomotori.com\/wp-content\/uploads\/2024\/07\/Costi-iniziali-e-durata-economicita-dei-motori-termici-1024x682.jpg 1024w, https:\/\/turbomotori.com\/wp-content\/uploads\/2024\/07\/Costi-iniziali-e-durata-economicita-dei-motori-termici-18x12.jpg 18w, https:\/\/turbomotori.com\/wp-content\/uploads\/2024\/07\/Costi-iniziali-e-durata-economicita-dei-motori-termici-1000x666.jpg 1000w, https:\/\/turbomotori.com\/wp-content\/uploads\/2024\/07\/Costi-iniziali-e-durata-economicita-dei-motori-termici-64x43.jpg 64w, https:\/\/turbomotori.com\/wp-content\/uploads\/2024\/07\/Costi-iniziali-e-durata-economicita-dei-motori-termici.jpg 1067w\" sizes=\"auto, (max-width: 300px) 100vw, 300px\" \/><\/a><\/div><h2 class=\"w-post-elm post_title usg_post_title_1 entry-title color_link_inherit\"><a href=\"https:\/\/turbomotori.com\/de\/anfangskosten-und-dauerhafte-wirtschaftlichkeit-von-warmekraftmaschinen\/\">Anschaffungskosten und Lebensdauer: die Wirtschaftlichkeit von Verbrennungsmotoren<\/a><\/h2>\t\t<\/div>\r\n\t\t\t<\/article>\r\n\t<article class=\"w-grid-item us_animate_aft size_1x1 post-52386 post type-post status-publish format-standard has-post-thumbnail hentry category-motori\" data-id=\"52386\" style=\"animation-delay:0.2s\">\r\n\t\t<div class=\"w-grid-item-h\">\r\n\t\t\t\t\t\t<div class=\"w-post-elm post_image usg_post_image_1 stretched\"><a href=\"https:\/\/turbomotori.com\/de\/autonomie-und-betankung-die-vorteile-von-warmekraftmaschinen\/\" aria-label=\"Reichweite und Betankung: die Vorteile von Verbrennungsmotoren\"><img loading=\"lazy\" decoding=\"async\" width=\"300\" height=\"200\" src=\"https:\/\/turbomotori.com\/wp-content\/uploads\/2024\/07\/Autonomia-e-rifornimento-i-vantaggi-dei-motori-termici-300x200.jpg\" class=\"attachment-medium size-medium wp-post-image\" alt=\"Reichweite und Betankung: die Vorteile von Verbrennungsmotoren\" srcset=\"https:\/\/turbomotori.com\/wp-content\/uploads\/2024\/07\/Autonomia-e-rifornimento-i-vantaggi-dei-motori-termici-300x200.jpg 300w, https:\/\/turbomotori.com\/wp-content\/uploads\/2024\/07\/Autonomia-e-rifornimento-i-vantaggi-dei-motori-termici-18x12.jpg 18w, https:\/\/turbomotori.com\/wp-content\/uploads\/2024\/07\/Autonomia-e-rifornimento-i-vantaggi-dei-motori-termici-64x43.jpg 64w, https:\/\/turbomotori.com\/wp-content\/uploads\/2024\/07\/Autonomia-e-rifornimento-i-vantaggi-dei-motori-termici.jpg 1000w\" sizes=\"auto, (max-width: 300px) 100vw, 300px\" \/><\/a><\/div><h2 class=\"w-post-elm post_title usg_post_title_1 entry-title color_link_inherit\"><a href=\"https:\/\/turbomotori.com\/de\/autonomie-und-betankung-die-vorteile-von-warmekraftmaschinen\/\">Reichweite und Betankung: die Vorteile von Verbrennungsmotoren<\/a><\/h2>\t\t<\/div>\r\n\t\t\t<\/article>\r\n<\/div><div class=\"w-grid-preloader\">\t<div class=\"g-preloader type_1\">\r\n\t\t<div><\/div>\r\n\t<\/div>\r\n\t<\/div>\t\t\t<nav class=\"pagination navigation\" role=\"navigation\">\r\n\t\t\t\t<div class=\"nav-links\">\r\n\t\t\t\t\t<span aria-label=\"Seite 1\" aria-current=\"page\" class=\"page-numbers current\" data-no-translation-aria-label=\"\"><span>1<\/span><\/span>\n<a aria-label=\"Seite 2\" class=\"page-numbers\" href=\"https:\/\/turbomotori.com\/wp-json\/wp\/v2\/pages\/158\/page\/2\/\" data-no-translation-aria-label=\"\"><span>2<\/span><\/a>\n<a aria-label=\"Seite 3\" class=\"page-numbers\" href=\"https:\/\/turbomotori.com\/wp-json\/wp\/v2\/pages\/158\/page\/3\/\" data-no-translation-aria-label=\"\"><span>3<\/span><\/a>\n<a aria-label=\"Seite 4\" class=\"page-numbers\" href=\"https:\/\/turbomotori.com\/wp-json\/wp\/v2\/pages\/158\/page\/4\/\" data-no-translation-aria-label=\"\"><span>4<\/span><\/a>\n<span class=\"page-numbers dots\">...<\/span>\n<a aria-label=\"Seite 6\" class=\"page-numbers\" href=\"https:\/\/turbomotori.com\/wp-json\/wp\/v2\/pages\/158\/page\/6\/\" data-no-translation-aria-label=\"\"><span>6<\/span><\/a>\n<a class=\"next page-numbers\" href=\"https:\/\/turbomotori.com\/wp-json\/wp\/v2\/pages\/158\/page\/2\/\"><span>Weiter<\/span><\/a>\t\t\t\t<\/div>\r\n\t\t\t<\/nav>\r\n\t\t\t\t<div class=\"w-grid-json hidden\" onclick='return {&quot;action&quot;:&quot;us_ajax_grid&quot;,&quot;infinite_scroll&quot;:0,&quot;max_num_pages&quot;:6,&quot;pagination&quot;:&quot;regular&quot;,&quot;template_vars&quot;:{&quot;columns&quot;:&quot;3&quot;,&quot;exclude_items&quot;:&quot;none&quot;,&quot;img_size&quot;:&quot;medium&quot;,&quot;ignore_items_size&quot;:0,&quot;items_layout&quot;:&quot;blog_1&quot;,&quot;items_offset&quot;:&quot;1&quot;,&quot;load_animation&quot;:&quot;aft&quot;,&quot;overriding_link&quot;:&quot;{\\&quot;url\\&quot;:\\&quot;\\&quot;}&quot;,&quot;post_id&quot;:0,&quot;query_args&quot;:{&quot;post_type&quot;:[&quot;post&quot;],&quot;post_status&quot;:[&quot;publish&quot;,&quot;acf-disabled&quot;],&quot;posts_per_page&quot;:&quot;9&quot;},&quot;orderby_query_args&quot;:{&quot;orderby&quot;:{&quot;date&quot;:&quot;DESC&quot;}},&quot;type&quot;:&quot;grid&quot;,&quot;us_grid_post_type&quot;:&quot;post&quot;,&quot;us_grid_ajax_index&quot;:1,&quot;us_grid_filter_query_string&quot;:null,&quot;us_grid_index&quot;:1,&quot;page_args&quot;:[]}}'><\/div>\r\n\t<\/div><\/div><\/div><\/div><\/div><\/section>","protected":false},"excerpt":{"rendered":"Verbrennungsmotoren, die mit Kraftstoffen wie Benzin, Diesel oder Gas betrieben werden, bieten nach wie vor erhebliche Vorteile in Bezug auf die Reichweite und die einfache Betankung gegen\u00fcber Elektromotoren. Diese Aspekte sind f\u00fcr viele Autofahrer nach wie vor von entscheidender Bedeutung, insbesondere f\u00fcr diejenigen, die lange Strecken zur\u00fccklegen oder in Gebieten mit begrenzter Ladeinfrastruktur leben. Autonomie: Ein Auto mit Verbrennungsmotor...","protected":false},"author":1,"featured_media":0,"parent":0,"menu_order":0,"comment_status":"closed","ping_status":"closed","template":"","meta":{"_acf_changed":false,"footnotes":""},"class_list":["post-158","page","type-page","status-publish","hentry"],"acf":[],"aioseo_notices":[],"_links":{"self":[{"href":"https:\/\/turbomotori.com\/de\/wp-json\/wp\/v2\/pages\/158","targetHints":{"allow":["GET"]}}],"collection":[{"href":"https:\/\/turbomotori.com\/de\/wp-json\/wp\/v2\/pages"}],"about":[{"href":"https:\/\/turbomotori.com\/de\/wp-json\/wp\/v2\/types\/page"}],"author":[{"embeddable":true,"href":"https:\/\/turbomotori.com\/de\/wp-json\/wp\/v2\/users\/1"}],"replies":[{"embeddable":true,"href":"https:\/\/turbomotori.com\/de\/wp-json\/wp\/v2\/comments?post=158"}],"version-history":[{"count":0,"href":"https:\/\/turbomotori.com\/de\/wp-json\/wp\/v2\/pages\/158\/revisions"}],"wp:attachment":[{"href":"https:\/\/turbomotori.com\/de\/wp-json\/wp\/v2\/media?parent=158"}],"curies":[{"name":"wp","href":"https:\/\/api.w.org\/{rel}","templated":true}]}}