{"id":23,"date":"2023-10-06T10:00:25","date_gmt":"2023-10-06T08:00:25","guid":{"rendered":"https:\/\/turbomotori.com\/?page_id=23"},"modified":"2024-06-06T12:23:38","modified_gmt":"2024-06-06T10:23:38","slug":"contatti","status":"publish","type":"page","link":"https:\/\/turbomotori.com\/de\/kontakte\/","title":{"rendered":"KONTAKTE"},"content":{"rendered":"<section class=\"l-section wpb_row us_custom_c6023302 height_medium\"><div class=\"l-section-h i-cf\"><div class=\"g-cols vc_row via_grid cols_1 laptops-cols_inherit tablets-cols_1 mobiles-cols_1 valign_top type_default stacking_default\" style=\"--gap:0.9rem;\"><div class=\"wpb_column vc_column_container us_custom_a5f36ddc\"><div class=\"vc_column-overlay\" style=\"background:rgba(255,255,255,0.60)\"><\/div><div class=\"vc_column-inner\"><div class=\"wpb_text_column us_custom_d2682298 has_text_color\"><div class=\"wpb_wrapper\"><p><strong>Kontakte<\/strong><\/p>\n<\/div><\/div><div class=\"wpb_text_column us_custom_eecd5a9b\"><div class=\"wpb_wrapper\"><h2 style=\"text-align: center;\">F\u00fcr weitere Informationen<\/h2>\n<\/div><\/div><div class=\"wpb_text_column us_custom_c32f7c6d\"><div class=\"wpb_wrapper\"><p style=\"text-align: center;\">Kontaktieren Sie uns f\u00fcr weitere Informationen \u00fcber unsere <strong>Produkte<\/strong> und <strong>Dienstleistungen<\/strong>.<\/p>\n<\/div><\/div><p class=\"w-text us_custom_eb849559\"><span class=\"w-text-h\"><span class=\"w-text-value\">Montag bis Freitag: 08:00 - 12:30 | 13:30 - 18:00<\/span><\/span><\/p><p class=\"w-text us_custom_1f257949\"><span class=\"w-text-h\"><span class=\"w-text-value\">Wir m\u00f6chten Sie daran erinnern, dass wir das einzige Unternehmen TurboMotori by Global SRL sind, und wir m\u00f6chten Sie ermutigen, diese einfachen Empfehlungen zu befolgen, um sicherzustellen, dass Sie immer ein authentisches Einkaufserlebnis haben: <br \/>Pr\u00fcfen Sie die offiziellen Kontakte: Verwenden Sie nur unsere unten aufgef\u00fchrten offiziellen Kontaktkan\u00e4le. <br \/>Seien Sie vorsichtig bei inoffiziellen Mitteilungen: Kontaktieren Sie uns, wenn Sie ungew\u00f6hnliche Angebote oder Anfragen erhalten.<\/span><\/span><\/p><div class=\"g-cols wpb_row via_grid cols_2 laptops-cols_2 tablets-cols_1 mobiles-cols_1 valign_top type_default stacking_default\" style=\"--gap:3rem;--laptops-gap:2.6rem;--tablets-gap:1.2rem;--mobiles-gap:0.8rem;\"><div class=\"wpb_column vc_column_container us_custom_04c40667\"><div class=\"vc_column-inner\"><div class=\"w-iconbox iconpos_left style_outlined color_primary align_none no_text no_title\"><div class=\"w-iconbox-icon\" style=\"font-size:13px;\"><i class=\"fal fa-phone\"><\/i><\/div><div class=\"w-iconbox-meta\"><\/div><\/div><h3 class=\"w-text us_custom_414b7efe\"><span class=\"w-text-h\"><span class=\"w-text-value\">Rufen Sie uns an<\/span><\/span><\/h3><div class=\"w-text us_custom_abcdf63a\"><a href=\"tel:00393925701009\" class=\"w-text-h\"><span class=\"w-text-value\">+39 392 57 01 009<\/span><\/a><\/div><div class=\"w-text us_custom_12fd3775\"><a href=\"tel:00390309050658\" class=\"w-text-h\"><span class=\"w-text-value\">+39 030 90 50 658<\/span><\/a><\/div><\/div><\/div><div class=\"wpb_column vc_column_container us_custom_de69c693\"><div class=\"vc_column-inner\"><div class=\"w-iconbox us_custom_76e681bc iconpos_left style_outlined color_primary align_none no_text no_title\"><div class=\"w-iconbox-icon\" style=\"font-size:13px;\"><i class=\"fal fa-envelope\"><\/i><\/div><div class=\"w-iconbox-meta\"><\/div><\/div><h3 class=\"w-text us_custom_de654920\"><span class=\"w-text-h\"><span class=\"w-text-value\">E-Mail an uns<\/span><\/span><\/h3><div class=\"w-text\"><a href=\"mailto:info@turbomotori.com\" class=\"w-text-h\"><span class=\"w-text-value\">info@turbomotori.com<\/span><\/a><\/div><div class=\"wpb_text_column us_custom_68f60dea\"><div class=\"wpb_wrapper\"><p>Oder <strong>f\u00fcllen<\/strong> Sie unser Kontaktformular<\/p>\n<\/div><\/div><div class=\"wpb_text_column\"><div class=\"wpb_wrapper\"><\/div><\/div><\/div><\/div><\/div><script>\nvar gform;gform||(document.addEventListener(\"gform_main_scripts_loaded\",function(){gform.scriptsLoaded=!0}),document.addEventListener(\"gform\/theme\/scripts_loaded\",function(){gform.themeScriptsLoaded=!0}),window.addEventListener(\"DOMContentLoaded\",function(){gform.domLoaded=!0}),gform={domLoaded:!1,scriptsLoaded:!1,themeScriptsLoaded:!1,isFormEditor:()=>\"function\"==typeof InitializeEditor,callIfLoaded:function(o){return!(!gform.domLoaded||!gform.scriptsLoaded||!gform.themeScriptsLoaded&&!gform.isFormEditor()||(gform.isFormEditor()&&console.warn(\"The use of gform.initializeOnLoaded() is deprecated in the form editor context and will be removed in Gravity Forms 3.1.\"),o(),0))},initializeOnLoaded:function(o){gform.callIfLoaded(o)||(document.addEventListener(\"gform_main_scripts_loaded\",()=>{gform.scriptsLoaded=!0,gform.callIfLoaded(o)}),document.addEventListener(\"gform\/theme\/scripts_loaded\",()=>{gform.themeScriptsLoaded=!0,gform.callIfLoaded(o)}),window.addEventListener(\"DOMContentLoaded\",()=>{gform.domLoaded=!0,gform.callIfLoaded(o)}))},hooks:{action:{},filter:{}},addAction:function(o,r,e,t){gform.addHook(\"action\",o,r,e,t)},addFilter:function(o,r,e,t){gform.addHook(\"filter\",o,r,e,t)},doAction:function(o){gform.doHook(\"action\",o,arguments)},applyFilters:function(o){return gform.doHook(\"filter\",o,arguments)},removeAction:function(o,r){gform.removeHook(\"action\",o,r)},removeFilter:function(o,r,e){gform.removeHook(\"filter\",o,r,e)},addHook:function(o,r,e,t,n){null==gform.hooks[o][r]&&(gform.hooks[o][r]=[]);var d=gform.hooks[o][r];null==n&&(n=r+\"_\"+d.length),gform.hooks[o][r].push({tag:n,callable:e,priority:t=null==t?10:t})},doHook:function(r,o,e){var t;if(e=Array.prototype.slice.call(e,1),null!=gform.hooks[r][o]&&((o=gform.hooks[r][o]).sort(function(o,r){return o.priority-r.priority}),o.forEach(function(o){\"function\"!=typeof(t=o.callable)&&(t=window[t]),\"action\"==r?t.apply(null,e):e[0]=t.apply(null,e)})),\"filter\"==r)return e[0]},removeHook:function(o,r,t,n){var e;null!=gform.hooks[o][r]&&(e=(e=gform.hooks[o][r]).filter(function(o,r,e){return!!(null!=n&&n!=o.tag||null!=t&&t!=o.priority)}),gform.hooks[o][r]=e)}});\n<\/script>\n\n                <div class='gf_browser_gecko gform_wrapper gravity-theme gform-theme--no-framework' data-form-theme='gravity-theme' data-form-index='0' id='gform_wrapper_3' ><div id='gf_3' class='gform_anchor' tabindex='-1'><\/div><form method='post' enctype='multipart\/form-data' target='gform_ajax_frame_3' id='gform_3'  action='\/de\/wp-json\/wp\/v2\/pages\/23#gf_3' data-formid='3' novalidate data-trp-original-action=\"\/de\/wp-json\/wp\/v2\/pages\/23#gf_3\">\n                        <div class='gform-body gform_body'><div id='gform_fields_3' class='gform_fields top_label form_sublabel_above description_above validation_below'><fieldset id=\"field_3_1\" class=\"gfield gfield--type-name gfield--input-type-name gfield--width-third gfield_contains_required field_sublabel_hidden_label gfield--no-description field_description_above field_validation_below gfield_visibility_visible\"  ><legend class='gfield_label gform-field-label gfield_label_before_complex' >Name<span class=\"gfield_required\"><span class=\"gfield_required gfield_required_text\">(erforderlich)<\/span><\/span><\/legend><div class='ginput_complex ginput_container ginput_container--name no_prefix has_first_name no_middle_name no_last_name no_suffix gf_name_has_1 ginput_container_name gform-grid-row' id='input_3_1'>\n                            \n                            <span id='input_3_1_3_container' class='name_first gform-grid-col gform-grid-col--size-auto' >\n                                                    <input type='text' name='input_1.3' id='input_3_1_3' value=''   aria-required='true'    autocomplete=\"given-name\" \/>\n                                                    <label for='input_3_1_3' class='gform-field-label gform-field-label--type-sub hidden_sub_label screen-reader-text'>Vorname<\/label>\n                                                <\/span>\n                            \n                            \n                            \n                        <\/div><\/fieldset><div id=\"field_3_3\" class=\"gfield gfield--type-textarea gfield--input-type-textarea gfield--width-two-thirds gform-field-row--span-four gfield_contains_required field_sublabel_above gfield--no-description field_description_above field_validation_below gfield_visibility_visible\"  ><label class='gfield_label gform-field-label' for='input_3_3'>Schreiben Sie Ihre Nachricht<span class=\"gfield_required\"><span class=\"gfield_required gfield_required_text\">(erforderlich)<\/span><\/span><\/label><div class='ginput_container ginput_container_textarea'><textarea name='input_3' id='input_3_3' class='textarea medium'   maxlength='600' placeholder='Schreiben Sie hier Ihre Nachricht...' aria-required=\"true\" aria-invalid=\"false\"   rows='10' cols='50'><\/textarea><\/div><\/div><div id=\"field_3_6\" class=\"gfield gfield--type-email gfield--input-type-email gfield--width-third gfield_contains_required field_sublabel_above gfield--no-description field_description_above field_validation_below gfield_visibility_visible\"  ><label class='gfield_label gform-field-label' for='input_3_6'>Email<span class=\"gfield_required\"><span class=\"gfield_required gfield_required_text\">(erforderlich)<\/span><\/span><\/label><div class='ginput_container ginput_container_email'>\n                            <input name='input_6' id='input_3_6' type='email' value='' class='large'    aria-required=\"true\" aria-invalid=\"false\"  \/>\n                        <\/div><\/div><div data-fieldid=\"6\" class=\"spacer gfield\" style=\"grid-column: span 8;\" data-groupid=\"5d351459\"><\/div><fieldset id=\"field_3_4\" class=\"gfield gfield--type-consent gfield--type-choice gfield--input-type-consent gfield--width-full gfield_contains_required field_sublabel_above gfield--no-description field_description_above field_validation_below gfield_visibility_visible\"  ><legend class='gfield_label gform-field-label gfield_label_before_complex' >Zustimmung<span class=\"gfield_required\"><span class=\"gfield_required gfield_required_text\">(erforderlich)<\/span><\/span><\/legend><div class='ginput_container ginput_container_consent'><input name='input_4.1' id='input_3_4_1' type='checkbox' value='1'   aria-required=\"true\" aria-invalid=\"false\"   \/> <label class=\"gform-field-label gform-field-label--type-inline gfield_consent_label translation-block\" for='input_3_4_1' >Ich best\u00e4tige, dass ich die <strong><a title=\"Open\" href=\"https:\/\/turbomotori.com\/en\/dichiarazione-sulla-privacy-ue\/\" target=\"_blank\">Datenschutzerkl\u00e4rung gelesen<\/a><\/strong> habe, dass ich ihre Bedingungen akzeptiere und dass ich die Verarbeitung meiner pers\u00f6nlichen Daten gem\u00e4\u00df dem Gesetz 196\/03 genehmige, um meine Anfrage zu erf\u00fcllen.<\/label><input type='hidden' name='input_4.2' value='Confermo di aver letto l&#039;&lt;strong&gt;&lt;a title=&quot;Apri&quot; href=&quot;https:\/\/turbomotori.com\/dichiarazione-sulla-privacy-ue\/&quot; target=&quot;_blank&quot;&gt;informativa sulla privacy&lt;\/a&gt;&lt;\/strong&gt;, di accettarne le condizioni e di autorizzare il trattamento dei dati personali nel rispetto della legge 196\/03 per dare seguito alla mia richiesta.' class='gform_hidden' \/><input type='hidden' name='input_4.3' value='3' class='gform_hidden' \/><\/div><\/fieldset><\/div><\/div>\n        <div class='gform-footer gform_footer top_label'> <input type='submit' id='gform_submit_button_3' class='gform_button button' onclick='gform.submission.handleButtonClick(this);' data-submission-type='submit' value='Preisanfrage abschicken'  \/> <input type='hidden' name='gform_ajax' value='form_id=3&amp;title=&amp;description=&amp;tabindex=0&amp;theme=gravity-theme&amp;styles=[]&amp;hash=90945b0bebc2bd50afc9d91474a28e04' \/>\n            <input type='hidden' class='gform_hidden' name='gform_submission_method' data-js='gform_submission_method_3' value='iframe' \/>\n            <input type='hidden' class='gform_hidden' name='gform_theme' data-js='gform_theme_3' id='gform_theme_3' value='gravity-theme' \/>\n            <input type='hidden' class='gform_hidden' name='gform_style_settings' data-js='gform_style_settings_3' id='gform_style_settings_3' value='[]' \/>\n            <input type='hidden' class='gform_hidden' name='is_submit_3' value='1' \/>\n            <input type='hidden' class='gform_hidden' name='gform_submit' value='3' \/>\n            \n            <input type='hidden' class='gform_hidden' name='gform_unique_id' value='' \/>\n            <input type='hidden' class='gform_hidden' name='state_3' value='WyJ7XCI0LjFcIjpcIjkyNmU0YzZlZDNkM2VmYThmN2E4ODNkZTVlMGRmNjU0XCIsXCI0LjJcIjpcIjk5M2NjMWJmNmYyNzY4NTBiOTZhNGY0ZDQzMDg4MWM0XCIsXCI0LjNcIjpcIjE2MWIwMjk1NWZmZjY1MmRiYWE5ZTk3MDUxOTIwZjVkXCJ9IiwiNTMwN2IzNDYwNDI5ZGQ5OTJjYjIwNDY4Y2I0NzA0NzAiXQ==' \/>\n            <input type='hidden' autocomplete='off' class='gform_hidden' name='gform_target_page_number_3' id='gform_target_page_number_3' value='0' \/>\n            <input type='hidden' autocomplete='off' class='gform_hidden' name='gform_source_page_number_3' id='gform_source_page_number_3' value='1' \/>\n            <input type='hidden' name='gform_field_values' value='' \/>\n            \n        <\/div>\n                        <p style=\"display: none !important;\" class=\"akismet-fields-container\" data-prefix=\"ak_\"><label>&#916;<textarea name=\"ak_hp_textarea\" cols=\"45\" rows=\"8\" maxlength=\"100\"><\/textarea><\/label><input type=\"hidden\" id=\"ak_js_1\" name=\"ak_js\" value=\"209\"\/><script>document.getElementById( \"ak_js_1\" ).setAttribute( \"value\", ( new Date() ).getTime() );<\/script><\/p><input type=\"hidden\" name=\"trp-form-language\" value=\"de\"\/><\/form>\n                        <\/div>\n\t\t                <iframe style='display:none;width:0px;height:0px;' src='about:blank' name='gform_ajax_frame_3' id='gform_ajax_frame_3' title='Dieser iframe enth\u00e4lt die erforderliche Logik um Gravity Forms Formulare mit AJAX zu handhaben.'><\/iframe>\n\t\t                <script>\ngform.initializeOnLoaded( function() {gformInitSpinner( 3, 'https:\/\/turbomotori.com\/wp-content\/plugins\/gravityforms\/images\/spinner.svg', true );jQuery('#gform_ajax_frame_3').on('load',function(){var contents = jQuery(this).contents().find('*').html();var is_postback = contents.indexOf('GF_AJAX_POSTBACK') >= 0;if(!is_postback){return;}var form_content = jQuery(this).contents().find('#gform_wrapper_3');var is_confirmation = jQuery(this).contents().find('#gform_confirmation_wrapper_3').length > 0;var is_redirect = contents.indexOf('gformRedirect(){') >= 0;var is_form = form_content.length > 0 && ! is_redirect && ! is_confirmation;var mt = parseInt(jQuery('html').css('margin-top'), 10) + parseInt(jQuery('body').css('margin-top'), 10) + 100;if(is_form){jQuery('#gform_wrapper_3').html(form_content.html());if(form_content.hasClass('gform_validation_error')){jQuery('#gform_wrapper_3').addClass('gform_validation_error');} else {jQuery('#gform_wrapper_3').removeClass('gform_validation_error');}setTimeout( function() { \/* delay the scroll by 50 milliseconds to fix a bug in chrome *\/ jQuery(document).scrollTop(jQuery('#gform_wrapper_3').offset().top - mt); }, 50 );if(window['gformInitDatepicker']) {gformInitDatepicker();}if(window['gformInitPriceFields']) {gformInitPriceFields();}var current_page = jQuery('#gform_source_page_number_3').val();gformInitSpinner( 3, 'https:\/\/turbomotori.com\/wp-content\/plugins\/gravityforms\/images\/spinner.svg', true );jQuery(document).trigger('gform_page_loaded', [3, current_page]);window['gf_submitting_3'] = false;}else if(!is_redirect){var confirmation_content = jQuery(this).contents().find('.GF_AJAX_POSTBACK').html();if(!confirmation_content){confirmation_content = contents;}jQuery('#gform_wrapper_3').replaceWith(confirmation_content);jQuery(document).scrollTop(jQuery('#gf_3').offset().top - mt);jQuery(document).trigger('gform_confirmation_loaded', [3]);window['gf_submitting_3'] = false;wp.a11y.speak(jQuery('#gform_confirmation_message_3').text());}else{jQuery('#gform_3').append(contents);if(window['gformRedirect']) {gformRedirect();}}jQuery(document).trigger(\"gform_pre_post_render\", [{ formId: \"3\", currentPage: \"current_page\", abort: function() { this.preventDefault(); } }]);        if (event && event.defaultPrevented) {                return;        }        const gformWrapperDiv = document.getElementById( \"gform_wrapper_3\" );        if ( gformWrapperDiv ) {            const visibilitySpan = document.createElement( \"span\" );            visibilitySpan.id = \"gform_visibility_test_3\";            gformWrapperDiv.insertAdjacentElement( \"afterend\", visibilitySpan );        }        const visibilityTestDiv = document.getElementById( \"gform_visibility_test_3\" );        let postRenderFired = false;        function triggerPostRender() {            if ( postRenderFired ) {                return;            }            postRenderFired = true;            gform.core.triggerPostRenderEvents( 3, current_page );            if ( visibilityTestDiv ) {                visibilityTestDiv.parentNode.removeChild( visibilityTestDiv );            }        }        function debounce( func, wait, immediate ) {            var timeout;            return function() {                var context = this, args = arguments;                var later = function() {                    timeout = null;                    if ( !immediate ) func.apply( context, args );                };                var callNow = immediate && !timeout;                clearTimeout( timeout );                timeout = setTimeout( later, wait );                if ( callNow ) func.apply( context, args );            };        }        const debouncedTriggerPostRender = debounce( function() {            triggerPostRender();        }, 200 );        if ( visibilityTestDiv && visibilityTestDiv.offsetParent === null ) {            const observer = new MutationObserver( ( mutations ) => {                mutations.forEach( ( mutation ) => {                    if ( mutation.type === 'attributes' && visibilityTestDiv.offsetParent !== null ) {                        debouncedTriggerPostRender();                        observer.disconnect();                    }                });            });            observer.observe( document.body, {                attributes: true,                childList: false,                subtree: true,                attributeFilter: [ 'style', 'class' ],            });        } else {            triggerPostRender();        }    } );} );\n<\/script>\n<\/div><\/div><\/div><\/div><\/section><section class=\"l-section wpb_row height_auto width_full\"><div class=\"l-section-h i-cf\"><div class=\"g-cols vc_row via_grid cols_1 laptops-cols_inherit tablets-cols_inherit mobiles-cols_1 valign_top type_default stacking_default\"><div class=\"wpb_column vc_column_container\"><div class=\"vc_column-inner\"><div class=\"w-html\"><iframe src=\"https:\/\/www.google.com\/maps\/embed?pb=!1m18!1m12!1m3!1d589.3048027103679!2d10.160707436463358!3d45.36451796009516!2m3!1f0!2f0!3f0!3m2!1i1024!2i768!4f13.1!3m3!1m2!1s0x478109c0a0438127%3A0xfcdc12695f28f23d!2sTurboMotori%20by%20Global%20srl!5e0!3m2!1sit!2sit!4v1696603173817!5m2!1sit!2sit\" width=\"100%\" height=\"450px\" style=\"border:0;\" allowfullscreen=\"\" loading=\"lazy\" referrerpolicy=\"no-referrer-when-downgrade\"><\/iframe><\/div><\/div><\/div><\/div><\/div><\/section>","protected":false},"excerpt":{"rendered":"Kontaktieren Sie uns f\u00fcr weitere Informationen Kontaktieren Sie uns f\u00fcr alle Informationen \u00fcber unsere Produkte und Dienstleistungen. Montag bis Freitag: 08:00 - 12:30 | 13:30 - 18:00Wir m\u00f6chten Sie daran erinnern, dass wir die einzige TurboMotori by Global SRL sind und wir laden Sie ein, diese einfachen Empfehlungen zu befolgen, um sicherzustellen, dass Sie immer ein authentisches Einkaufserlebnis haben: Pr\u00fcfen Sie den Kontakt...","protected":false},"author":1,"featured_media":0,"parent":0,"menu_order":0,"comment_status":"closed","ping_status":"closed","template":"","meta":{"_acf_changed":false,"footnotes":""},"class_list":["post-23","page","type-page","status-publish","hentry"],"acf":[],"aioseo_notices":[],"_links":{"self":[{"href":"https:\/\/turbomotori.com\/de\/wp-json\/wp\/v2\/pages\/23","targetHints":{"allow":["GET"]}}],"collection":[{"href":"https:\/\/turbomotori.com\/de\/wp-json\/wp\/v2\/pages"}],"about":[{"href":"https:\/\/turbomotori.com\/de\/wp-json\/wp\/v2\/types\/page"}],"author":[{"embeddable":true,"href":"https:\/\/turbomotori.com\/de\/wp-json\/wp\/v2\/users\/1"}],"replies":[{"embeddable":true,"href":"https:\/\/turbomotori.com\/de\/wp-json\/wp\/v2\/comments?post=23"}],"version-history":[{"count":0,"href":"https:\/\/turbomotori.com\/de\/wp-json\/wp\/v2\/pages\/23\/revisions"}],"wp:attachment":[{"href":"https:\/\/turbomotori.com\/de\/wp-json\/wp\/v2\/media?parent=23"}],"curies":[{"name":"wp","href":"https:\/\/api.w.org\/{rel}","templated":true}]}}