{"id":50368,"date":"2024-03-25T17:41:35","date_gmt":"2024-03-25T16:41:35","guid":{"rendered":"https:\/\/turbomotori.com\/cookie-policy-ue\/"},"modified":"2024-03-25T17:53:43","modified_gmt":"2024-03-25T16:53:43","slug":"dichiarazione-sulla-privacy-ue","status":"publish","type":"page","link":"https:\/\/turbomotori.com\/de\/eu-datenschutzerklarung\/","title":{"rendered":"Erkl\u00e4rung zum Datenschutz (EU)"},"content":{"rendered":"<section class=\"l-section wpb_row height_medium\"><div class=\"l-section-h i-cf\"><div class=\"g-cols vc_row via_grid cols_1 laptops-cols_inherit tablets-cols_inherit mobiles-cols_1 valign_top type_default stacking_default\"><div class=\"wpb_column vc_column_container\"><div class=\"vc_column-inner\"><h3 class=\"w-post-elm post_title entry-title color_link_inherit\">Erkl\u00e4rung zum Datenschutz (EU)<\/h3><div class=\"wpb_text_column\"><div class=\"wpb_wrapper\">\n<!-- Legal document generated by Complianz | GDPR\/CCPA Cookie Consent https:\/\/wordpress.org\/plugins\/complianz-gdpr -->\n<div id=\"cmplz-document\" class=\"cmplz-document privacy-statement cmplz-document-eu\"><p><i>Diese Datenschutzerkl\u00e4rung wurde zuletzt am 6. August 2024 aktualisiert und gilt f\u00fcr B\u00fcrger und Personen mit st\u00e4ndigem Wohnsitz im Europ\u00e4ischen Wirtschaftsraum und der Schweiz.<\/i><br \/><br \/><\/p><p><p>In dieser Datenschutzerkl\u00e4rung erkl\u00e4ren wir, was wir mit den Daten, die wir \u00fcber dich via <a href=\"https:\/\/turbomotori.com\/de\">https:\/\/turbomotori.com\/de<\/a> gesammelt haben, tun. Wir empfehlen Ihnen, dieses Dokument sorgf\u00e4ltig zu lesen. W\u00e4hrend unserer Verarbeitung entsprechen wir den gesetzlichen Anforderungen. Dies bedeutet unter anderem:<\/p><ul>\n                <li>Wir geben klar die Zwecke f\u00fcr die wir pers\u00f6nliche Daten verarbeiten, an. Dies geschieht durch diese Datenschutzerkl\u00e4rung.<\/li>\n                <li>Wir zielen darauf ab, unsere Sammlung von pers\u00f6nlichen Daten auf jene pers\u00f6nlichen Daten zu beschr\u00e4nken, die aus legitimen Gr\u00fcnden ben\u00f6tigt werden.<\/li>\n                <li>Wir werden zun\u00e4chst dein explizites Einverst\u00e4ndnis einholen, wenn dies notwendig sein sollte, um deine pers\u00f6nlichen Daten zu verarbeiten.<\/li>\n                <li>Wir unternehmen angemessene Sicherheitsma\u00dfnahmen um deine pers\u00f6nlichen Daten zu sch\u00fctzen und verlangen dies ebenso von Parteien, die pers\u00f6nliche Daten in unserem Auftrag verarbeiten.<\/li>\n                <li>Wir respektieren Ihr Recht auf Einsichtnahme, Berichtigung oder L\u00f6schung Ihrer personenbezogenen Daten.<\/li>\n            <\/ul><p>Wenn du Fragen hast oder wissen m\u00f6chtest, welche pers\u00f6nlichen Daten wir \u00fcber dich haben, kontaktiere uns bitte.<\/p><\/p><h2>1. Weitergabe an andere Parteien<\/h2><p>Wir geben diese Daten nur zu folgenden Zwecken an Verarbeiter weiter:<\/p><p class=\"cmplz-subtitle\">Verarbeiter<\/p><p><b>Name:<\/b>&nbsp;Google Irland Limited<br \/>\n            <b>Land:<\/b>&nbsp;Irland<br \/>\n            <b>Zweck:<\/b>&nbsp;Statistische Analyse<br \/>\n            <b>Name:<\/b>&nbsp;Siteground LTD<br \/>\n            <b>Land:<\/b>&nbsp;Die Niederlande<br \/>\n            <b>Zweck:<\/b>&nbsp;Hosting<br \/>\n            <b>Name:<\/b>&nbsp;Yandex<br \/>\n            <b>Land:<\/b>&nbsp;Russland<br \/>\n            <b>Zweck:<\/b>&nbsp;Statistische Analyse<br \/>\n            <\/p><h2>2. Cookies<\/h2><p>Unsere Website verwendet Cookies. F\u00fcr mehr Informationen \u00fcber Cookies schaue bitte unter unseren <a href=\"https:\/\/turbomotori.com\/de\/cookie-richtlinie-eu\/\">Cookie-Richtlinien<\/a> nach.&nbsp;<\/p><h2>3. Offenlegungspraktiken<\/h2><p><p>Wir legen personenbezogene Daten offen, wenn wir gesetzlich oder per Gerichtsbeschluss dazu verpflichtet sind, z. B. auf Anforderung einer Strafverfolgungsbeh\u00f6rde, soweit dies im Rahmen der gesetzlichen Bestimmungen zul\u00e4ssig ist, um Ausk\u00fcnfte zu erteilen, oder f\u00fcr eine Untersuchung in einer Angelegenheit, die die \u00f6ffentliche Sicherheit betrifft.<\/p><p>Wenn unsere Website oder unser Unternehmen im Rahmen einer Fusion oder \u00dcbernahme \u00fcbernommen oder verkauft wird, k\u00f6nnen deine Daten unseren Beratern und potenziellen K\u00e4ufern offengelegt und an die neuen Eigent\u00fcmer \u00fcbermittelt werden.<\/p><\/p><p>Wir verf\u00fcgen \u00fcber eine Datenverarbeitungsvereinbarung mit Google.<\/p><p>Google darf die Daten nicht f\u00fcr andere Google-Dienste verwenden.<\/p><p>Die Einbeziehung der vollst\u00e4ndigen IP-Adresse ist von uns blockiert.<\/p><h2>4. Sicherheit<\/h2><p>Wir sind der Sicherheit pers\u00f6nlicher Daten verpflichtet. Wir unternehmen angemessene Sicherheitsma\u00dfnahmen um Missbrauch von und unauthorisierten Zugriff auf pers\u00f6nliche Daten zu begrenzen. Dies stellt sicher, dass nur notwendige Personen Zugriff auf Ihre Daten erhalten, dieser Zugriff gesch\u00fctzt ist und dass unsere Sicherheitsma\u00dfnahmen regelm\u00e4\u00dfig gepr\u00fcft werden.<\/p><h2>5. Websites von Drittanbietern<\/h2><p>Diese Datenschutzerkl\u00e4rung gilt nicht f\u00fcr Websites von Drittparteien, die durch Links auf unserer Website verbunden sind. Wir k\u00f6nnen nicht garantieren, dass diese Drittanbieter Ihre pers\u00f6nlichen Daten in verl\u00e4sslicher oder sicherer Weise behandeln. Wir empfehlen dir die Datenschutzerkl\u00e4rungen dieser Websites vor deren Nutzung zu lesen.<\/p><h2>6. Erg\u00e4nzungen zu dieser Datenschutzerkl\u00e4rung<\/h2><p>Wir behalten uns das Recht vor, \u00c4nderungen an dieser Datenschutzerkl\u00e4rung vorzunehmen. Es wird empfohlen, diese Datenschutzerkl\u00e4rung regelm\u00e4\u00dfig zu lesen, um sich \u00fcber \u00c4nderungen zu informieren. Dar\u00fcber hinaus informieren wir Sie wo immer m\u00f6glich.<\/p><h2>7. Zugriff und Bearbeitung deiner Daten<\/h2><p>Wenn du Fragen hast oder wissen m\u00f6chtest, welche pers\u00f6nlichen Daten wir \u00fcber dich haben, kontaktiere uns bitte. Du kannst uns mittels der unten stehenden Informationen erreichen. Du hast die folgenden Rechte:<\/p><ul>\n                <li>Du hast das Recht zu wissen, warum deine pers\u00f6nlichen Daten gebraucht werden, was mit ihnen passiert und wie lange diese verwahrt werden.<\/li>\n                <li>Zugriffsrecht: Du hast das Recht deine uns bekannten pers\u00f6nlichen Daten einzusehen.<\/li>\n                <li>Recht auf Berichtigung: Du hast das Recht wann immer du w\u00fcnscht, deine pers\u00f6nlichen Daten zu erg\u00e4nzen, zu korrigieren sowie gel\u00f6scht oder blockiert zu bekommen.<\/li>\n                <li>Wenn du uns dein Einverst\u00e4ndnis zur Verarbeitung deiner Daten gegeben hast, hast du das Recht dieses Einverst\u00e4ndnis zu widerrufen und deine pers\u00f6nlichen Daten l\u00f6schen zu lassen.<\/li>\n                <li>Recht auf Datentransfer deiner Daten: Du hast das Recht, alle deine pers\u00f6nlichen Daten von einem Verantwortlichen anzufordern und in ihrer Gesamtheit zu einem anderen Verantwortlichen zu transferieren.<\/li>\n                <li>Widerspruchsrecht: Du kannst der Verarbeitung deiner Daten widersprechen. Wir entsprechen dem, es sei denn, es gibt berechtigte Gr\u00fcnde f\u00fcr die Verarbeitung.<\/li>\n            <\/ul><p>Bitte stelle sicher, dass du immer klar siehst, wer du bist, sodass wir sicher sein k\u00f6nnen, nicht die Daten der falschen Person zu bearbeiten oder zu l\u00f6schen.<\/p><h2>8. Eine Beschwerde \u00fcbermitteln<\/h2><p>Wenn du nicht zufrieden mit der Art und Weise bist, in der wir (deine Beschwerde) die Verarbeitung deiner pers\u00f6nlichen Daten handhaben, hast du das Recht eine Beschwerde an die Datenschutzbeh\u00f6rde zu richten.<\/p><h2>9. Kontaktdaten<\/h2><p>Alfiya Iliyasova - GLOBAL S.R.L.<br \/>\n        VIA DONATORI DI SANGUE, 48<br \/>\n25020 SAN PAOLO (BS)<br \/>\n        Italien<br \/>\n        Website: <a href=\"https:\/\/turbomotori.com\/de\">https:\/\/turbomotori.com\/de<\/a> <br \/>\n        E-Mail: <span class=\"cmplz-obfuscate\">info@<span class=\"cmplz-fmail-domain\">ex.com<\/span>t&#117;&#114;&#098;&#111;&#109;&#111;t&#111;ri.&#099;om<\/span> <br \/>\n        Telefonnummer: +39 030 9050658<\/p><h2>10. Datenanfrage<\/h2><p>F\u00fcr die am h\u00e4ufigsten gestellten Anfragen bieten wir auch die M\u00f6glichkeit, unser Datenanfrageformular zu nutzen<br \/>\t\t\t<div class=\"cmplz-datarequest cmplz-alert\">\n\t\t\t\t<span class=\"cmplz-close\">\u00d7<\/span>\n\t\t\t\t<span id=\"cmplz-message\"><\/span>\n\t\t\t<\/div>\n\t\t\t<form id=\"cmplz-datarequest-form\" action=\"\">\n\t\t\t\t<input type=\"hidden\" required value=\"eu\" name=\"cmplz_datarequest_region\" id=\"cmplz_datarequest_region\">\n\n\t\t\t\t<label for=\"cmplz_datarequest_firstname\" class=\"cmplz-first-name\">Name\t\t\t\t\t<input type=\"search\" class=\"datarequest-firstname\" value=\"\" placeholder=\"Ihr Vorname\" id=\"cmplz_datarequest_firstname\" name=\"cmplz_datarequest_firstname\">\n\t\t\t\t<\/label>\n\t\t\t\t<div>\n\t\t\t\t\t<label for=\"cmplz_datarequest_name\">Name<\/label>\n\t\t\t\t\t<input type=\"text\" required value=\"\" placeholder=\"Dein Name\" id=\"cmplz_datarequest_name\" name=\"cmplz_datarequest_name\">\n\t\t\t\t<\/div>\n\t\t\t\t<div>\n\t\t\t\t\t<label for=\"cmplz_datarequest_email\">E-Mail<\/label>\n\t\t\t\t\t<input type=\"email\" required value=\"\" placeholder=\"email@email.com\" id=\"cmplz_datarequest_email\" name=\"cmplz_datarequest_email\">\n\t\t\t\t<\/div>\n\t\t\t\t\t\t\t\t\t\t<div class=\"cmplz_datarequest cmplz_datarequest_request_for_access\">\n\t\t\t\t\t\t\t<label for=\"cmplz_datarequest_request_for_access\">\n\t\t\t\t\t\t\t\t<input type=\"checkbox\" value=\"1\" name=\"cmplz_datarequest_request_for_access\" id=\"cmplz_datarequest_request_for_access\" \/>\n\t\t\t\t\t\t\t\tStellen Sie einen Antrag auf Zugang zu den Daten, die wir \u00fcber Sie verarbeiten.\t\t\t\t\t\t\t<\/label>\n\t\t\t\t\t\t<\/div>\n\t\t\t\t\t\t\t\t\t\t<div class=\"cmplz_datarequest cmplz_datarequest_right_to_be_forgotten\">\n\t\t\t\t\t\t\t<label for=\"cmplz_datarequest_right_to_be_forgotten\">\n\t\t\t\t\t\t\t\t<input type=\"checkbox\" value=\"1\" name=\"cmplz_datarequest_right_to_be_forgotten\" id=\"cmplz_datarequest_right_to_be_forgotten\" \/>\n\t\t\t\t\t\t\t\tStellen Sie einen Antrag auf L\u00f6schung der Daten, wenn sie nicht mehr relevant sind.\t\t\t\t\t\t\t<\/label>\n\t\t\t\t\t\t<\/div>\n\t\t\t\t\t\t\t\t\t\t<div class=\"cmplz_datarequest cmplz_datarequest_right_to_data_portability\">\n\t\t\t\t\t\t\t<label for=\"cmplz_datarequest_right_to_data_portability\">\n\t\t\t\t\t\t\t\t<input type=\"checkbox\" value=\"1\" name=\"cmplz_datarequest_right_to_data_portability\" id=\"cmplz_datarequest_right_to_data_portability\" \/>\n\t\t\t\t\t\t\t\tStellen Sie einen Antrag auf eine Exportdatei der Daten, die wir \u00fcber Sie verarbeiten.\t\t\t\t\t\t\t<\/label>\n\t\t\t\t\t\t<\/div>\n\t\t\t\t\t\t\t\t<input type=\"button\" id=\"cmplz-datarequest-submit\" value=\"Senden\">\n\t\t\t<input type=\"hidden\" name=\"trp-form-language\" value=\"de\"\/><\/form>\n\n\t\t\t<style>\n\t\t\t\t\/* first-name is honeypot *\/\n\t\t\t\t.cmplz-first-name {\n\t\t\t\t\tposition: absolute !important;\n\t\t\t\t\tleft: -5000px !important;\n\t\t\t\t}\n\t\t\t<\/style>\n\t\t\t<\/p><h2>Anhang<\/h2><p><h2><strong>Hosting und Backend-Infrastruktur<\/strong><\/h2><p>Diese Arten von Diensten haben die Funktion, Daten und Dateien zu hosten, die das Funktionieren dieser Anwendung erm\u00f6glichen, ihre Verbreitung erm\u00f6glichen und eine gebrauchsfertige Infrastruktur f\u00fcr die Bereitstellung bestimmter Funktionen dieser Anwendung bereitstellen.<\/p><p>Einige der nachstehend aufgef\u00fchrten Dienste k\u00f6nnen auf geografisch verstreuten Servern betrieben werden, so dass es schwierig ist, den tats\u00e4chlichen Ort zu bestimmen, an dem personenbezogene Daten gespeichert sind.<\/p><h4><strong>SiteGround Hosting (SiteGround Hosting Ltd.)<\/strong><\/h4><p>SiteGround Hosting ist ein Hosting-Service, der von SiteGround Hosting Ltd. angeboten wird.<\/p><p>Verarbeitete personenbezogene Daten: Nutzungsdaten; Tracking-Tools; verschiedene Arten von Daten, wie in der Datenschutzrichtlinie des Dienstes angegeben.<\/p><p>Ort der Verarbeitung: Die Niederlande - <a href=\"https:\/\/www.siteground.com\/privacy.htm\">Datenschutzbestimmungen<\/a>.<\/p><h2><strong>Schutz vor Spam und Bots<\/strong><\/h2><p>Diese Art von Dienst analysiert den Datenverkehr dieser Anwendung, der m\u00f6glicherweise personenbezogene Daten der Nutzer enth\u00e4lt, um unerw\u00fcnschten Datenverkehr, als SPAM erkannte Nachrichten und Inhalte herauszufiltern oder die Anwendung vor b\u00f6sartigen Bot-Aktivit\u00e4ten zu sch\u00fctzen.<\/p><h4><strong>Cloudflare Bot Management (Cloudflare Inc.)<\/strong><\/h4><p>Cloudflare Bot Management ist ein von Cloudflare Inc. angebotener Dienst zum Schutz vor b\u00f6sartigen Bots und deren Verwaltung.<\/p><p>Verarbeitete personenbezogene Daten: Anwendungs\u00f6ffnung; Gro\u00dfraum; Postleitzahl; Stadt; Klick; Suchverlauf; Browserverlauf; Nutzungsdaten; Videoansichtsdaten; Sitzungsdauer; Interaktionsereignisse; Seitenereignisse; Tastendruckereignisse; benutzerdefinierte Ereignisse; Bewegungssensorereignisse; Ber\u00fchrungsereignisse; Browserinformationen; Ger\u00e4teinformationen; App-Informationen; Interaktionen beim Seitenscrollen; IP-Adresse; Starts; Breitengrad (der Stadt); Sprache; Ger\u00e4teprotokoll; L\u00e4ngengrad (der Stadt); Mausbewegungen; Land; Anzahl der Sitzungen; Seitenaufrufe; Standort relativ zum Scrollen; Provinz; geografische Region; Betriebssysteme; Sitzungsstatistiken; Status; Tracking Tools.<\/p><p>Ort der Verarbeitung: Vereinigte Staaten - <a href=\"https:\/\/www.cloudflare.com\/privacypolicy\/\">Datenschutzbestimmungen<\/a>.<\/p><h2>Compliance<\/h2><p>Diese Website verwendet die Privacy Suite f\u00fcr WordPress von Complianz, um Einwilligungsdaten zu sammeln. F\u00fcr diese Funktion wird Ihre IP-Adresse anonymisiert und in unserer Datenbank gespeichert. Weitere Informationen finden Sie in der <a href=\"https:\/\/complianz.io\/privacy-statement\/\">Erkl\u00e4rung zum Datenschutz<\/a> von Complianz.<\/p><h2>Akismet<\/h2><p>Wir sammeln Informationen \u00fcber Besucher, die auf Websites kommentieren, die unseren Akismet-Antispamdienst nutzen. Die Informationen, die wir sammeln, h\u00e4ngen davon ab, wie Sie Akismet f\u00fcr die Website konfigurieren, umfassen aber in der Regel die IP-Adresse, den User-Agent, den Referrer und die URL der Website des Kommentators (zusammen mit anderen Informationen, die direkt vom Kommentator bereitgestellt werden, wie Name, Benutzername, E-Mail-Adresse und der Kommentar selbst).<\/p><p>&nbsp;<\/p><\/p><\/div>\n<\/div><\/div><\/div><\/div><\/div><\/div><\/section>","protected":false},"excerpt":{"rendered":"Privacy Statement (EU) Diese Datenschutzerkl\u00e4rung wurde zuletzt am 6. August 2024 aktualisiert und gilt f\u00fcr B\u00fcrger und Personen mit st\u00e4ndigem Wohnsitz im Europ\u00e4ischen Wirtschaftsraum und der Schweiz.In dieser Datenschutzerkl\u00e4rung erkl\u00e4ren wir, was wir mit den Daten, die wir \u00fcber dich via https:\/\/turbomotori.com\/de gesammelt haben, tun. Wir empfehlen Ihnen, dieses Dokument sorgf\u00e4ltig zu lesen. W\u00e4hrend...","protected":false},"author":1,"featured_media":0,"parent":0,"menu_order":0,"comment_status":"closed","ping_status":"closed","template":"","meta":{"_acf_changed":false,"footnotes":""},"class_list":["post-50368","page","type-page","status-publish","hentry"],"acf":[],"aioseo_notices":[],"_links":{"self":[{"href":"https:\/\/turbomotori.com\/de\/wp-json\/wp\/v2\/pages\/50368","targetHints":{"allow":["GET"]}}],"collection":[{"href":"https:\/\/turbomotori.com\/de\/wp-json\/wp\/v2\/pages"}],"about":[{"href":"https:\/\/turbomotori.com\/de\/wp-json\/wp\/v2\/types\/page"}],"author":[{"embeddable":true,"href":"https:\/\/turbomotori.com\/de\/wp-json\/wp\/v2\/users\/1"}],"replies":[{"embeddable":true,"href":"https:\/\/turbomotori.com\/de\/wp-json\/wp\/v2\/comments?post=50368"}],"version-history":[{"count":0,"href":"https:\/\/turbomotori.com\/de\/wp-json\/wp\/v2\/pages\/50368\/revisions"}],"wp:attachment":[{"href":"https:\/\/turbomotori.com\/de\/wp-json\/wp\/v2\/media?parent=50368"}],"curies":[{"name":"wp","href":"https:\/\/api.w.org\/{rel}","templated":true}]}}