{"id":6096,"date":"2021-06-15T11:25:05","date_gmt":"2021-06-15T09:25:05","guid":{"rendered":"https:\/\/turbomotori.com\/?page_id=6096"},"modified":"2023-05-02T09:49:02","modified_gmt":"2023-05-02T07:49:02","slug":"informazioni-aggiuntive","status":"publish","type":"page","link":"https:\/\/turbomotori.com\/de\/weitere-informationen\/","title":{"rendered":"Zus\u00e4tzliche Informationen"},"content":{"rendered":"<h1>\n\t\tZus\u00e4tzliche Informationen \n\t<\/h1>\n\t<ul>\n<li>TURBO NEU UND \u00dcBERHOLT ERH\u00c4LTLICH<\/li>\n<li>Sofortige Verf\u00fcgbarkeit<\/li>\n<li>Neue und \u00fcberholte Turbos: 12 MONATE GARANTIE<\/li>\n<li>Der gebrauchte Turbo unterliegt nicht der Garantie<\/li>\n<li>Lieferung in ganz Italien innerhalb von 24\/48 Stunden<\/li>\n<li>Kurier benutzt GLS<\/li>\n<li>Dichtungssatz verf\u00fcgbar \u20ac19,00<\/li>\n<li>Transportkosten \u20ac30,00<\/li>\n<li>Die angegebenen Preise enthalten die Mehrwertsteuer<\/li>\n<li>DAS PRODUKT SIEHT DIE GLEICHZEITIGE R\u00dcCKGABE DER R\u00dcCKSENDUNG VOR.<\/li>\n<li>BITTE BEACHTEN SIE, DASS F\u00dcR EINIGE TURBINEN EINE KAUTION VON 100,00 \u20ac VERLANGT WIRD, DIE NACH \u00dcBERPR\u00dcFUNG DER UNVERSEHRTHEIT DER ZUR\u00dcCKGESANDTEN WARE ZUR\u00dcCKERSTATTET WIRD.<\/li>\n<li>Der Betrag wird bei der Bestellung bekannt gegeben.<\/li>\n<\/ul>\n\t<p>Bei Lieferung des \u00fcberholten oder neuen Turboladers muss der Kunde den defekten Turbolader ohne zus\u00e4tzliche Kosten an den Spediteur zur\u00fccksenden.&nbsp;<\/p>\n<p>Der zur\u00fcckgegebene oder zur \u00dcberholung \u00fcbergebene Turbo muss in den folgenden Teilen intakt sein:<\/p>\n<ul>\n<li>Ansaugmutter&nbsp;<\/li>\n<li>Auspuffmutter&nbsp;<\/li>\n<li>Elektronischer Stellantrieb&nbsp;<\/li>\n<\/ul>\n<p>Sollte der Turbo an den oben genannten Teilen irreparable Sch\u00e4den erleiden, werden zus\u00e4tzliche Kosten mitgeteilt.<\/p>\n<p>Der Turbo muss abholbereit sein, um dem zust\u00e4ndigen Kurierdienst verpackt und gut gesch\u00fctzt in einem Karton \u00fcbergeben zu werden, der f\u00fcr den Transport geeignet ist, ohne dass die Gefahr eines zuf\u00e4lligen Bruchs besteht.&nbsp;<\/p>\n<p>Etwaige Sch\u00e4den, die durch den Transport per Kurierdienst entstehen, sind nicht der GLOBAL S.r.l. anzulasten.<\/p>\n\t<p><strong>BREITE VERF\u00dcGBARKEIT VON NEUEN UND \u00dcBERHOLTEN TURBINEN ZUR SOFORTIGEN LIEFERUNG.<\/strong><\/p>\n<p>Unser Unternehmen ist ein f\u00fchrendes Unternehmen im Bereich der Autoturbos und hat sich auf den Vertrieb und Online-Verkauf von neuen und \u00fcberholten Turbos, Kernbaugruppen, elektrischen Aktuatoren, Wastegate-Ventilen, Turbokomponenten, Motoren und Motorteilen, Getrieben und Ersatzteilen spezialisiert&nbsp;<\/p>\n<p>F\u00fcr weitere Informationen wenden Sie sich bitte an unsere Verkaufsabteilung unter den folgenden Nummern.<\/p>","protected":false},"excerpt":{"rendered":"Informazioni aggiuntive TURBO DISPONIBILE NUOVO E RIGENERATO Disponibilit\u00e0 immediata Turbo nuovo e revisionato: GARANZIA 12 MESI Il turbo usato non \u00e8 coperto da garanzia Consegna in tutta Italia in 24\/48 ore Corriere utilizzato GLS Disponibile kit guarnizioni \u20ac19,00 Spese di trasporto \u20ac30,00 I prezzi esposti sono IVA inclusa IL PRODOTTO PREVEDE LA RESTITUZIONE CONTESTUALE DEL...","protected":false},"author":1,"featured_media":0,"parent":0,"menu_order":0,"comment_status":"closed","ping_status":"closed","template":"","meta":{"_acf_changed":false,"footnotes":""},"class_list":["post-6096","page","type-page","status-publish","hentry"],"acf":[],"aioseo_notices":[],"_links":{"self":[{"href":"https:\/\/turbomotori.com\/de\/wp-json\/wp\/v2\/pages\/6096","targetHints":{"allow":["GET"]}}],"collection":[{"href":"https:\/\/turbomotori.com\/de\/wp-json\/wp\/v2\/pages"}],"about":[{"href":"https:\/\/turbomotori.com\/de\/wp-json\/wp\/v2\/types\/page"}],"author":[{"embeddable":true,"href":"https:\/\/turbomotori.com\/de\/wp-json\/wp\/v2\/users\/1"}],"replies":[{"embeddable":true,"href":"https:\/\/turbomotori.com\/de\/wp-json\/wp\/v2\/comments?post=6096"}],"version-history":[{"count":0,"href":"https:\/\/turbomotori.com\/de\/wp-json\/wp\/v2\/pages\/6096\/revisions"}],"wp:attachment":[{"href":"https:\/\/turbomotori.com\/de\/wp-json\/wp\/v2\/media?parent=6096"}],"curies":[{"name":"wp","href":"https:\/\/api.w.org\/{rel}","templated":true}]}}