{"id":1159,"date":"2017-11-23T09:24:34","date_gmt":"2017-11-23T09:24:34","guid":{"rendered":"https:\/\/turbomotori.com\/?post_type=product&#038;p=1159"},"modified":"2023-08-30T16:28:33","modified_gmt":"2023-08-30T14:28:33","slug":"motore-revisionato-a-nuovo-opel-codice-a12xer","status":"publish","type":"product","link":"https:\/\/turbomotori.com\/de\/produkt\/motor-generaluberholt-fur-neuen-opel-code-a12xer\/","title":{"rendered":"General\u00fcberholter Motor A12XER f\u00fcr Opel, Chevrolet 1.2B"},"content":{"rendered":"<p><strong>Motor general\u00fcberholt\u00a0<\/strong><\/p>\n<p>Anbringen <strong>Opel<\/strong> und <strong>Chevrolet<\/strong><\/p>\n<p><strong>Halbfertige<\/strong> bestehend aus <strong>Tasse<\/strong>, <strong>Block<\/strong>, <strong>Kopf<\/strong> und <strong>Vertrieb<\/strong><\/p>\n<p>Jahr 2009-2015<\/p>\n<p>Verdr\u00e4ngung <strong>1.2 b<\/strong><\/p>\n<p>Motorcode <strong>a12xer<\/strong><\/p>\n<p>&#8211; <strong>GARANTIE 12 Monate<\/strong><\/p>\n<p>&#8211;<strong> Sofortige Verf\u00fcgbarkeit<\/strong>.<\/p>\n<p>- Lieferung in ganz Italien innerhalb von 24\/48 Stunden<\/p>\n<p>- Kurier benutzt GLS<\/p>\n<p>-Geben Sie f\u00fcr ein Angebot die folgenden Fahrzeugdaten an:<\/p>\n<ul>\n<li><strong>Jahr\u00a0<\/strong><\/li>\n<li><strong>Modell<\/strong><\/li>\n<li><strong>Motorcode<\/strong><\/li>\n<li><strong>Strom\u00a0<\/strong><\/li>\n<\/ul>\n<p>Die Daten finden Sie in der Betriebsanleitung Ihres Fahrzeugs<\/p>\n<p>F\u00fcr weitere Informationen steht Ihnen unsere Verkaufsabteilung unter den folgenden Nummern zur Verf\u00fcgung: 0309050658 WhatsApp: 3925701009<\/p>\n<p>Wir haben von Montag bis Freitag von 8-12 Uhr bis 14-18 Uhr ge\u00f6ffnet.<\/p>","protected":false},"excerpt":{"rendered":"<p>Motore revisionato a nuovo\u00a0 Monta su Opel e Chevrolet Semicompleto composto da coppa, blocco, testa e distribuzione Anno 2009-2015 Cilindrata 1.2 b Codice motore a12xer &#8211; GARANZIA 12 mesi &#8211; Disponibilit\u00e0 immediata. &#8211; Consegna in tutta Italia in 24\/48 ore &#8211; Corriere utilizzato GLS -Per effettuare preventivo fornire i seguenti dati del veicolo: Anno\u00a0 Modello&#8230;<\/p>","protected":false},"featured_media":1161,"comment_status":"closed","ping_status":"closed","template":"","meta":{"_acf_changed":false},"product_brand":[],"product_cat":[31],"product_tag":[441,193,45],"class_list":{"0":"post-1159","1":"product","2":"type-product","3":"status-publish","4":"has-post-thumbnail","6":"product_cat-motore-rigenerato","7":"product_tag-a12xer","8":"product_tag-chevrolet","9":"product_tag-opel","11":"first","12":"instock","13":"shipping-taxable","14":"product-type-simple"},"acf":{"codice_oem":"","compatibile_con":"","monta_su":"Opel, Chevrolet","codice_motore":"A12XER ","anno":"2009-2015","cilindrata":"1.2","carburante":"Benzina","cv":"","kw":"","garanzia_12_mesi":false,"composizione":"","disponibilita":"-"},"aioseo_notices":[],"_links":{"self":[{"href":"https:\/\/turbomotori.com\/de\/wp-json\/wp\/v2\/product\/1159","targetHints":{"allow":["GET"]}}],"collection":[{"href":"https:\/\/turbomotori.com\/de\/wp-json\/wp\/v2\/product"}],"about":[{"href":"https:\/\/turbomotori.com\/de\/wp-json\/wp\/v2\/types\/product"}],"replies":[{"embeddable":true,"href":"https:\/\/turbomotori.com\/de\/wp-json\/wp\/v2\/comments?post=1159"}],"wp:featuredmedia":[{"embeddable":true,"href":"https:\/\/turbomotori.com\/de\/wp-json\/wp\/v2\/media\/1161"}],"wp:attachment":[{"href":"https:\/\/turbomotori.com\/de\/wp-json\/wp\/v2\/media?parent=1159"}],"wp:term":[{"taxonomy":"product_brand","embeddable":true,"href":"https:\/\/turbomotori.com\/de\/wp-json\/wp\/v2\/product_brand?post=1159"},{"taxonomy":"product_cat","embeddable":true,"href":"https:\/\/turbomotori.com\/de\/wp-json\/wp\/v2\/product_cat?post=1159"},{"taxonomy":"product_tag","embeddable":true,"href":"https:\/\/turbomotori.com\/de\/wp-json\/wp\/v2\/product_tag?post=1159"}],"curies":[{"name":"wp","href":"https:\/\/api.w.org\/{rel}","templated":true}]}}