{"id":1169,"date":"2017-11-23T10:29:50","date_gmt":"2017-11-23T10:29:50","guid":{"rendered":"https:\/\/turbomotori.com\/?post_type=product&#038;p=1169"},"modified":"2024-10-11T13:47:08","modified_gmt":"2024-10-11T11:47:08","slug":"motore-revisionato-199b1000-per-alfa-romeo-fiat-lancia-1-3-d-mjet-euro-5","status":"publish","type":"product","link":"https:\/\/turbomotori.com\/de\/produkt\/uberholter-motor-199b1000-fur-alfa-romeo-fiat-lancia-1-3-d-mjet-euro-5\/","title":{"rendered":"\u00dcberholter Motor 199B1000 f\u00fcr Alfa Romeo, Fiat, Lancia 1.3 d MJET EURO 5"},"content":{"rendered":"<p><strong>Motor 199b1000 \u00fcberholt als neue Halbkomponente Fiat, Alfa Romeo, Lancia\u00a0<\/strong><\/p>\n<p>Bestehend aus: \u00d6lwanne, Block, Kopf und Verteiler (Version mit \u00d6lpumpensensor)<\/p>\n<p>Pr\u00fcfen Sie das Vorhandensein des Sensors an der \u00d6lpumpe<\/p>\n<p>Kompatibel mit: 199A9000\/199B4000\/263A2000<\/p>\n<p>Jahr 2008 und folgende<\/p>\n<p>Hubraum: 1,3 mJet<\/p>\n<p>Passt auf: Alfa Romeo, Fiat, Lancia 1.3 D<\/p>\n<p>Motorcode: 199b1000<\/p>\n<p class=\"gmail_default\">- GARANTIE 12 Monate<\/p>\n<div>\n<p>- Sofortige Verf\u00fcgbarkeit<\/p>\n<p>- Lieferung in ganz Italien innerhalb von 24\/48 Stunden<\/p>\n<p>- Kurier benutzt GLS<\/p>\n<p>-Geben Sie f\u00fcr ein Angebot die folgenden Fahrzeugdaten an:<\/p>\n<ul>\n<li><strong>Jahr\u00a0<\/strong><\/li>\n<li><strong>Modell<\/strong><\/li>\n<li><strong>Motorcode (<\/strong><span style=\"color: #3366ff;\">Punkt p5 des\u00a0<\/span><span style=\"color: #3366ff;\">Brosch\u00fcre<\/span><b>)<\/b><\/li>\n<li><strong>Strom\u00a0<\/strong><\/li>\n<\/ul>\n<p>Die Daten finden Sie in der Betriebsanleitung Ihres Fahrzeugs<\/p>\n<p>F\u00fcr weitere Informationen stehen wir Ihnen gerne unter folgenden Nummern zur Verf\u00fcgung<\/p>\n<ul>\n<li><span style=\"color: #3366ff;\">Tel.: 0309050658<\/span><\/li>\n<li><span style=\"color: #3366ff;\">WhatsApp: 3925701009<\/span><\/li>\n<\/ul>\n<p>Ge\u00f6ffnet von Montag bis Freitag von 8 bis 12 Uhr und von 14 bis 18 Uhr.<\/p>\n<\/div>","protected":false},"excerpt":{"rendered":"<p><strong>Motor 199b1000 \u00fcberholt als neue Halbkomponente Fiat, Alfa Romeo, Lancia\u00a0<\/strong><\/p>\n<p>Bestehend aus: \u00d6lwanne, Block, Kopf und Verteiler (Version mit \u00d6lpumpensensor)<\/p>\n<p>Pr\u00fcfen Sie das Vorhandensein des Sensors an der \u00d6lpumpe<\/p>\n<p>Kompatibel mit: 199A9000\/199B4000\/263A2000<\/p>\n<p>Monta su: Alfa romeo, Fiat, Lancia 1.3 D<\/p>\n<p><a title=\"KONTAKTE\" href=\"https:\/\/turbomotori.com\/de\/kontakte\/\">Rufen Sie f\u00fcr weitere Informationen an\u00a0\u00a0<\/a><em>Tel.<\/em> <a href=\"tel:0309050658\">030.9050658<\/a>\u00a0 <em>Cel<\/em>\u00a0<a href=\"tel:3382854452\">338.2854452<\/a>\u00a0\u00a0<em>WhatsApp<\/em><a href=\"https:\/\/api.whatsapp.com\/send?phone=393925701009 &amp;text=Salve,%20vorrei%20qualche%20informazione%20in%20merito%20ai%20vostri%20prodotti.\">\u00a0 392.5701009<\/a><\/p>","protected":false},"featured_media":6885,"comment_status":"closed","ping_status":"closed","template":"","meta":{"_acf_changed":false},"product_brand":[],"product_cat":[31],"product_tag":[212,34,38,41],"class_list":{"0":"post-1169","1":"product","2":"type-product","3":"status-publish","4":"has-post-thumbnail","6":"product_cat-motore-rigenerato","7":"product_tag-199b1000","8":"product_tag-alfa-romeo","9":"product_tag-fiat","10":"product_tag-lancia","12":"first","13":"instock","14":"shipping-taxable","15":"product-type-simple"},"acf":{"codice_oem":"","compatibile_con":"169A5000 \/ 199A9000 \/ 199B4000 \/ 263A2000","monta_su":"Alfa Romeo, Fiat, Lancia ","codice_motore":"199B1000 ","anno":"2008 - in poi","cilindrata":"1.3","carburante":"Diesel","cv":"","kw":"","garanzia_12_mesi":false,"composizione":"Composto da coppa, blocco, testa con distribuzione e pompa olio  ","disponibilita":"-"},"aioseo_notices":[],"_links":{"self":[{"href":"https:\/\/turbomotori.com\/de\/wp-json\/wp\/v2\/product\/1169","targetHints":{"allow":["GET"]}}],"collection":[{"href":"https:\/\/turbomotori.com\/de\/wp-json\/wp\/v2\/product"}],"about":[{"href":"https:\/\/turbomotori.com\/de\/wp-json\/wp\/v2\/types\/product"}],"replies":[{"embeddable":true,"href":"https:\/\/turbomotori.com\/de\/wp-json\/wp\/v2\/comments?post=1169"}],"wp:featuredmedia":[{"embeddable":true,"href":"https:\/\/turbomotori.com\/de\/wp-json\/wp\/v2\/media\/6885"}],"wp:attachment":[{"href":"https:\/\/turbomotori.com\/de\/wp-json\/wp\/v2\/media?parent=1169"}],"wp:term":[{"taxonomy":"product_brand","embeddable":true,"href":"https:\/\/turbomotori.com\/de\/wp-json\/wp\/v2\/product_brand?post=1169"},{"taxonomy":"product_cat","embeddable":true,"href":"https:\/\/turbomotori.com\/de\/wp-json\/wp\/v2\/product_cat?post=1169"},{"taxonomy":"product_tag","embeddable":true,"href":"https:\/\/turbomotori.com\/de\/wp-json\/wp\/v2\/product_tag?post=1169"}],"curies":[{"name":"wp","href":"https:\/\/api.w.org\/{rel}","templated":true}]}}