{"id":1271,"date":"2018-01-05T11:59:42","date_gmt":"2018-01-05T11:59:42","guid":{"rendered":"https:\/\/turbomotori.com\/?post_type=product&#038;p=1271"},"modified":"2025-08-12T18:33:41","modified_gmt":"2025-08-12T16:33:41","slug":"motore-a20dth-revisionato-opel-insignia-2-0-d","status":"publish","type":"product","link":"https:\/\/turbomotori.com\/de\/produkt\/motor-a20dth-uberholt-opel-insignia-2-0-d\/","title":{"rendered":"General\u00fcberholter Motor A20DTH f\u00fcr Opel Insignia 2.0 d"},"content":{"rendered":"<p><strong>Halbkomplett \u00fcberholter a20dth Motor f\u00fcr Opel 2.0 D<\/strong><\/p>\n<p>Bestehend aus Becher, Block, Kopf und mitgeliefertem Verteiler<\/p>\n<p>Jahr 2008 und folgende<\/p>\n<p>Motorcode: a20dth\/ a20dt<\/p>\n<p>Passt: Opel Insigna 2.0 D<\/p>\n<p class=\"gmail_default\" style=\"text-align: left;\">- GARANTIE 12 Monate<\/p>\n<div>\n<p style=\"text-align: left;\">- Sofortige Verf\u00fcgbarkeit<\/p>\n<p style=\"text-align: left;\">- Lieferung in ganz Italien innerhalb von 24\/48 Stunden<\/p>\n<p style=\"text-align: left;\">- Kurier benutzt GLS<\/p>\n<p style=\"text-align: left;\">-Geben Sie f\u00fcr ein Angebot die folgenden Fahrzeugdaten an:<\/p>\n<ul>\n<li><strong>Jahr\u00a0<\/strong><\/li>\n<li><strong>Modell<\/strong><\/li>\n<li><strong>Motorcode (<\/strong><span style=\"color: #3366ff;\">Punkt P5 von\u00a0<\/span><span style=\"color: #3366ff;\">Brosch\u00fcre<\/span><b>)<\/b><\/li>\n<li><strong>Strom\u00a0<\/strong><\/li>\n<\/ul>\n<p>Die Daten finden Sie in der Betriebsanleitung Ihres Fahrzeugs<\/p>\n<p>F\u00fcr weitere Informationen wenden Sie sich bitte an unsere Verkaufsabteilung unter den folgenden Nummern: <span style=\"color: #3366ff;\">0309050658<\/span> WhatsApp: <span style=\"color: #3366ff;\">3925701009<\/span><\/p>\n<p>Wir haben von Montag bis Freitag von 8-12 Uhr bis 14-18 Uhr ge\u00f6ffnet.<\/p>\n<\/div>","protected":false},"excerpt":{"rendered":"<p><strong>Motor a20dth \u00fcberholt halb-komplett Opel Insigna 2.0 D<\/strong><\/p>\n<p>Bestehend aus Becher, Block, Kopf und mitgeliefertem Verteiler<\/p>\n<p><a title=\"KONTAKTE\" href=\"https:\/\/turbomotori.com\/de\/kontakte\/\">Rufen Sie f\u00fcr weitere Informationen an\u00a0<\/a><em>Tel.<\/em> <a href=\"tel:0309050658\">030.9050658<\/a>\u00a0 <em>Cel<\/em>\u00a0<a href=\"tel:3382854452\">338.2854452<\/a>\u00a0\u00a0<em>WhatsApp<\/em><a href=\"https:\/\/api.whatsapp.com\/send?phone=393925701009 &amp;text=Salve,%20vorrei%20qualche%20informazione%20in%20merito%20ai%20vostri%20prodotti.\">\u00a0 392.5701009<\/a><\/p>","protected":false},"featured_media":6805,"comment_status":"closed","ping_status":"closed","template":"","meta":{"_acf_changed":false},"product_brand":[],"product_cat":[31],"product_tag":[424,1681,45],"class_list":{"0":"post-1271","1":"product","2":"type-product","3":"status-publish","4":"has-post-thumbnail","6":"product_cat-motore-rigenerato","7":"product_tag-a20dth","8":"product_tag-motore-rigenerato-a20dth","9":"product_tag-opel","11":"first","12":"instock","13":"shipping-taxable","14":"product-type-simple"},"acf":{"codice_oem":"","compatibile_con":"","monta_su":" Opel Insignia ","codice_motore":"A20DTH, A20DT","anno":"2008 - in poi","cilindrata":"2.0 ","carburante":"Diesel","cv":"","kw":"","garanzia_12_mesi":false,"composizione":"","disponibilita":"-"},"aioseo_notices":[],"_links":{"self":[{"href":"https:\/\/turbomotori.com\/de\/wp-json\/wp\/v2\/product\/1271","targetHints":{"allow":["GET"]}}],"collection":[{"href":"https:\/\/turbomotori.com\/de\/wp-json\/wp\/v2\/product"}],"about":[{"href":"https:\/\/turbomotori.com\/de\/wp-json\/wp\/v2\/types\/product"}],"replies":[{"embeddable":true,"href":"https:\/\/turbomotori.com\/de\/wp-json\/wp\/v2\/comments?post=1271"}],"wp:featuredmedia":[{"embeddable":true,"href":"https:\/\/turbomotori.com\/de\/wp-json\/wp\/v2\/media\/6805"}],"wp:attachment":[{"href":"https:\/\/turbomotori.com\/de\/wp-json\/wp\/v2\/media?parent=1271"}],"wp:term":[{"taxonomy":"product_brand","embeddable":true,"href":"https:\/\/turbomotori.com\/de\/wp-json\/wp\/v2\/product_brand?post=1271"},{"taxonomy":"product_cat","embeddable":true,"href":"https:\/\/turbomotori.com\/de\/wp-json\/wp\/v2\/product_cat?post=1271"},{"taxonomy":"product_tag","embeddable":true,"href":"https:\/\/turbomotori.com\/de\/wp-json\/wp\/v2\/product_tag?post=1271"}],"curies":[{"name":"wp","href":"https:\/\/api.w.org\/{rel}","templated":true}]}}