{"id":1322,"date":"2018-02-02T08:22:46","date_gmt":"2018-02-02T08:22:46","guid":{"rendered":"https:\/\/turbomotori.com\/?post_type=product&#038;p=1322"},"modified":"2023-09-13T16:27:14","modified_gmt":"2023-09-13T14:27:14","slug":"piantone-sterzo-elettrico-nissan-micra-codice-nm0013","status":"publish","type":"product","link":"https:\/\/turbomotori.com\/de\/produkt\/elektrische-lenksaule-nissan-micra-code-nm0013\/","title":{"rendered":"Elektrische Lenks\u00e4ule Nissan Micra Teile-Nr. NM0013"},"content":{"rendered":"<p><strong>Elektrische Lenks\u00e4ule f\u00fcr Nissan Micra<\/strong>.<\/p>\n<p>Code<strong> NM0013<\/strong>.<\/p>","protected":false},"excerpt":{"rendered":"<p>Elektrische Lenks\u00e4ule f\u00fcr Nissan Micra. Code NM0013.<\/p>","protected":false},"featured_media":1335,"comment_status":"closed","ping_status":"closed","template":"","meta":{"_acf_changed":false},"product_brand":[],"product_cat":[28],"product_tag":[377],"class_list":{"0":"post-1322","1":"product","2":"type-product","3":"status-publish","4":"has-post-thumbnail","6":"product_cat-piantoni-sterzo-city","7":"product_tag-nm0013","9":"first","10":"instock","11":"shipping-taxable","12":"product-type-simple"},"acf":{"codice_oem_alt_mot":"","monta_su":"","voltaggio":"","potenza (kW)":"","potenza":"","direzione_della_rotazione":false,"diametro_flangia":"","puleggia":"null","alternatore-corrente_carica_a":"","nervature":"","diametro_puleggia":"","tipo_di_connessione":"","modalita_operativa":false},"aioseo_notices":[],"_links":{"self":[{"href":"https:\/\/turbomotori.com\/de\/wp-json\/wp\/v2\/product\/1322","targetHints":{"allow":["GET"]}}],"collection":[{"href":"https:\/\/turbomotori.com\/de\/wp-json\/wp\/v2\/product"}],"about":[{"href":"https:\/\/turbomotori.com\/de\/wp-json\/wp\/v2\/types\/product"}],"replies":[{"embeddable":true,"href":"https:\/\/turbomotori.com\/de\/wp-json\/wp\/v2\/comments?post=1322"}],"wp:featuredmedia":[{"embeddable":true,"href":"https:\/\/turbomotori.com\/de\/wp-json\/wp\/v2\/media\/1335"}],"wp:attachment":[{"href":"https:\/\/turbomotori.com\/de\/wp-json\/wp\/v2\/media?parent=1322"}],"wp:term":[{"taxonomy":"product_brand","embeddable":true,"href":"https:\/\/turbomotori.com\/de\/wp-json\/wp\/v2\/product_brand?post=1322"},{"taxonomy":"product_cat","embeddable":true,"href":"https:\/\/turbomotori.com\/de\/wp-json\/wp\/v2\/product_cat?post=1322"},{"taxonomy":"product_tag","embeddable":true,"href":"https:\/\/turbomotori.com\/de\/wp-json\/wp\/v2\/product_tag?post=1322"}],"curies":[{"name":"wp","href":"https:\/\/api.w.org\/{rel}","templated":true}]}}