{"id":1323,"date":"2018-02-02T08:23:41","date_gmt":"2018-02-02T08:23:41","guid":{"rendered":"https:\/\/turbomotori.com\/?post_type=product&#038;p=1323"},"modified":"2023-09-13T16:29:27","modified_gmt":"2023-09-13T14:29:27","slug":"piantone-sterzo-elettrico-opel-agila-codice-oa0014","status":"publish","type":"product","link":"https:\/\/turbomotori.com\/de\/produkt\/elektrische-lenksaule-opel-agila-code-oa0014\/","title":{"rendered":"Opel Agila Elektrische Lenks\u00e4ule Teile-Nr. OA0014"},"content":{"rendered":"<p><strong>Elektrische Lenks\u00e4ule f\u00fcr Opel Agila<\/strong>.<\/p>\n<p>Code <strong>OA0014<\/strong>.<\/p>","protected":false},"excerpt":{"rendered":"<p>Elektrische Lenks\u00e4ule f\u00fcr Opel Agila. Teilenummer OA0014.<\/p>","protected":false},"featured_media":1335,"comment_status":"closed","ping_status":"closed","template":"","meta":{"_acf_changed":false},"product_brand":[],"product_cat":[28],"product_tag":[376],"class_list":{"0":"post-1323","1":"product","2":"type-product","3":"status-publish","4":"has-post-thumbnail","6":"product_cat-piantoni-sterzo-city","7":"product_tag-oa0014","9":"first","10":"instock","11":"shipping-taxable","12":"product-type-simple"},"acf":{"codice_oem_alt_mot":"","monta_su":"","voltaggio":"","potenza (kW)":"","potenza":"","direzione_della_rotazione":false,"diametro_flangia":"","puleggia":"null","alternatore-corrente_carica_a":"","nervature":"","diametro_puleggia":"","tipo_di_connessione":"","modalita_operativa":false},"aioseo_notices":[],"_links":{"self":[{"href":"https:\/\/turbomotori.com\/de\/wp-json\/wp\/v2\/product\/1323","targetHints":{"allow":["GET"]}}],"collection":[{"href":"https:\/\/turbomotori.com\/de\/wp-json\/wp\/v2\/product"}],"about":[{"href":"https:\/\/turbomotori.com\/de\/wp-json\/wp\/v2\/types\/product"}],"replies":[{"embeddable":true,"href":"https:\/\/turbomotori.com\/de\/wp-json\/wp\/v2\/comments?post=1323"}],"wp:featuredmedia":[{"embeddable":true,"href":"https:\/\/turbomotori.com\/de\/wp-json\/wp\/v2\/media\/1335"}],"wp:attachment":[{"href":"https:\/\/turbomotori.com\/de\/wp-json\/wp\/v2\/media?parent=1323"}],"wp:term":[{"taxonomy":"product_brand","embeddable":true,"href":"https:\/\/turbomotori.com\/de\/wp-json\/wp\/v2\/product_brand?post=1323"},{"taxonomy":"product_cat","embeddable":true,"href":"https:\/\/turbomotori.com\/de\/wp-json\/wp\/v2\/product_cat?post=1323"},{"taxonomy":"product_tag","embeddable":true,"href":"https:\/\/turbomotori.com\/de\/wp-json\/wp\/v2\/product_tag?post=1323"}],"curies":[{"name":"wp","href":"https:\/\/api.w.org\/{rel}","templated":true}]}}