{"id":1337,"date":"2018-02-02T10:44:06","date_gmt":"2018-02-02T10:44:06","guid":{"rendered":"https:\/\/turbomotori.com\/?post_type=product&#038;p=1337"},"modified":"2023-09-13T16:40:40","modified_gmt":"2023-09-13T14:40:40","slug":"piantone-sterzo-elettrico-renault-new-megane-2-codice-prmii0021","status":"publish","type":"product","link":"https:\/\/turbomotori.com\/de\/produkt\/elektrische-lenksaule-renault-new-megane-2-code-prmii0021\/","title":{"rendered":"Elektrische Lenks\u00e4ule Renault New Megane 2 Teile-Nr. PRMII0021"},"content":{"rendered":"<p><strong>Elektrische Lenks\u00e4ule f\u00fcr Renault New Megane 2<\/strong>.<\/p>\n<p>Code <strong>PRMII0021<\/strong>.<\/p>","protected":false},"excerpt":{"rendered":"<p>Elektrische Lenks\u00e4ule f\u00fcr Renault New Megane 2, Teilenummer PRMII0021.<\/p>","protected":false},"featured_media":1335,"comment_status":"closed","ping_status":"closed","template":"","meta":{"_acf_changed":false},"product_brand":[],"product_cat":[28],"product_tag":[374],"class_list":{"0":"post-1337","1":"product","2":"type-product","3":"status-publish","4":"has-post-thumbnail","6":"product_cat-piantoni-sterzo-city","7":"product_tag-prmii0021","9":"first","10":"instock","11":"shipping-taxable","12":"product-type-simple"},"acf":{"codice_oem_alt_mot":"","monta_su":"","voltaggio":"","potenza (kW)":"","potenza":"","direzione_della_rotazione":false,"diametro_flangia":"","puleggia":"null","alternatore-corrente_carica_a":"","nervature":"","diametro_puleggia":"","tipo_di_connessione":"","modalita_operativa":false},"aioseo_notices":[],"_links":{"self":[{"href":"https:\/\/turbomotori.com\/de\/wp-json\/wp\/v2\/product\/1337","targetHints":{"allow":["GET"]}}],"collection":[{"href":"https:\/\/turbomotori.com\/de\/wp-json\/wp\/v2\/product"}],"about":[{"href":"https:\/\/turbomotori.com\/de\/wp-json\/wp\/v2\/types\/product"}],"replies":[{"embeddable":true,"href":"https:\/\/turbomotori.com\/de\/wp-json\/wp\/v2\/comments?post=1337"}],"wp:featuredmedia":[{"embeddable":true,"href":"https:\/\/turbomotori.com\/de\/wp-json\/wp\/v2\/media\/1335"}],"wp:attachment":[{"href":"https:\/\/turbomotori.com\/de\/wp-json\/wp\/v2\/media?parent=1337"}],"wp:term":[{"taxonomy":"product_brand","embeddable":true,"href":"https:\/\/turbomotori.com\/de\/wp-json\/wp\/v2\/product_brand?post=1337"},{"taxonomy":"product_cat","embeddable":true,"href":"https:\/\/turbomotori.com\/de\/wp-json\/wp\/v2\/product_cat?post=1337"},{"taxonomy":"product_tag","embeddable":true,"href":"https:\/\/turbomotori.com\/de\/wp-json\/wp\/v2\/product_tag?post=1337"}],"curies":[{"name":"wp","href":"https:\/\/api.w.org\/{rel}","templated":true}]}}