{"id":1338,"date":"2018-02-02T10:45:07","date_gmt":"2018-02-02T10:45:07","guid":{"rendered":"https:\/\/turbomotori.com\/?post_type=product&#038;p=1338"},"modified":"2023-09-13T16:40:41","modified_gmt":"2023-09-13T14:40:41","slug":"piantone-sterzo-elettrico-renault-modus-codice-rm0023","status":"publish","type":"product","link":"https:\/\/turbomotori.com\/de\/produkt\/elektrische-lenksaule-renault-modus-code-rm0023\/","title":{"rendered":"Elektrische Lenks\u00e4ule Renault Modus Teile-Nr. RM0023"},"content":{"rendered":"<p><strong>Elektrische Lenks\u00e4ule f\u00fcr Renault Modus<\/strong>.<\/p>\n<p>Code <strong>RM0023<\/strong>.<\/p>","protected":false},"excerpt":{"rendered":"<p>Elektrische Lenks\u00e4ule f\u00fcr Renault Modus. Code RM0023.<\/p>","protected":false},"featured_media":1335,"comment_status":"closed","ping_status":"closed","template":"","meta":{"_acf_changed":false},"product_brand":[],"product_cat":[28],"product_tag":[373],"class_list":{"0":"post-1338","1":"product","2":"type-product","3":"status-publish","4":"has-post-thumbnail","6":"product_cat-piantoni-sterzo-city","7":"product_tag-rm0023","9":"first","10":"instock","11":"shipping-taxable","12":"product-type-simple"},"acf":{"codice_oem_alt_mot":"","monta_su":"","voltaggio":"","potenza (kW)":"","potenza":"","direzione_della_rotazione":false,"diametro_flangia":"","puleggia":"null","alternatore-corrente_carica_a":"","nervature":"","diametro_puleggia":"","tipo_di_connessione":"","modalita_operativa":false},"aioseo_notices":[],"_links":{"self":[{"href":"https:\/\/turbomotori.com\/de\/wp-json\/wp\/v2\/product\/1338","targetHints":{"allow":["GET"]}}],"collection":[{"href":"https:\/\/turbomotori.com\/de\/wp-json\/wp\/v2\/product"}],"about":[{"href":"https:\/\/turbomotori.com\/de\/wp-json\/wp\/v2\/types\/product"}],"replies":[{"embeddable":true,"href":"https:\/\/turbomotori.com\/de\/wp-json\/wp\/v2\/comments?post=1338"}],"wp:featuredmedia":[{"embeddable":true,"href":"https:\/\/turbomotori.com\/de\/wp-json\/wp\/v2\/media\/1335"}],"wp:attachment":[{"href":"https:\/\/turbomotori.com\/de\/wp-json\/wp\/v2\/media?parent=1338"}],"wp:term":[{"taxonomy":"product_brand","embeddable":true,"href":"https:\/\/turbomotori.com\/de\/wp-json\/wp\/v2\/product_brand?post=1338"},{"taxonomy":"product_cat","embeddable":true,"href":"https:\/\/turbomotori.com\/de\/wp-json\/wp\/v2\/product_cat?post=1338"},{"taxonomy":"product_tag","embeddable":true,"href":"https:\/\/turbomotori.com\/de\/wp-json\/wp\/v2\/product_tag?post=1338"}],"curies":[{"name":"wp","href":"https:\/\/api.w.org\/{rel}","templated":true}]}}