{"id":1349,"date":"2018-02-09T10:11:56","date_gmt":"2018-02-09T10:11:56","guid":{"rendered":"https:\/\/turbomotori.com\/?post_type=product&#038;p=1349"},"modified":"2023-08-30T16:29:30","modified_gmt":"2023-08-30T14:29:30","slug":"motore-revisionato-mercedes-sprinter-2-2cdi-codice-646986","status":"publish","type":"product","link":"https:\/\/turbomotori.com\/de\/produkt\/uberholten-motor-mercedes-sprinter-2-2cdi-code-646986\/","title":{"rendered":"General\u00fcberholter Motor 646986 f\u00fcr Mercedes Sprinter 2.2cdi"},"content":{"rendered":"<p><strong>Halbkomplett \u00fcberholter Motor<\/strong><\/p>\n<p><strong>Passend f\u00fcr: Mercedes Sprinter\u00a0<\/strong><\/p>\n<p><strong>Jahr 2005-2009<\/strong><\/p>\n<p><strong>Verdr\u00e4ngung<\/strong>:\u00a0<strong>2.2 cdi<\/strong><\/p>\n<p><strong>Motorcode<\/strong>:\u00a0<strong>646986<\/strong><\/p>\n<p>&#8211; <strong>GARANTIE\u00a0<\/strong><\/p>\n<p>&#8211;<strong> Sofortige Verf\u00fcgbarkeit<\/strong>.<\/p>\n<p>- Lieferung in ganz Italien innerhalb von 24\/48 Stunden<\/p>\n<p>- Kurier benutzt GLS<\/p>\n<p>-Geben Sie f\u00fcr ein Angebot die folgenden Fahrzeugdaten an:<\/p>\n<ul>\n<li><strong>Jahr\u00a0<\/strong><\/li>\n<li><strong>Modell<\/strong><\/li>\n<li><strong>Motorcode<\/strong><\/li>\n<li><strong>Strom\u00a0<\/strong><\/li>\n<\/ul>\n<p>Die Daten finden Sie in der Betriebsanleitung Ihres Fahrzeugs<\/p>\n<p>F\u00fcr weitere Informationen steht Ihnen unsere Verkaufsabteilung unter den folgenden Nummern zur Verf\u00fcgung: 0309050658 WhatsApp: 3925701009<\/p>\n<p>Wir haben von Montag bis Freitag von 8-12 Uhr bis 14-18 Uhr ge\u00f6ffnet.<\/p>","protected":false},"excerpt":{"rendered":"<p>Motore revisionato a nuovo semicompleto Monta su: Mercedes Sprinter\u00a0 Anno 2005-2009 Cilindrata:\u00a02.2 cdi Codice motore:\u00a0646986 &#8211; GARANZIA\u00a0 &#8211; Disponibilit\u00e0 immediata. &#8211; Consegna in tutta Italia in 24\/48 ore &#8211; Corriere utilizzato GLS -Per effettuare preventivo fornire i seguenti dati del veicolo: Anno\u00a0 Modello Codice motore Potenza\u00a0 I dati sono reperibili sul libretto della vostra vettura&#8230;<\/p>","protected":false},"featured_media":3144,"comment_status":"closed","ping_status":"closed","template":"","meta":{"_acf_changed":false},"product_brand":[],"product_cat":[31],"product_tag":[365,43],"class_list":{"0":"post-1349","1":"product","2":"type-product","3":"status-publish","4":"has-post-thumbnail","6":"product_cat-motore-rigenerato","7":"product_tag-365","8":"product_tag-mercedes","10":"first","11":"instock","12":"shipping-taxable","13":"product-type-simple"},"acf":{"codice_oem":"","compatibile_con":"","monta_su":"Mercedes Sprinter ","codice_motore":"646986 ","anno":"2005-2009","cilindrata":"2.2cdi ","carburante":"Diesel","cv":"","kw":"","garanzia_12_mesi":false,"composizione":"","disponibilita":"-"},"aioseo_notices":[],"_links":{"self":[{"href":"https:\/\/turbomotori.com\/de\/wp-json\/wp\/v2\/product\/1349","targetHints":{"allow":["GET"]}}],"collection":[{"href":"https:\/\/turbomotori.com\/de\/wp-json\/wp\/v2\/product"}],"about":[{"href":"https:\/\/turbomotori.com\/de\/wp-json\/wp\/v2\/types\/product"}],"replies":[{"embeddable":true,"href":"https:\/\/turbomotori.com\/de\/wp-json\/wp\/v2\/comments?post=1349"}],"wp:featuredmedia":[{"embeddable":true,"href":"https:\/\/turbomotori.com\/de\/wp-json\/wp\/v2\/media\/3144"}],"wp:attachment":[{"href":"https:\/\/turbomotori.com\/de\/wp-json\/wp\/v2\/media?parent=1349"}],"wp:term":[{"taxonomy":"product_brand","embeddable":true,"href":"https:\/\/turbomotori.com\/de\/wp-json\/wp\/v2\/product_brand?post=1349"},{"taxonomy":"product_cat","embeddable":true,"href":"https:\/\/turbomotori.com\/de\/wp-json\/wp\/v2\/product_cat?post=1349"},{"taxonomy":"product_tag","embeddable":true,"href":"https:\/\/turbomotori.com\/de\/wp-json\/wp\/v2\/product_tag?post=1349"}],"curies":[{"name":"wp","href":"https:\/\/api.w.org\/{rel}","templated":true}]}}