{"id":1386,"date":"2018-03-15T09:47:45","date_gmt":"2018-03-15T09:47:45","guid":{"rendered":"https:\/\/turbomotori.com\/?post_type=product&#038;p=1386"},"modified":"2025-10-10T12:08:26","modified_gmt":"2025-10-10T10:08:26","slug":"turbo-789533-2-opel-chevrolet-1-7-cdti","status":"publish","type":"product","link":"https:\/\/turbomotori.com\/de\/produkt\/turbo-789533-2-opel-chevrolet-1-7-cdti\/","title":{"rendered":"Turbo 789533-2 f\u00fcr Opel, Chevrolet 1.7 CDTI"},"content":{"rendered":"<p><strong>\u00dcberholter 789533-2 Turbo ohne elektropneumatischen Garrett-Stellantrieb f\u00fcr Opel \u2705 S-II<\/strong><\/p>\n<p><strong>Turbine<\/strong> kompatibel mit 789533-5002S\/ 789533-5001S\/ 789533-0002\/ 789533-0001\/ 789533-1\/ 789533-3\/ 789533-4\/ 789533-5\/ 789533-6\/ 789533-7\/ 789533-8\/ 789533-9\/ 789533-10\/ E55567731\/ 55567731<\/p>\n<p>Passt: Opel Chevrolet 1.7 CDTI<\/p>\n<p>Motorcode: A17DTS<\/p>\n<p>Turbine neu und wiederaufbereitet erh\u00e4ltlich<\/p>\n<p><span style=\"color: #000000;\">- Preis wiederaufbereiteter Turbo 385,00 \u20ac inkl. MwSt.\u00a0<\/span><\/p>\n<p>&#8211;<a href=\"https:\/\/turbomotori.com\/de\/weitere-informationen\/\"> Klicken Sie f\u00fcr weitere Informationen\u00a0<\/a><\/p>\n<p>&#8211; <a href=\"https:\/\/turbomotori.com\/de\/turbo-code-verbleibend\/\">Hinweise zur Identifizierung des Turbo-Codes<\/a><\/p>","protected":false},"excerpt":{"rendered":"<p><strong>\u00dcberholter 789533-2 Turbo ohne elektropneumatischen Garrett-Stellantrieb f\u00fcr Opel \u2705 S-II<\/strong><\/p>\n<p><strong>Turbine<\/strong> kompatibel mit 789533-5002S\/ 789533-5001S\/ 789533-0002\/ 789533-0001\/ 789533-1\/ 789533-3\/ 789533-4\/ 789533-5\/ 789533-6\/ 789533-7\/ 789533-8\/ 789533-9\/ 789533-10\/ E55567731\/ 55567731<\/p>\n<p>Passt: Opel Chevrolet 1.7 CDTI<\/p>\n<p>Motorcode: A17DTS<\/p>\n<p>Turbine neu und wiederaufbereitet erh\u00e4ltlich<\/p>\n<p><span style=\"color: #000000;\">- Preis wiederaufbereiteter Turbo 385,00 \u20ac inkl. MwSt.\u00a0<\/span><\/p>\n<p><a title=\"KONTAKTE\" href=\"https:\/\/turbomotori.com\/de\/kontakte\/\">Rufen Sie an f\u00fcr ein kostenloses Angebot <\/a><em>Tel.<\/em> <a href=\"tel:0309050658\">030.9050658<\/a>\u00a0 <em>Cel<\/em>\u00a0<a href=\"tel:3382854452\">338.2854452<\/a>\u00a0\u00a0<em>WhatsApp<\/em><a href=\"https:\/\/api.whatsapp.com\/send?phone=393925701009 &amp;text=Salve,%20vorrei%20qualche%20informazione%20in%20merito%20ai%20vostri%20prodotti.\">\u00a0 392.5701009<\/a><\/p>","protected":false},"featured_media":6979,"comment_status":"closed","ping_status":"closed","template":"","meta":{"_acf_changed":false},"product_brand":[],"product_cat":[26],"product_tag":[192,351,45,1772,478,1337],"class_list":{"0":"post-1386","1":"product","2":"type-product","3":"status-publish","4":"has-post-thumbnail","6":"product_cat-turbo-turbina-rigenerata","7":"product_tag-789533-2","8":"product_tag-a17dts","9":"product_tag-opel","10":"product_tag-tubina-rigenerata","11":"product_tag-turbo-garrett","12":"product_tag-turbo-in-pronta-consegna","14":"first","15":"instock","16":"shipping-taxable","17":"purchasable","18":"product-type-simple"},"acf":{"codice_oem":"","compatibile_con":"789533-5002S\/ 789533-5001S\/ 789533-0002\/ 789533-0001\/ 789533-1\/ 789533-3\/ 789533-4\/ 789533-5\/ 789533-6\/ 789533-7\/ 789533-8\/ 789533-9\/ 789533-10\/ E55567731\/ \u00a055567731","monta_su":"Opel Chevrolet 1.7 CDTI","codice_motore":"A17DTS","anno":"","cilindrata":"","carburante":"","cv":"","kw":"","garanzia_12_mesi":false,"composizione":"","disponibilita":"-"},"aioseo_notices":[],"_links":{"self":[{"href":"https:\/\/turbomotori.com\/de\/wp-json\/wp\/v2\/product\/1386","targetHints":{"allow":["GET"]}}],"collection":[{"href":"https:\/\/turbomotori.com\/de\/wp-json\/wp\/v2\/product"}],"about":[{"href":"https:\/\/turbomotori.com\/de\/wp-json\/wp\/v2\/types\/product"}],"replies":[{"embeddable":true,"href":"https:\/\/turbomotori.com\/de\/wp-json\/wp\/v2\/comments?post=1386"}],"wp:featuredmedia":[{"embeddable":true,"href":"https:\/\/turbomotori.com\/de\/wp-json\/wp\/v2\/media\/6979"}],"wp:attachment":[{"href":"https:\/\/turbomotori.com\/de\/wp-json\/wp\/v2\/media?parent=1386"}],"wp:term":[{"taxonomy":"product_brand","embeddable":true,"href":"https:\/\/turbomotori.com\/de\/wp-json\/wp\/v2\/product_brand?post=1386"},{"taxonomy":"product_cat","embeddable":true,"href":"https:\/\/turbomotori.com\/de\/wp-json\/wp\/v2\/product_cat?post=1386"},{"taxonomy":"product_tag","embeddable":true,"href":"https:\/\/turbomotori.com\/de\/wp-json\/wp\/v2\/product_tag?post=1386"}],"curies":[{"name":"wp","href":"https:\/\/api.w.org\/{rel}","templated":true}]}}