{"id":1391,"date":"2018-03-15T13:37:08","date_gmt":"2018-03-15T13:37:08","guid":{"rendered":"https:\/\/turbomotori.com\/?post_type=product&#038;p=1391"},"modified":"2023-08-30T16:31:24","modified_gmt":"2023-08-30T14:31:24","slug":"motore-m9t-revisionato-renault-master-2-3-diesel","status":"publish","type":"product","link":"https:\/\/turbomotori.com\/de\/produkt\/m9t-motor-uberholter-renault-master-2-3-diesel\/","title":{"rendered":"M9T General\u00fcberholter Motor f\u00fcr Renault Master 2.3 Diesel"},"content":{"rendered":"<p><strong>Halbkomplett \u00fcberholter Motor f\u00fcr <\/strong><strong>Renault Master 2.3 Diesel<\/strong><\/p>\n<p>Bestehend aus: Becher, Block, Kopf<\/p>\n<p>Jahr: 2013<\/p>\n<p>Verdr\u00e4ngung: 2.3 Diesel<\/p>\n<p>Motorcode: M9T<\/p>\n<p>- GARANTIE 12 Monate<\/p>\n<p>- Sofortige Verf\u00fcgbarkeit<\/p>\n<p>- Lieferung in ganz Italien innerhalb von 24\/48 Stunden<\/p>\n<p>- Kurier benutzt GLS<\/p>\n<p>-Geben Sie f\u00fcr ein Angebot die folgenden Fahrzeugdaten an:<\/p>\n<ul>\n<li><strong>Jahr\u00a0<\/strong><\/li>\n<li><strong>Modell<\/strong><\/li>\n<li><strong>Motorcode\u00a0<\/strong><strong>(<\/strong><span style=\"color: #3366ff;\">Punkt p5 des\u00a0<\/span><span style=\"color: #3366ff;\">Brosch\u00fcre<\/span><b>)<\/b><\/li>\n<li><strong>Strom\u00a0<\/strong><\/li>\n<\/ul>\n<p>Die Daten finden Sie in der Betriebsanleitung Ihres Fahrzeugs<\/p>\n<p>F\u00fcr weitere Informationen steht Ihnen unsere Verkaufsabteilung unter den folgenden Nummern zur Verf\u00fcgung: 0309050658 WhatsApp: 3925701009<\/p>\n<p>Wir haben von Montag bis Freitag von 8-12 Uhr bis 14-18 Uhr ge\u00f6ffnet.<\/p>","protected":false},"excerpt":{"rendered":"<p><strong>Halbkomplett \u00fcberholter Motor f\u00fcr <\/strong><strong>Renault Master 2.3 Diesel<\/strong><\/p>\n<p>Bestehend aus: Becher, Block, Kopf<\/p>\n<p>Jahr: 2013<\/p>\n<p>Verdr\u00e4ngung: 2.3 Diesel<\/p>\n<p>Motorcode: M9T<\/p>\n<p><a title=\"KONTAKTE\" href=\"https:\/\/turbomotori.com\/de\/kontakte\/\">Rufen Sie an f\u00fcr ein kostenloses Angebot <\/a><em>Tel.<\/em> <a href=\"tel:0309050658\">030.9050658<\/a>\u00a0 <em>Cel<\/em>\u00a0<a href=\"tel:3382854452\">338.2854452<\/a>\u00a0\u00a0<em>WhatsApp<\/em><a href=\"https:\/\/api.whatsapp.com\/send?phone=393925701009 &amp;text=Salve,%20vorrei%20qualche%20informazione%20in%20merito%20ai%20vostri%20prodotti.\">\u00a0 392.5701009<\/a><\/p>","protected":false},"featured_media":46098,"comment_status":"closed","ping_status":"closed","template":"","meta":{"_acf_changed":false},"product_brand":[],"product_cat":[31],"product_tag":[347,46],"class_list":{"0":"post-1391","1":"product","2":"type-product","3":"status-publish","4":"has-post-thumbnail","6":"product_cat-motore-rigenerato","7":"product_tag-m9t","8":"product_tag-renault","10":"first","11":"instock","12":"shipping-taxable","13":"product-type-simple"},"acf":{"codice_oem":"","compatibile_con":"","monta_su":"Renault Master","codice_motore":"M9T ","anno":"2013","cilindrata":"2.3 ","carburante":"Diesel","cv":"","kw":"","garanzia_12_mesi":false,"composizione":"","disponibilita":"-"},"aioseo_notices":[],"_links":{"self":[{"href":"https:\/\/turbomotori.com\/de\/wp-json\/wp\/v2\/product\/1391","targetHints":{"allow":["GET"]}}],"collection":[{"href":"https:\/\/turbomotori.com\/de\/wp-json\/wp\/v2\/product"}],"about":[{"href":"https:\/\/turbomotori.com\/de\/wp-json\/wp\/v2\/types\/product"}],"replies":[{"embeddable":true,"href":"https:\/\/turbomotori.com\/de\/wp-json\/wp\/v2\/comments?post=1391"}],"wp:featuredmedia":[{"embeddable":true,"href":"https:\/\/turbomotori.com\/de\/wp-json\/wp\/v2\/media\/46098"}],"wp:attachment":[{"href":"https:\/\/turbomotori.com\/de\/wp-json\/wp\/v2\/media?parent=1391"}],"wp:term":[{"taxonomy":"product_brand","embeddable":true,"href":"https:\/\/turbomotori.com\/de\/wp-json\/wp\/v2\/product_brand?post=1391"},{"taxonomy":"product_cat","embeddable":true,"href":"https:\/\/turbomotori.com\/de\/wp-json\/wp\/v2\/product_cat?post=1391"},{"taxonomy":"product_tag","embeddable":true,"href":"https:\/\/turbomotori.com\/de\/wp-json\/wp\/v2\/product_tag?post=1391"}],"curies":[{"name":"wp","href":"https:\/\/api.w.org\/{rel}","templated":true}]}}