{"id":2169,"date":"2020-01-17T13:46:15","date_gmt":"2020-01-17T13:46:15","guid":{"rendered":"https:\/\/turbomotori.com\/?post_type=product&#038;p=2169"},"modified":"2025-01-03T15:31:39","modified_gmt":"2025-01-03T14:31:39","slug":"turbo-bv43b-0139-rigenerato-audi-skoda-seat-vw-2-0-tdi","status":"publish","type":"product","link":"https:\/\/turbomotori.com\/de\/produkt\/turbo-bv43b-0139-wiederaufbereitet-audi-skoda-seat-vw-2-0-tdi\/","title":{"rendered":"Turbo BV43B-0139 f\u00fcr Audi, Skoda, Seat, Vw 2.0 TDI"},"content":{"rendered":"<p><strong>BorgWarner \u00fcberholter BV43B-0139 Turbo f\u00fcr Audi, Skoda, Seat, Volkswagen \u2611\ufe0f S-IV<\/strong><\/p>\n<p>Turbine kompatibel mit: 03L253010C, 03L253010CV, 03L253010CX, 03L253016F, 03L253016FV, 03L253016FX, 03L253016J, 03L253016JV, 03L253016JV300, 03L253016JV410, 03L253016JX, 03L253019A, 03L253019AV, 03L253019AX, 03L253019J, 03L253019JV, 03L253019JX, 03L253019T, 03L253019TV, 03L253019TX, 03L253056A, 03L253056AV, 03L253056AX, 03L253056B, 03L253056BV, 03L253056BX, 128065, 17212935, 49230, 492301, 53039700132, 53039700139, 53039700152, 53039700205, 53039700206, 53039710132, 53039710139, 53039710152, 53039710205, 53039710206, 53039880132, 53039880139, 53039880152, 53039880205, 53039880206, 53039900132, 53039900139, 53039900205, 65230, 6900230, BV43B0132, BV43B0139, BV43B132, K030132, K030139, K030152, K030205, K030206, PA53039700132, PA53039700139, T914985, T915508, TR53039700132, TR53039700205<\/p>\n<p>Passend f\u00fcr Skoda\/Seat\/Volkswagen\/Audi 2.0 TDI 140 PS<\/p>\n<p>Turbine neu und wiederaufbereitet erh\u00e4ltlich<\/p>\n<p><span style=\"color: #000000;\">- Preis des \u00fcberholten Turbos <span>388,50<\/span> \u20ac einschlie\u00dflich Mehrwertsteuer\u00a0<\/span><\/p>\n<p>&#8211;<a href=\"https:\/\/turbomotori.com\/de\/weitere-informationen\/\"> Klicken Sie f\u00fcr weitere Informationen\u00a0<\/a><\/p>\n<p>&#8211; <a href=\"https:\/\/turbomotori.com\/de\/turbo-code-verbleibend\/\">Hinweise zur Identifizierung des Turbo-Codes<\/a><\/p>","protected":false},"excerpt":{"rendered":"<p><strong>BorgWarner \u00fcberholter BV43B-0139 Turbo f\u00fcr Audi, Skoda, Seat, Volkswagen \u2611\ufe0f S-IV<\/strong><\/p>\n<p>Monta su: Skoda\/\u00a0Seat\/Volkswagen\/Audi 2.0 TDI 140 HP<\/p>\n<p>Turbine neu und wiederaufbereitet erh\u00e4ltlich<\/p>\n<p><span style=\"color: #000000;\">- Preis des \u00fcberholten Turbos <span>388,50<\/span> \u20ac einschlie\u00dflich Mehrwertsteuer\u00a0<\/span><\/p>\n<p><a title=\"KONTAKTE\" href=\"https:\/\/turbomotori.com\/de\/kontakte\/\">Rufen Sie an f\u00fcr ein kostenloses Angebot <\/a><em>Tel.<\/em> <a href=\"tel:0309050658\">030.9050658<\/a>\u00a0 <em>Cel<\/em>\u00a0<a href=\"tel:3382854452\">338.2854452<\/a>\u00a0\u00a0<em>WhatsApp<\/em><a href=\"https:\/\/api.whatsapp.com\/send?phone=393925701009 &amp;text=Salve,%20vorrei%20qualche%20informazione%20in%20merito%20ai%20vostri%20prodotti.\">\u00a0 392.5701009<\/a><\/p>","protected":false},"featured_media":5457,"comment_status":"closed","ping_status":"closed","template":"","meta":{"_acf_changed":false},"product_brand":[],"product_cat":[24,22,26],"product_tag":[35,61,160,58,47,1337,51],"class_list":{"0":"post-2169","1":"product","2":"type-product","3":"status-publish","4":"has-post-thumbnail","6":"product_cat-turbo-turbina-nuova","7":"product_cat-turbo-turbina","8":"product_cat-turbo-turbina-rigenerata","9":"product_tag-audi","10":"product_tag-borg-warner","11":"product_tag-bv43b-0139","12":"product_tag-seat","13":"product_tag-skoda","14":"product_tag-turbo-in-pronta-consegna","15":"product_tag-volkswagen","17":"first","18":"instock","19":"shipping-taxable","20":"purchasable","21":"product-type-simple"},"acf":{"codice_oem":"","compatibile_con":"03L253010C, 03L253010CV, 03L253010CX, 03L253016F, 03L253016FV, 03L253016FX, 03L253016J, 03L253016JV, 03L253016JV300, 03L253016JV410, 03L253016JX, 03L253019A, 03L253019AV, 03L253019AX, 03L253019J, 03L253019JV, 03L253019JX, 03L253019T, 03L253019TV, 03L253019TX, 03L253056A, 03L253056AV, 03L253056AX, 03L253056B, 03L253056BV, 03L253056BX, 128065, 17212935, 49230, 492301, 53039700132, 53039700139, 53039700152, 53039700205, 53039700206, 53039710132, 53039710139, 53039710152, 53039710205, 53039710206, 53039880132, 53039880139, 53039880152, 53039880205, 53039880206, 53039900132, 53039900139, 53039900205, 65230, 6900230, BV43B0132, BV43B0139, BV43B132, K030132, K030139, K030152, K030205, K030206, PA53039700132, PA53039700139, T914985, T915508, TR53039700132, TR53039700205","monta_su":"Skoda\/\u00a0Seat\/Volkswagen\/Audi 2.0 TDI 140 HP","codice_motore":"","anno":"","cilindrata":"","carburante":"","cv":"","kw":"","garanzia_12_mesi":false,"composizione":"","disponibilita":"-"},"aioseo_notices":[],"_links":{"self":[{"href":"https:\/\/turbomotori.com\/de\/wp-json\/wp\/v2\/product\/2169","targetHints":{"allow":["GET"]}}],"collection":[{"href":"https:\/\/turbomotori.com\/de\/wp-json\/wp\/v2\/product"}],"about":[{"href":"https:\/\/turbomotori.com\/de\/wp-json\/wp\/v2\/types\/product"}],"replies":[{"embeddable":true,"href":"https:\/\/turbomotori.com\/de\/wp-json\/wp\/v2\/comments?post=2169"}],"wp:featuredmedia":[{"embeddable":true,"href":"https:\/\/turbomotori.com\/de\/wp-json\/wp\/v2\/media\/5457"}],"wp:attachment":[{"href":"https:\/\/turbomotori.com\/de\/wp-json\/wp\/v2\/media?parent=2169"}],"wp:term":[{"taxonomy":"product_brand","embeddable":true,"href":"https:\/\/turbomotori.com\/de\/wp-json\/wp\/v2\/product_brand?post=2169"},{"taxonomy":"product_cat","embeddable":true,"href":"https:\/\/turbomotori.com\/de\/wp-json\/wp\/v2\/product_cat?post=2169"},{"taxonomy":"product_tag","embeddable":true,"href":"https:\/\/turbomotori.com\/de\/wp-json\/wp\/v2\/product_tag?post=2169"}],"curies":[{"name":"wp","href":"https:\/\/api.w.org\/{rel}","templated":true}]}}