{"id":2182,"date":"2020-04-23T11:54:53","date_gmt":"2020-04-23T11:54:53","guid":{"rendered":"https:\/\/turbomotori.com\/?post_type=product&#038;p=2182"},"modified":"2025-06-19T10:21:29","modified_gmt":"2025-06-19T08:21:29","slug":"turbo-733783-4-rigenerato-volkswagen-1-4-td","status":"publish","type":"product","link":"https:\/\/turbomotori.com\/de\/produkt\/turbo-733783-4-wiederaufbereitet-volkswagen-1-4-td\/","title":{"rendered":"Turbo 733783-4 f\u00fcr Volkswagen 1.4 TD"},"content":{"rendered":"<p><strong>Garrett \u00fcberholter Turbo 733783-4 komplett mit Pneumatikventil f\u00fcr Volkswagen \u2705 S-IV<\/strong><\/p>\n<p>Turbine kompatibel mit: 045253019L \/ 720243-0001 \/ 720243-1 \/ 720243-2 \/ 720243-5001S \/ 7202430001 \/ 7202430002 \/ 733783-0004 \/ 733783-0007 \/ 733783-0008 \/ 733783-1 \/ 733783-4 \/ 733783-5007S \/ 733783-5008S \/ 733783-8 \/ 733783-7 \/ 045253019G<\/p>\n<p>Passt: Volkswagen\/Skoda\/Seat\/Audi 1.4 TD<\/p>\n<p>Turbine neu und wiederaufbereitet erh\u00e4ltlich<\/p>\n<p><span style=\"color: #000000;\">-Preis wiederaufbereiteter Turbolader <span>280,00<\/span> \u20ac einschlie\u00dflich Mehrwertsteuer\u00a0<\/span><\/p>\n<p>&#8211;<a href=\"https:\/\/turbomotori.com\/de\/weitere-informationen\/\"> Klicken Sie f\u00fcr weitere Informationen\u00a0<\/a><\/p>\n<p>&#8211; <a href=\"https:\/\/turbomotori.com\/de\/turbo-code-verbleibend\/\">Hinweise zur Identifizierung des Turbo-Codes<\/a><\/p>","protected":false},"excerpt":{"rendered":"<p>Garrett \u00fcberholter Turbo 733783-4 komplett mit Pneumatikventil f\u00fcr Volkswagen \u2705 S-IV<\/p>\n<p>Turbine kompatibel mit: 045253019L \/ 720243-0001 \/ 720243-1 \/ 720243-2 \/ 720243-5001S \/ 7202430001 \/ 7202430002 \/ 733783-0004 \/ 733783-0007 \/ 733783-0008 \/ 733783-1 \/ 733783-4 \/ 733783-5007S \/ 733783-5008S \/ 733783-8 \/ 733783-7 \/ 045253019G<\/p>\n<p>Passt: Volkswagen\/Skoda\/Seat\/Audi 1.4 TD<\/p>\n<p>Turbine neu und wiederaufbereitet erh\u00e4ltlich<\/p>\n<p><span style=\"color: #000000;\">-Preis wiederaufbereiteter Turbolader <span>280,00<\/span> \u20ac einschlie\u00dflich Mehrwertsteuer\u00a0<\/span><\/p>\n<p><a title=\"KONTAKTE\" href=\"https:\/\/turbomotori.com\/de\/kontakte\/\">Rufen Sie an f\u00fcr ein kostenloses Angebot <\/a><em>Tel.<\/em> <a href=\"tel:0309050658\">030.9050658<\/a>\u00a0 <em>Cel<\/em>\u00a0<a href=\"tel:3382854452\">338.2854452<\/a>\u00a0\u00a0<em>WhatsApp<\/em><a href=\"https:\/\/api.whatsapp.com\/send?phone=393925701009 &amp;text=Salve,%20vorrei%20qualche%20informazione%20in%20merito%20ai%20vostri%20prodotti.\">\u00a0 392.5701009<\/a><\/p>","protected":false},"featured_media":5469,"comment_status":"closed","ping_status":"closed","template":"","meta":{"_acf_changed":false},"product_brand":[],"product_cat":[24,22,26],"product_tag":[111,35,58,47,1337,51],"class_list":{"0":"post-2182","1":"product","2":"type-product","3":"status-publish","4":"has-post-thumbnail","6":"product_cat-turbo-turbina-nuova","7":"product_cat-turbo-turbina","8":"product_cat-turbo-turbina-rigenerata","9":"product_tag-733783-4","10":"product_tag-audi","11":"product_tag-seat","12":"product_tag-skoda","13":"product_tag-turbo-in-pronta-consegna","14":"product_tag-volkswagen","16":"first","17":"instock","18":"shipping-taxable","19":"purchasable","20":"product-type-simple"},"acf":{"codice_oem":"","compatibile_con":"045253019L \/ 720243-0001 \/ 720243-1 \/ 720243-2 \/ 720243-5001S \/ 7202430001 \/ 7202430002 \/ 733783-0004 \/ 733783-0007 \/ 733783-0008 \/ 733783-1 \/ 733783-4 \/ 733783-5007S \/ 733783-5008S \/ 733783-8 \/ 733783-7 \/ 045253019G","monta_su":"Volkswagen\/Skoda\/Seat\/Audi\u00a0\u00a01.4 TD","codice_motore":"","anno":"","cilindrata":"","carburante":"","cv":"","kw":"","garanzia_12_mesi":false,"composizione":"","disponibilita":"-"},"aioseo_notices":[],"_links":{"self":[{"href":"https:\/\/turbomotori.com\/de\/wp-json\/wp\/v2\/product\/2182","targetHints":{"allow":["GET"]}}],"collection":[{"href":"https:\/\/turbomotori.com\/de\/wp-json\/wp\/v2\/product"}],"about":[{"href":"https:\/\/turbomotori.com\/de\/wp-json\/wp\/v2\/types\/product"}],"replies":[{"embeddable":true,"href":"https:\/\/turbomotori.com\/de\/wp-json\/wp\/v2\/comments?post=2182"}],"wp:featuredmedia":[{"embeddable":true,"href":"https:\/\/turbomotori.com\/de\/wp-json\/wp\/v2\/media\/5469"}],"wp:attachment":[{"href":"https:\/\/turbomotori.com\/de\/wp-json\/wp\/v2\/media?parent=2182"}],"wp:term":[{"taxonomy":"product_brand","embeddable":true,"href":"https:\/\/turbomotori.com\/de\/wp-json\/wp\/v2\/product_brand?post=2182"},{"taxonomy":"product_cat","embeddable":true,"href":"https:\/\/turbomotori.com\/de\/wp-json\/wp\/v2\/product_cat?post=2182"},{"taxonomy":"product_tag","embeddable":true,"href":"https:\/\/turbomotori.com\/de\/wp-json\/wp\/v2\/product_tag?post=2182"}],"curies":[{"name":"wp","href":"https:\/\/api.w.org\/{rel}","templated":true}]}}