{"id":2648,"date":"2020-06-11T09:21:38","date_gmt":"2020-06-11T09:21:38","guid":{"rendered":"https:\/\/turbomotori.com\/?post_type=product&#038;p=2648"},"modified":"2025-01-03T15:47:48","modified_gmt":"2025-01-03T14:47:48","slug":"turbo-781504-4-rigenerato-opel-astra-j-1-4","status":"publish","type":"product","link":"https:\/\/turbomotori.com\/de\/produkt\/turbo-781504-4-wiederaufbereitet-opel-astra-j-1-4\/","title":{"rendered":"Turbo 781504-4 f\u00fcr Opel Astra J 1.4"},"content":{"rendered":"<p><strong>\u00dcberholter Garrett-Turbo 781504-4 f\u00fcr Opel \u2705 S-III<\/strong><\/p>\n<p>OEM-Code: E55565353\/ E-55565353\/ 55565353\/ 860156\/ 25201063<\/p>\n<p>Turbine kompatibel mit: 781504-0014\/ 781504-0011\/ 781504-0001\/ 781504-0002\/ 781504-0004\/ 781504-0006\/ 781504-0007\/ 781504-14\/ 781504-11\/ 781504-1\/ 781504-2\/ 781504-4\/ 781504-6\/ 781504-7\/ 781504-5014S\/ 781504-5011S\/ 781504-5001S\/ 781504-5002S\/ 781504-5004S\/ 781504-5006S\/ 781504-5007S\/ 781504-5014\/ 781504-5011\/ 781504-5001\/ 781504-5002\/ 781504-5004\/ 781504-5006\/ 781504-5007\/ 781504-0005\/ 781504-0013\/ 853215-0003<\/p>\n<p>Passend f\u00fcr: Chevrolet Cruze 1.4 Ecotec\/ Chevrolet Orlando 1.4 Ecotec\/ Chevrolet Tracker 1.4 Ecotec\/ Chevrolet Trax 1.4 Ecotec\/ Chevrolet Trax BiFuel 1.4 Ecotec\/ Opel Adam 1.4 Ecotec\/ Opel Astra 1.4 Ecotec\/ Opel Astra J 1.4\/ Opel Astra J GTC 1.4 Ecotec\/ Opel Cascada 1.4 Ecotec\/ Opel Corsa D Ecotec 1.4\/ Opel Corsa E 1.4 [2014+]\nOpel Corsa Van D Ecotec 1.4\/ Opel Insignia 1.4 Ecotec\/ Opel Meriva 1.4 Ecotec\/ Opel Meriva B 1.4 Ecotec\/ Opel Mokka 1.4 Ecotec\/ Opel Zafira Tourer C 1.4 Ecotec\/ Vauxhall 1.4 Ecotec<\/p>\n<p>Motorcode: A14NET<\/p>\n<p>Turbine neu und wiederaufbereitet erh\u00e4ltlich<\/p>\n<p><span style=\"color: #000000;\">-Nachgefertigter Turbolader Preis \u20ac 399,00 MWSt. INKLUSIVE<\/span><\/p>\n<p><strong>Der Turbo ist eine der empfindlichsten Versionen! Durch \u00dcberhitzung k\u00f6nnen Risse oder Spr\u00fcnge in der Schnecke oder im Auspuffkr\u00fcmmer entstehen. In diesem Fall zwingt uns die Turbo-Regeneration dazu, das Teil durch ein neues zu ersetzen.\u00a0<\/strong><\/p>\n<p><strong>-Nachgefertigter Turbolader Preis 480,00 \u20ac inkl. MwSt. (einschlie\u00dflich Ersatz der Schnecke oder des Auspuffkr\u00fcmmers)<\/strong><\/p>\n<p>&#8211;<a href=\"https:\/\/turbomotori.com\/de\/weitere-informationen\/\"> Klicken Sie f\u00fcr weitere Informationen\u00a0<\/a><\/p>\n<p>&#8211; <a href=\"https:\/\/turbomotori.com\/de\/turbo-code-verbleibend\/\">Hinweise zur Identifizierung des Turbo-Codes<\/a><\/p>\n<p>&nbsp;<\/p>\n<p>&nbsp;<\/p>","protected":false},"excerpt":{"rendered":"<p><strong>\u00dcberholter Garrett-Turbo 781504-4 f\u00fcr Opel \u2705 S-III<\/strong><\/p>\n<p>OEM-Code: E55565353\/ E-55565353\/ 55565353\/ 860156\/ 25201063<\/p>\n<p>Monta su: Chevrolet Cruze 1.4 Ecotec \/\u00a0Chevrolet Orlando 1.4 Ecotec \/\u00a0Chevrolet Tracker 1.4 Ecotec \/\u00a0Chevrolet Trax 1.4 Ecotec \/\u00a0Chevrolet Trax BiFuel 1.4 Ecotec \/\u00a0Opel Adam 1.4 Ecotec\/\u00a0Opel Astra 1.4 Ecotec\/\u00a0Opel Astra J 1.4\/\u00a0Opel Astra J GTC 1.4 Ecotec \/\u00a0Opel Cascada 1.4 Ecotec\/\u00a0Opel Corsa D Ecotec 1.4\/\u00a0Opel Corsa E 1.4 [2014+]<br \/>\nOpel Corsa Van D Ecotec 1.4\/\u00a0Opel Insignia 1.4 Ecotec\/\u00a0Opel Meriva 1.4 Ecotec\/\u00a0Opel Meriva B 1.4 Ecotec\/\u00a0Opel Mokka 1.4 Ecotec \/Opel Zafira Tourer C 1.4 Ecotec\/ Vauxhall 1.4 Ecotec<\/p>\n<p>Motorcode: A14NET<\/p>\n<p>Turbine neu und wiederaufbereitet erh\u00e4ltlich<\/p>\n<p><span style=\"color: #000000;\">-Nachgefertigter Turbolader Preis \u20ac 399,00 MWSt. INKLUSIVE<\/span><\/p>\n<p><strong>Der Turbo ist eine der empfindlichsten Versionen! Durch \u00dcberhitzung k\u00f6nnen Risse oder Spr\u00fcnge in der Schnecke oder im Auspuffkr\u00fcmmer entstehen. In diesem Fall zwingt uns die Turbo-Regeneration dazu, das Teil durch ein neues zu ersetzen.\u00a0<\/strong><\/p>\n<p>-Nachgefertigter Turbolader Preis 480,00 \u20ac inkl. MwSt. (einschlie\u00dflich Ersatz der Schnecke oder des Auspuffkr\u00fcmmers)<\/p>\n<p><a title=\"KONTAKTE\" href=\"https:\/\/turbomotori.com\/de\/kontakte\/\">Rufen Sie an f\u00fcr ein kostenloses Angebot <\/a><em>Tel.<\/em> <a href=\"tel:0309050658\">030.9050658<\/a>\u00a0 <em>Cel<\/em>\u00a0<a href=\"tel:3382854452\">338.2854452<\/a>\u00a0\u00a0<em>WhatsApp<\/em><a href=\"https:\/\/api.whatsapp.com\/send?phone=393925701009 &amp;text=Salve,%20vorrei%20qualche%20informazione%20in%20merito%20ai%20vostri%20prodotti.\">\u00a0 392.5701009<\/a><\/p>","protected":false},"featured_media":5422,"comment_status":"closed","ping_status":"closed","template":"","meta":{"_acf_changed":false},"product_brand":[],"product_cat":[24,22,26],"product_tag":[1558,1135,45,478,1337],"class_list":{"0":"post-2648","1":"product","2":"type-product","3":"status-publish","4":"has-post-thumbnail","6":"product_cat-turbo-turbina-nuova","7":"product_cat-turbo-turbina","8":"product_cat-turbo-turbina-rigenerata","9":"product_tag-1558","10":"product_tag-781504-4","11":"product_tag-opel","12":"product_tag-turbo-garrett","13":"product_tag-turbo-in-pronta-consegna","15":"first","16":"instock","17":"shipping-taxable","18":"purchasable","19":"product-type-simple"},"acf":{"codice_oem":"E55565353\/ E-55565353\/ 55565353\/ 860156\/ 25201063","compatibile_con":"781504-0014\/ 781504-0011\/ 781504-0001\/ 781504-0002\/ 781504-0004\/ 781504-0006\/ 781504-0007\/ 781504-14\/ 781504-11\/ 781504-1\/ 781504-2\/ 781504-4\/ 781504-6\/ 781504-7\/ 781504-5014S\/ 781504-5011S\/ 781504-5001S\/ 781504-5002S\/ 781504-5004S\/ 781504-5006S\/ 781504-5007S\/ 781504-5014\/ 781504-5011\/ 781504-5001\/ 781504-5002\/ 781504-5004\/ 781504-5006\/ 781504-5007\/ 781504-0005\/ 781504-0013\/ 853215-0003","monta_su":"Chevrolet Cruze 1.4 Ecotec \/\u00a0Chevrolet Orlando 1.4 Ecotec \/\u00a0Chevrolet Tracker 1.4 Ecotec \/\u00a0Chevrolet Trax 1.4 Ecotec \/\u00a0Chevrolet Trax BiFuel 1.4 Ecotec \/\u00a0Opel Adam 1.4 Ecotec\/\u00a0Opel Astra 1.4 Ecotec\/\u00a0Opel Astra J 1.4\/\u00a0Opel Astra J GTC 1.4 Ecotec \/\u00a0Opel Cascada 1.4 Ecotec\/\u00a0Opel Corsa D Ecotec 1.4\/\u00a0Opel Corsa E 1.4 [2014+] Opel Corsa Van D Ecotec 1.4\/\u00a0Opel Insignia 1.4 Ecotec\/\u00a0Opel Meriva 1.4 Ecotec\/\u00a0Opel Meriva B 1.4 Ecotec\/\u00a0Opel Mokka 1.4 Ecotec \/Opel Zafira Tourer C 1.4 Ecotec\/ Vauxhall 1.4 Ecotec","codice_motore":"A14NET","anno":"","cilindrata":"","carburante":"","cv":"","kw":"","garanzia_12_mesi":false,"composizione":"","disponibilita":"-"},"aioseo_notices":[],"_links":{"self":[{"href":"https:\/\/turbomotori.com\/de\/wp-json\/wp\/v2\/product\/2648","targetHints":{"allow":["GET"]}}],"collection":[{"href":"https:\/\/turbomotori.com\/de\/wp-json\/wp\/v2\/product"}],"about":[{"href":"https:\/\/turbomotori.com\/de\/wp-json\/wp\/v2\/types\/product"}],"replies":[{"embeddable":true,"href":"https:\/\/turbomotori.com\/de\/wp-json\/wp\/v2\/comments?post=2648"}],"wp:featuredmedia":[{"embeddable":true,"href":"https:\/\/turbomotori.com\/de\/wp-json\/wp\/v2\/media\/5422"}],"wp:attachment":[{"href":"https:\/\/turbomotori.com\/de\/wp-json\/wp\/v2\/media?parent=2648"}],"wp:term":[{"taxonomy":"product_brand","embeddable":true,"href":"https:\/\/turbomotori.com\/de\/wp-json\/wp\/v2\/product_brand?post=2648"},{"taxonomy":"product_cat","embeddable":true,"href":"https:\/\/turbomotori.com\/de\/wp-json\/wp\/v2\/product_cat?post=2648"},{"taxonomy":"product_tag","embeddable":true,"href":"https:\/\/turbomotori.com\/de\/wp-json\/wp\/v2\/product_tag?post=2648"}],"curies":[{"name":"wp","href":"https:\/\/api.w.org\/{rel}","templated":true}]}}