{"id":2658,"date":"2020-06-12T08:49:35","date_gmt":"2020-06-12T08:49:35","guid":{"rendered":"https:\/\/turbomotori.com\/?post_type=product&#038;p=2658"},"modified":"2025-01-03T15:43:56","modified_gmt":"2025-01-03T14:43:56","slug":"turbo-789533-1-chevrolet-cruze-1-7-td-130cv","status":"publish","type":"product","link":"https:\/\/turbomotori.com\/de\/produkt\/turbo-789533-1-chevrolet-cruze-1-7-td-130hp\/","title":{"rendered":"Turbo 789533-1 f\u00fcr Chevrolet Cruze 1.7 TD 130hp"},"content":{"rendered":"<p><strong>\u00dcberholter Garrett GT1446VZ-Turbolader 789533-1 f\u00fcr Chevrolet \u2705 S-II<\/strong><\/p>\n<p>Turbine kompatibel mit: 789533-0001\/789533-0002\/ 789533\/1\/ 789500-2\/789533-5001S\/ 789533.5002S\/ 789533-9002S\/7895335001S\/ 7895339002S\/E55567731\/ GT1446VZ<\/p>\n<p>Passt auf: Chevrolet Cruze 1.7 TD 130 hp<\/p>\n<p>Motorcode: A17DTS<\/p>\n<p>Turbine neu und wiederaufbereitet erh\u00e4ltlich<\/p>\n<p><span style=\"color: #000000;\">-Preis wiederaufbereiteter Turbolader <span>388,50<\/span> \u20ac einschlie\u00dflich Mehrwertsteuer\u00a0<\/span><\/p>\n<p>&#8211;<a href=\"https:\/\/turbomotori.com\/de\/weitere-informationen\/\"> Klicken Sie f\u00fcr weitere Informationen\u00a0<\/a><\/p>\n<p>&#8211; <a href=\"https:\/\/turbomotori.com\/de\/turbo-code-verbleibend\/\">Hinweise zur Identifizierung des Turbo-Codes<\/a><\/p>\n<p>&nbsp;<\/p>","protected":false},"excerpt":{"rendered":"<p><strong>\u00dcberholter Garrett GT1446VZ-Turbolader 789533-1 f\u00fcr Chevrolet \u2705 S-II<\/strong><\/p>\n<p>Turbine kompatibel mit: 789533-0001\/789533-0002\/ 789533\/1\/ 789500-2\/789533-5001S\/ 789533.5002S\/ 789533-9002S\/7895335001S\/ 7895339002S\/E55567731\/ GT1446VZ<\/p>\n<p>Passt auf: Chevrolet Cruze 1.7 TD 130 hp<\/p>\n<p>Turbine neu und wiederaufbereitet erh\u00e4ltlich<\/p>\n<p><span style=\"color: #000000;\">-Preis wiederaufbereiteter Turbolader <span>388,50<\/span> \u20ac einschlie\u00dflich Mehrwertsteuer\u00a0<\/span><\/p>\n<p><a title=\"KONTAKTE\" href=\"https:\/\/turbomotori.com\/de\/kontakte\/\">Rufen Sie an f\u00fcr ein kostenloses Angebot <\/a><em>Tel.<\/em> <a href=\"tel:0309050658\">030.9050658<\/a>\u00a0 <em>Cel<\/em>\u00a0<a href=\"tel:3382854452\">338.2854452<\/a>\u00a0\u00a0<em>WhatsApp<\/em><a href=\"https:\/\/api.whatsapp.com\/send?phone=393925701009 &amp;text=Salve,%20vorrei%20qualche%20informazione%20in%20merito%20ai%20vostri%20prodotti.\">\u00a0 392.5701009<\/a><\/p>","protected":false},"featured_media":5352,"comment_status":"closed","ping_status":"closed","template":"","meta":{"_acf_changed":false},"product_brand":[],"product_cat":[26],"product_tag":[1133,193,478,1337],"class_list":{"0":"post-2658","1":"product","2":"type-product","3":"status-publish","4":"has-post-thumbnail","6":"product_cat-turbo-turbina-rigenerata","7":"product_tag-789533-1","8":"product_tag-chevrolet","9":"product_tag-turbo-garrett","10":"product_tag-turbo-in-pronta-consegna","12":"first","13":"instock","14":"shipping-taxable","15":"purchasable","16":"product-type-simple"},"acf":{"codice_oem":"","compatibile_con":"789533-0001\/789533-0002\/ 789533\/1\/ 789500-2\/789533-5001S\/ 789533.5002S\/ 789533-9002S\/7895335001S\/ 7895339002S\/E55567731\/ GT1446VZ","monta_su":"Chevrolet Cruze 1.7 TD 130 CV","codice_motore":"A17DTS","anno":"","cilindrata":"","carburante":"","cv":"","kw":"","garanzia_12_mesi":false,"composizione":"","disponibilita":"-"},"aioseo_notices":[],"_links":{"self":[{"href":"https:\/\/turbomotori.com\/de\/wp-json\/wp\/v2\/product\/2658","targetHints":{"allow":["GET"]}}],"collection":[{"href":"https:\/\/turbomotori.com\/de\/wp-json\/wp\/v2\/product"}],"about":[{"href":"https:\/\/turbomotori.com\/de\/wp-json\/wp\/v2\/types\/product"}],"replies":[{"embeddable":true,"href":"https:\/\/turbomotori.com\/de\/wp-json\/wp\/v2\/comments?post=2658"}],"wp:featuredmedia":[{"embeddable":true,"href":"https:\/\/turbomotori.com\/de\/wp-json\/wp\/v2\/media\/5352"}],"wp:attachment":[{"href":"https:\/\/turbomotori.com\/de\/wp-json\/wp\/v2\/media?parent=2658"}],"wp:term":[{"taxonomy":"product_brand","embeddable":true,"href":"https:\/\/turbomotori.com\/de\/wp-json\/wp\/v2\/product_brand?post=2658"},{"taxonomy":"product_cat","embeddable":true,"href":"https:\/\/turbomotori.com\/de\/wp-json\/wp\/v2\/product_cat?post=2658"},{"taxonomy":"product_tag","embeddable":true,"href":"https:\/\/turbomotori.com\/de\/wp-json\/wp\/v2\/product_tag?post=2658"}],"curies":[{"name":"wp","href":"https:\/\/api.w.org\/{rel}","templated":true}]}}