{"id":2703,"date":"2020-06-17T06:21:23","date_gmt":"2020-06-17T06:21:23","guid":{"rendered":"https:\/\/turbomotori.com\/?post_type=product&#038;p=2703"},"modified":"2025-01-03T15:35:49","modified_gmt":"2025-01-03T14:35:49","slug":"turbo-rigenerato-bv30-66a-0003-volkswagen-audi-1-4-tdi","status":"publish","type":"product","link":"https:\/\/turbomotori.com\/de\/produkt\/wiederaufbereiteter-turbo-bv30-66a-0003-volkswagen-audi-1-4-tdi\/","title":{"rendered":"\u00dcberholter Turbo BV30-66A-0003 f\u00fcr Volkswagen, Audi 1.4 TDI"},"content":{"rendered":"<p><strong>KKK \u00fcberholter BV30-66A-0003 Turbolader komplett mit elektrischem Stellmotor f\u00fcr Audi, Volkswagen \u2705 S-III<\/strong><\/p>\n<p><strong>Turbine<\/strong> kompatibel mit: 16309980005\/ 1630 998 0005\/ 1630-998-0005\/ 16309700005\/ 1630 970 0005\/ 1630-970-0005\/ BV30-66A-0005\/ BV3066A0005\/ 16309700003\/ 1630 970 0003\/ 1630-970-0003\/ BV30-66A-0003\/ 16309700002\/ 1630 970 0002\/ 1630-970-0002\/ BV30-66A-0002\/ BV3066A0002\/ 16309700001\/ 1630 970 0001\/ 1630-970-0001\/ BV30-66A-0001\/ BV3066A0001\/ 16309700000\/ 1630 970 0000\/ 1630-970-0000\/ BV30-66A-0000\/ BV3066A0000<\/p>\n<p>OEM-Code: 04B253020\/ 04B253019A\/ 04B 253 019A\/ 04B253019F\/ 04B 253 019F\/ 04B253019G\/ 04B 253 019G\/ V03846515C<\/p>\n<p>Passend f\u00fcr: Volkswagen Polo, Lupo 1.4 TDI 89hp\/ Seat Ibiza, Toledo 1.4 TDI 89hp\/ Skoda Fabia, Rapid 1.4 TDI 89hp\/ Audi A1 1.4 TDI 90hp<\/p>\n<p>Turbine neu und wiederaufbereitet erh\u00e4ltlich<\/p>\n<p><span style=\"color: #000000;\">-Preis wiederaufbereiteter Turbolader <span>514,50<\/span> \u20ac einschlie\u00dflich Mehrwertsteuer\u00a0<\/span><\/p>\n<p>&#8211;<a href=\"https:\/\/turbomotori.com\/de\/weitere-informationen\/\"> Klicken Sie f\u00fcr weitere Informationen\u00a0<\/a><\/p>\n<p>&#8211; <a href=\"https:\/\/turbomotori.com\/de\/turbo-code-verbleibend\/\">Hinweise zur Identifizierung des Turbo-Codes<\/a><\/p>","protected":false},"excerpt":{"rendered":"<p><strong>KKK \u00fcberholter BV30-66A-0003 Turbolader komplett mit elektrischem Stellmotor f\u00fcr Audi, Volkswagen \u2705 S-III<\/strong><\/p>\n<p><strong>Turbine<\/strong> kompatibel mit: 16309980005\/ 1630 998 0005\/ 1630-998-0005\/ 16309700005\/ 1630 970 0005\/ 1630-970-0005\/ BV30-66A-0005\/ BV3066A0005\/ 16309700003\/ 1630 970 0003\/ 1630-970-0003\/ BV30-66A-0003\/ 16309700002\/ 1630 970 0002\/ 1630-970-0002\/ BV30-66A-0002\/ BV3066A0002\/ 16309700001\/ 1630 970 0001\/ 1630-970-0001\/ BV30-66A-0001\/ BV3066A0001\/ 16309700000\/ 1630 970 0000\/ 1630-970-0000\/ BV30-66A-0000\/ BV3066A0000<\/p>\n<p>OEM-Code: 04B253020\/ 04B253019A\/ 04B 253 019A\/ 04B253019F\/ 04B 253 019F\/ 04B253019G\/ 04B 253 019G\/ V03846515C<\/p>\n<p>Passend f\u00fcr: Volkswagen Polo, Lupo 1.4 TDI 89hp\/ Seat Ibiza, Toledo 1.4 TDI 89hp\/ Skoda Fabia, Rapid 1.4 TDI 89hp\/ Audi A1 1.4 TDI 90hp<\/p>\n<p>Turbine neu und wiederaufbereitet erh\u00e4ltlich<\/p>\n<p><span style=\"color: #000000;\">-Preis wiederaufbereiteter Turbolader <span>514,50<\/span> \u20ac einschlie\u00dflich Mehrwertsteuer\u00a0<\/span><\/p>\n<p><a title=\"KONTAKTE\" href=\"https:\/\/turbomotori.com\/de\/kontakte\/\">Rufen Sie an f\u00fcr ein kostenloses Angebot <\/a><em>Tel.<\/em> <a href=\"tel:0309050658\">030.9050658<\/a>\u00a0 <em>Cel<\/em>\u00a0<a href=\"tel:3382854452\">338.2854452<\/a>\u00a0\u00a0<em>WhatsApp<\/em><a href=\"https:\/\/api.whatsapp.com\/send?phone=393925701009 &amp;text=Salve,%20vorrei%20qualche%20informazione%20in%20merito%20ai%20vostri%20prodotti.\">\u00a0 392.5701009<\/a><\/p>","protected":false},"featured_media":5418,"comment_status":"closed","ping_status":"closed","template":"","meta":{"_acf_changed":false},"product_brand":[],"product_cat":[24,22,26],"product_tag":[1118,56,58,47,1337,51],"class_list":{"0":"post-2703","1":"product","2":"type-product","3":"status-publish","4":"has-post-thumbnail","6":"product_cat-turbo-turbina-nuova","7":"product_cat-turbo-turbina","8":"product_cat-turbo-turbina-rigenerata","9":"product_tag-bv30-66a-0003","10":"product_tag-kkk","11":"product_tag-seat","12":"product_tag-skoda","13":"product_tag-turbo-in-pronta-consegna","14":"product_tag-volkswagen","16":"first","17":"instock","18":"shipping-taxable","19":"purchasable","20":"product-type-simple"},"acf":{"codice_oem":"04B253020\/ 04B253019A\/ 04B 253 019A\/ 04B253019F\/ 04B 253 019F\/ 04B253019G\/ 04B 253 019G\/ V03846515C","compatibile_con":"1630-970-0003 \/ 16309700003 \/\u00a016309980005 \/ 1630 998 0005 \/ 1630-998-0005 \/\u00a016309700005 \/ 1630 970 0005 \/ 1630-970-0005\/ BV30-66A-0005\/ BV3066A0005 \/\u00a016309700003 \/ 1630 970 0003 \/ 1630-970-0003 \/ BV30-66A-0003 \/ BV3066A0003 \/\u00a016309700002 \/ 1630 970 0002 \/ 1630-970-0002 \/ BV30-66A-0002 \/ BV3066A0002 \/\u00a016309700001\/ 1630 970 0001\/ 1630-970-0001\/ BV30-66A-0001\/ BV3066A0001\/\u00a016309700000\/ 1630 970 0000\/ 1630-970-0000\/ BV30-66A-0000\/ BV3066A0000","monta_su":"Volkswagen Polo, Lupo 1.4 TDI 89cv\/\u00a0\u00a0Seat Ibiza, Toledo 1.4 TDI 89cv\/\u00a0\u00a0Skoda Fabia, Rapid 1.4 TDI 89cv\/\u00a0Audi \u00a0A1 \u00a01.4 TDI \u00a090cv","codice_motore":"","anno":"","cilindrata":"","carburante":"","cv":"","kw":"","garanzia_12_mesi":false,"composizione":"","disponibilita":"-"},"aioseo_notices":[],"_links":{"self":[{"href":"https:\/\/turbomotori.com\/de\/wp-json\/wp\/v2\/product\/2703","targetHints":{"allow":["GET"]}}],"collection":[{"href":"https:\/\/turbomotori.com\/de\/wp-json\/wp\/v2\/product"}],"about":[{"href":"https:\/\/turbomotori.com\/de\/wp-json\/wp\/v2\/types\/product"}],"replies":[{"embeddable":true,"href":"https:\/\/turbomotori.com\/de\/wp-json\/wp\/v2\/comments?post=2703"}],"wp:featuredmedia":[{"embeddable":true,"href":"https:\/\/turbomotori.com\/de\/wp-json\/wp\/v2\/media\/5418"}],"wp:attachment":[{"href":"https:\/\/turbomotori.com\/de\/wp-json\/wp\/v2\/media?parent=2703"}],"wp:term":[{"taxonomy":"product_brand","embeddable":true,"href":"https:\/\/turbomotori.com\/de\/wp-json\/wp\/v2\/product_brand?post=2703"},{"taxonomy":"product_cat","embeddable":true,"href":"https:\/\/turbomotori.com\/de\/wp-json\/wp\/v2\/product_cat?post=2703"},{"taxonomy":"product_tag","embeddable":true,"href":"https:\/\/turbomotori.com\/de\/wp-json\/wp\/v2\/product_tag?post=2703"}],"curies":[{"name":"wp","href":"https:\/\/api.w.org\/{rel}","templated":true}]}}