{"id":2705,"date":"2020-06-17T06:44:00","date_gmt":"2020-06-17T06:44:00","guid":{"rendered":"https:\/\/turbomotori.com\/?post_type=product&#038;p=2705"},"modified":"2025-01-03T15:34:52","modified_gmt":"2025-01-03T14:34:52","slug":"turbo-rigenerato-776403-2-citroen-peugeot-177-kw-240-cv","status":"publish","type":"product","link":"https:\/\/turbomotori.com\/de\/produkt\/wiederaufbereiteter-turbo-776403-2-citroen-peugeot-177-kw-240-hp\/","title":{"rendered":"Turbo 776403-2 f\u00fcr Citroen, Peugeot 177 kw 240 PS"},"content":{"rendered":"<p><strong>Garrett \u00fcberholter Turbo 776403-2 komplett mit elektrischem Stellantrieb f\u00fcr Citroen \/ Peugeot \u2705 S-III<\/strong><\/p>\n<p>Turbine kompatibel mit: 776403-5003S \/ 776403-5002S \/ 776403-3 \/ 776403-2 \/ 776403-0003 \/ 776403-0002<\/p>\n<p>Passt auf: Citroen C6 3.0 240hp, Peugeot 407 177kw 240hp<\/p>\n<p>Turbine neu und wiederaufbereitet erh\u00e4ltlich<\/p>\n<p><span style=\"color: #000000;\">-Preis wiederaufbereiteter Turbolader <span>304,50<\/span> \u20ac einschlie\u00dflich Mehrwertsteuer\u00a0<\/span><\/p>\n<p>&#8211;<a href=\"https:\/\/turbomotori.com\/de\/weitere-informationen\/\"> Klicken Sie f\u00fcr weitere Informationen\u00a0<\/a><\/p>\n<p>&#8211; <a href=\"https:\/\/turbomotori.com\/de\/turbo-code-verbleibend\/\">Hinweise zur Identifizierung des Turbo-Codes<\/a><\/p>","protected":false},"excerpt":{"rendered":"<p><strong>Garrett \u00fcberholter Turbo 776403-2 komplett mit elektrischem Stellantrieb f\u00fcr Citroen \/ Peugeot \u2705 S-III<\/strong><\/p>\n<p>Turbine kompatibel mit: 776403-5003S \/ 776403-5002S \/ 776403-3 \/ 776403-2 \/ 776403-0003 \/ 776403-0002<\/p>\n<p>Passt auf: Citroen C6 3.0 240hp, Peugeot 407 177kw 240hp<\/p>\n<p>Turbine neu und wiederaufbereitet erh\u00e4ltlich<\/p>\n<p><span style=\"color: #000000;\">-Preis wiederaufbereiteter Turbolader <span>304,50<\/span> \u20ac einschlie\u00dflich Mehrwertsteuer\u00a0<\/span><\/p>\n<p><a title=\"KONTAKTE\" href=\"https:\/\/turbomotori.com\/de\/kontakte\/\">Rufen Sie an f\u00fcr ein kostenloses Angebot <\/a><em>Tel.<\/em> <a href=\"tel:0309050658\">030.9050658<\/a>\u00a0 <em>Cel<\/em>\u00a0<a href=\"tel:3382854452\">338.2854452<\/a>\u00a0\u00a0<em>WhatsApp<\/em><a href=\"https:\/\/api.whatsapp.com\/send?phone=393925701009 &amp;text=Salve,%20vorrei%20qualche%20informazione%20in%20merito%20ai%20vostri%20prodotti.\">\u00a0 392.5701009<\/a><\/p>","protected":false},"featured_media":5399,"comment_status":"closed","ping_status":"closed","template":"","meta":{"_acf_changed":false},"product_brand":[],"product_cat":[24,22,26],"product_tag":[1117,75,72,478,1337],"class_list":{"0":"post-2705","1":"product","2":"type-product","3":"status-publish","4":"has-post-thumbnail","6":"product_cat-turbo-turbina-nuova","7":"product_cat-turbo-turbina","8":"product_cat-turbo-turbina-rigenerata","9":"product_tag-776403-2","10":"product_tag-citroen","11":"product_tag-peugeot","12":"product_tag-turbo-garrett","13":"product_tag-turbo-in-pronta-consegna","15":"first","16":"instock","17":"shipping-taxable","18":"purchasable","19":"product-type-simple"},"acf":{"codice_oem":"Citroen C6 3.0 \u00a0240cv,\u00a0Peugeot 407 \u00a0177kw 240cv","compatibile_con":"776403-5003S \/ 776403-5002S \/ 776403-3 \/ 776403-2 \/ 776403-0003 \/ 776403-0002","monta_su":"","codice_motore":"","anno":"","cilindrata":"","carburante":"","cv":"","kw":"","garanzia_12_mesi":false,"composizione":"","disponibilita":"-"},"aioseo_notices":[],"_links":{"self":[{"href":"https:\/\/turbomotori.com\/de\/wp-json\/wp\/v2\/product\/2705","targetHints":{"allow":["GET"]}}],"collection":[{"href":"https:\/\/turbomotori.com\/de\/wp-json\/wp\/v2\/product"}],"about":[{"href":"https:\/\/turbomotori.com\/de\/wp-json\/wp\/v2\/types\/product"}],"replies":[{"embeddable":true,"href":"https:\/\/turbomotori.com\/de\/wp-json\/wp\/v2\/comments?post=2705"}],"wp:featuredmedia":[{"embeddable":true,"href":"https:\/\/turbomotori.com\/de\/wp-json\/wp\/v2\/media\/5399"}],"wp:attachment":[{"href":"https:\/\/turbomotori.com\/de\/wp-json\/wp\/v2\/media?parent=2705"}],"wp:term":[{"taxonomy":"product_brand","embeddable":true,"href":"https:\/\/turbomotori.com\/de\/wp-json\/wp\/v2\/product_brand?post=2705"},{"taxonomy":"product_cat","embeddable":true,"href":"https:\/\/turbomotori.com\/de\/wp-json\/wp\/v2\/product_cat?post=2705"},{"taxonomy":"product_tag","embeddable":true,"href":"https:\/\/turbomotori.com\/de\/wp-json\/wp\/v2\/product_tag?post=2705"}],"curies":[{"name":"wp","href":"https:\/\/api.w.org\/{rel}","templated":true}]}}