{"id":2864,"date":"2020-06-29T06:21:49","date_gmt":"2020-06-29T04:21:49","guid":{"rendered":"https:\/\/turbomotori.com\/?post_type=product&#038;p=2864"},"modified":"2025-07-25T17:40:43","modified_gmt":"2025-07-25T15:40:43","slug":"turbo-798128-0004-fiat-peugeot-2-2-hdi","status":"publish","type":"product","link":"https:\/\/turbomotori.com\/de\/produkt\/turbo-798128-0004-fiat-peugeot-2-2-hdi\/","title":{"rendered":"Turbo 798128-0004 f\u00fcr Fiat, Peugeot 2.2 HDi"},"content":{"rendered":"<p><strong>\u00dcberholter Garrett 798128-4 Turbolader f\u00fcr Fiat\/ <\/strong><b>Peugeot komplett mit Elektroantrieb SC. II <strong>\u2705<\/strong><\/b><\/p>\n<p>Turbo-Modell: GTB1749VK<\/p>\n<p>Turbo-Teilenummer: 798128-0002 \/ 798128-2 \/ 798128-0006 \/ 798128-6 \/ 798128-5002S \/ 798128-5002 \/ 798128-5004 \/ 798128-5004S \/ 798128-5006 \/ 798128-5006S \/ 798128-5009 \/ 798128-5009S<\/p>\n<p>OEM-Code: CU3Q6K682BA \/ CU3Q6K682BB \/ CU3Q6K682AB \/ 9802446680 \/ 9676934380<\/p>\n<p>Passt auf: Fiat Ducato III \/ Citroen Jumper II \/ Citroen Relay \/ Peugeot Boxer 110 Kw 150 Hp Diesel<\/p>\n<p>Motorcode: 4H03 \/ 4HG \/ 4HH \/ 4HJ \/ DURATORQ 2.2<\/p>\n<p>Turbine neu und wiederaufbereitet erh\u00e4ltlich<\/p>\n<p><span style=\"color: #000000;\">-Preis wiederaufbereiteter Turbolader <span>409,50<\/span> \u20ac MWST. INKLUSIVE<\/span><\/p>\n<p>&#8211;<a href=\"https:\/\/turbomotori.com\/de\/weitere-informationen\/\"> Klicken Sie f\u00fcr weitere Informationen\u00a0<\/a><\/p>\n<p>&#8211; <a href=\"https:\/\/turbomotori.com\/de\/turbo-code-verbleibend\/\">Hinweise zur Identifizierung des Turbo-Codes<\/a><\/p>","protected":false},"excerpt":{"rendered":"<p><strong>\u00dcberholter Garrett 798128-4 Turbolader f\u00fcr Fiat\/ <\/strong><b>Peugeot komplett mit Elektroantrieb SC. II <strong>\u2705<\/strong><\/b><\/p>\n<p>Turbo-Modell: GTB1749VK<\/p>\n<p>Turbo-Teilenummer: 798128-0002 \/ 798128-2 \/ 798128-0006 \/ 798128-6 \/ 798128-5002S \/ 798128-5002 \/ 798128-5004 \/ 798128-5004S \/ 798128-5006 \/ 798128-5006S \/ 798128-5009 \/ 798128-5009S<\/p>\n<p>OEM-Code: CU3Q6K682BA \/ CU3Q6K682BB \/ CU3Q6K682AB \/ 9802446680 \/ 9676934380<\/p>\n<p>Passt auf: Fiat Ducato III \/ Citroen Jumper II \/ Citroen Relay \/ Peugeot Boxer 110 Kw 150 Hp Diesel<\/p>\n<p>Motorcode: 4H03 \/ 4HG \/ 4HH \/ 4HJ \/ DURATORQ 2.2<\/p>\n<p>Turbine neu und wiederaufbereitet erh\u00e4ltlich<\/p>\n<p><span style=\"color: #000000;\">-Preis wiederaufbereiteter Turbolader <span>409,50<\/span> \u20ac MWST. INKLUSIVE<\/span><\/p>\n<p><a title=\"KONTAKTE\" href=\"https:\/\/turbomotori.com\/de\/kontakte\/\">Rufen Sie an f\u00fcr ein kostenloses Angebot <\/a><em>Tel.<\/em> <a href=\"tel:0309050658\">030.9050658<\/a>\u00a0 <em>Cel<\/em>\u00a0<a href=\"tel:3382854452\">338.2854452<\/a>\u00a0\u00a0<em>WhatsApp<\/em><a href=\"https:\/\/api.whatsapp.com\/send?phone=393925701009 &amp;text=Salve,%20vorrei%20qualche%20informazione%20in%20merito%20ai%20vostri%20prodotti.\">\u00a0 392.5701009<\/a><\/p>","protected":false},"featured_media":6526,"comment_status":"closed","ping_status":"closed","template":"","meta":{"_acf_changed":false},"product_brand":[],"product_cat":[26],"product_tag":[1066,1065,38,478],"class_list":{"0":"post-2864","1":"product","2":"type-product","3":"status-publish","4":"has-post-thumbnail","6":"product_cat-turbo-turbina-rigenerata","7":"product_tag-1066","8":"product_tag-1065","9":"product_tag-fiat","10":"product_tag-turbo-garrett","12":"first","13":"instock","14":"shipping-taxable","15":"purchasable","16":"product-type-simple"},"acf":{"codice_oem":"CU3Q6K682BA \/ CU3Q6K682BB \/ CU3Q6K682AB \/ 9802446680 \/ 9676934380","compatibile_con":"","monta_su":"Fiat Ducato III \/ Citroen Jumper II \/ Citroen Relay \/ Peugeot Boxer 110 Kw 150 Cv Diesel","codice_motore":"4H03 \/ 4HG \/4HH \/ 4HJ \/ DURATORQ","anno":"","cilindrata":"","carburante":"","cv":"","kw":"","garanzia_12_mesi":false,"composizione":"","disponibilita":"-"},"aioseo_notices":[],"_links":{"self":[{"href":"https:\/\/turbomotori.com\/de\/wp-json\/wp\/v2\/product\/2864","targetHints":{"allow":["GET"]}}],"collection":[{"href":"https:\/\/turbomotori.com\/de\/wp-json\/wp\/v2\/product"}],"about":[{"href":"https:\/\/turbomotori.com\/de\/wp-json\/wp\/v2\/types\/product"}],"replies":[{"embeddable":true,"href":"https:\/\/turbomotori.com\/de\/wp-json\/wp\/v2\/comments?post=2864"}],"wp:featuredmedia":[{"embeddable":true,"href":"https:\/\/turbomotori.com\/de\/wp-json\/wp\/v2\/media\/6526"}],"wp:attachment":[{"href":"https:\/\/turbomotori.com\/de\/wp-json\/wp\/v2\/media?parent=2864"}],"wp:term":[{"taxonomy":"product_brand","embeddable":true,"href":"https:\/\/turbomotori.com\/de\/wp-json\/wp\/v2\/product_brand?post=2864"},{"taxonomy":"product_cat","embeddable":true,"href":"https:\/\/turbomotori.com\/de\/wp-json\/wp\/v2\/product_cat?post=2864"},{"taxonomy":"product_tag","embeddable":true,"href":"https:\/\/turbomotori.com\/de\/wp-json\/wp\/v2\/product_tag?post=2864"}],"curies":[{"name":"wp","href":"https:\/\/api.w.org\/{rel}","templated":true}]}}