{"id":369,"date":"2017-09-26T13:53:11","date_gmt":"2017-09-26T13:53:11","guid":{"rendered":"https:\/\/turbomotori.com\/?post_type=product&#038;p=369"},"modified":"2023-09-13T10:55:07","modified_gmt":"2023-09-13T08:55:07","slug":"valvola-egr-hyundai-sonata-tucson-kia-carens","status":"publish","type":"product","link":"https:\/\/turbomotori.com\/de\/produkt\/agr-ventil-hyundai-sonata-tucson-kia-carens\/","title":{"rendered":"AGR-Ventil Hyundai Sonata V Hyundai Tucson Kia Carens III"},"content":{"rendered":"<p>Dieses Egr-Ventil wird haupts\u00e4chlich in den folgenden Fahrzeugmodellen verwendet und eingebaut:<br \/>\nHYUNDAI SONATA V \/<br \/>\nHYUNDAI TUCSON \/<br \/>\nKIA CARENS III.<\/p>\n<p>Die Originalcodes lauten wie folgt:<br \/>\n28410-27410<\/p>\n<p>Hinweis: Pr\u00fcfen Sie wie immer den Code auf dem Ventil in Ihrem Besitz, um sicherzustellen, dass<\/p>","protected":false},"excerpt":{"rendered":"<p>Dieses Egr-Ventil wird haupts\u00e4chlich in den folgenden Fahrzeugmodellen verwendet und installiert: HYUNDAI SONATA V \/ HYUNDAI TUCSON \/ KIA CARENS III. Die urspr\u00fcnglichen Codes sind wie folgt: 28410-27410 Hinweis: Wie immer, \u00fcberpr\u00fcfen Sie bitte den Code auf dem Ventil in Ihrem Besitz, um sicherzustellen, dass<\/p>","protected":false},"featured_media":370,"comment_status":"closed","ping_status":"closed","template":"","meta":{"_acf_changed":false},"product_brand":[],"product_cat":[21],"product_tag":[52,73],"class_list":{"0":"post-369","1":"product","2":"type-product","3":"status-publish","4":"has-post-thumbnail","6":"product_cat-valvola-egr","7":"product_tag-hyundai","8":"product_tag-kia","10":"first","11":"instock","12":"shipping-taxable","13":"product-type-simple"},"acf":[],"aioseo_notices":[],"_links":{"self":[{"href":"https:\/\/turbomotori.com\/de\/wp-json\/wp\/v2\/product\/369","targetHints":{"allow":["GET"]}}],"collection":[{"href":"https:\/\/turbomotori.com\/de\/wp-json\/wp\/v2\/product"}],"about":[{"href":"https:\/\/turbomotori.com\/de\/wp-json\/wp\/v2\/types\/product"}],"replies":[{"embeddable":true,"href":"https:\/\/turbomotori.com\/de\/wp-json\/wp\/v2\/comments?post=369"}],"wp:featuredmedia":[{"embeddable":true,"href":"https:\/\/turbomotori.com\/de\/wp-json\/wp\/v2\/media\/370"}],"wp:attachment":[{"href":"https:\/\/turbomotori.com\/de\/wp-json\/wp\/v2\/media?parent=369"}],"wp:term":[{"taxonomy":"product_brand","embeddable":true,"href":"https:\/\/turbomotori.com\/de\/wp-json\/wp\/v2\/product_brand?post=369"},{"taxonomy":"product_cat","embeddable":true,"href":"https:\/\/turbomotori.com\/de\/wp-json\/wp\/v2\/product_cat?post=369"},{"taxonomy":"product_tag","embeddable":true,"href":"https:\/\/turbomotori.com\/de\/wp-json\/wp\/v2\/product_tag?post=369"}],"curies":[{"name":"wp","href":"https:\/\/api.w.org\/{rel}","templated":true}]}}