{"id":3884,"date":"2020-09-16T06:27:24","date_gmt":"2020-09-16T04:27:24","guid":{"rendered":"https:\/\/turbomotori.com\/?post_type=product&#038;p=3884"},"modified":"2025-07-04T14:44:48","modified_gmt":"2025-07-04T12:44:48","slug":"turbo-fiat-500-abarth-1-4-t-jet-cod-55218934","status":"publish","type":"product","link":"https:\/\/turbomotori.com\/de\/produkt\/turbo-fiat-500-abarth-1-4-t-jet-cod-55218934\/","title":{"rendered":"Turbo 55218934 f\u00fcr Fiat 500 Abarth 1.4 T-JET"},"content":{"rendered":"<p><strong>\u00dcberholter Turbolader Code 55218931 IHI VL38 f\u00fcr Fiat<\/strong><\/p>\n<p>Passt auf: Fiat 500 Abarth 1.4 T-Jet<\/p>\n<p>Motor: 1.4 T-jet 16V<\/p>\n<p>Turbine neu und wiederaufbereitet erh\u00e4ltlich<\/p>\n<p><span style=\"color: #000000;\">-Preis wiederaufbereiteter Turbolader <span>290,00<\/span> \u20ac einschlie\u00dflich Mehrwertsteuer<\/span><\/p>\n<p>&#8211;<a href=\"https:\/\/turbomotori.com\/de\/weitere-informationen\/\"> Klicken Sie f\u00fcr weitere Informationen\u00a0<\/a><\/p>\n<p>&#8211; <a href=\"https:\/\/turbomotori.com\/de\/turbo-code-verbleibend\/\">Hinweise zur Identifizierung des Turbo-Codes<\/a><\/p>","protected":false},"excerpt":{"rendered":"<p><strong>\u00dcberholter Turbolader Code 55218931 IHI VL38 f\u00fcr Fiat<\/strong><\/p>\n<p>Passt auf: Fiat 500 Abarth 1.4 T-Jet<\/p>\n<p>Motor: 1.4 T-jet 16V<\/p>\n<p>Turbine neu und wiederaufbereitet erh\u00e4ltlich<\/p>\n<p><span style=\"color: #000000;\">-Preis wiederaufbereiteter Turbolader <span>290,00<\/span> \u20ac einschlie\u00dflich Mehrwertsteuer<\/span><\/p>\n<p><a title=\"KONTAKTE\" href=\"https:\/\/turbomotori.com\/de\/kontakte\/\">Rufen Sie an f\u00fcr ein kostenloses Angebot <\/a><em>Tel.<\/em> <a href=\"tel:0309050658\">030.9050658<\/a>\u00a0 <em>Cel<\/em>\u00a0<a href=\"tel:3382854452\">338.2854452<\/a>\u00a0\u00a0<em>WhatsApp<\/em><a href=\"https:\/\/api.whatsapp.com\/send?phone=393925701009 &amp;text=Salve,%20vorrei%20qualche%20informazione%20in%20merito%20ai%20vostri%20prodotti.\">\u00a0 392.5701009<\/a><\/p>","protected":false},"featured_media":7140,"comment_status":"closed","ping_status":"closed","template":"","meta":{"_acf_changed":false},"product_brand":[],"product_cat":[26],"product_tag":[1623,38,479,1622],"class_list":{"0":"post-3884","1":"product","2":"type-product","3":"status-publish","4":"has-post-thumbnail","6":"product_cat-turbo-turbina-rigenerata","7":"product_tag-1623","8":"product_tag-fiat","9":"product_tag-ihi","10":"product_tag-turbo-55218934","12":"first","13":"instock","14":"shipping-taxable","15":"purchasable","16":"product-type-simple"},"acf":{"codice_oem":"","compatibile_con":"","monta_su":"Fiat 500 Abarth 1.4 T-Jet","codice_motore":"1.4 T-jet 16V","anno":"","cilindrata":"","carburante":"","cv":"","kw":"","garanzia_12_mesi":false,"composizione":"","disponibilita":"-"},"aioseo_notices":[],"_links":{"self":[{"href":"https:\/\/turbomotori.com\/de\/wp-json\/wp\/v2\/product\/3884","targetHints":{"allow":["GET"]}}],"collection":[{"href":"https:\/\/turbomotori.com\/de\/wp-json\/wp\/v2\/product"}],"about":[{"href":"https:\/\/turbomotori.com\/de\/wp-json\/wp\/v2\/types\/product"}],"replies":[{"embeddable":true,"href":"https:\/\/turbomotori.com\/de\/wp-json\/wp\/v2\/comments?post=3884"}],"wp:featuredmedia":[{"embeddable":true,"href":"https:\/\/turbomotori.com\/de\/wp-json\/wp\/v2\/media\/7140"}],"wp:attachment":[{"href":"https:\/\/turbomotori.com\/de\/wp-json\/wp\/v2\/media?parent=3884"}],"wp:term":[{"taxonomy":"product_brand","embeddable":true,"href":"https:\/\/turbomotori.com\/de\/wp-json\/wp\/v2\/product_brand?post=3884"},{"taxonomy":"product_cat","embeddable":true,"href":"https:\/\/turbomotori.com\/de\/wp-json\/wp\/v2\/product_cat?post=3884"},{"taxonomy":"product_tag","embeddable":true,"href":"https:\/\/turbomotori.com\/de\/wp-json\/wp\/v2\/product_tag?post=3884"}],"curies":[{"name":"wp","href":"https:\/\/api.w.org\/{rel}","templated":true}]}}