{"id":389,"date":"2017-09-26T14:14:50","date_gmt":"2017-09-26T14:14:50","guid":{"rendered":"https:\/\/turbomotori.com\/?post_type=product&#038;p=389"},"modified":"2023-09-13T10:55:51","modified_gmt":"2023-09-13T08:55:51","slug":"valvola-egr-audi-a3-seat-leon-toledo-volkswagen-bora-golf","status":"publish","type":"product","link":"https:\/\/turbomotori.com\/de\/produkt\/agr-ventil-audi-a3-seat-leon-toledo-volkswagen-bora-golf\/","title":{"rendered":"AGR-Ventil Audi A3 Seat Leon Seat Toledo II Volkswagen Bora Volkswagen Golf IV"},"content":{"rendered":"<p>Dieses Egr-Ventil wird haupts\u00e4chlich in den folgenden Fahrzeugmodellen verwendet und eingebaut:<br \/>\nAUDI A3 \/<br \/>\nSEAT LEON \/<br \/>\nSITZ TOLEDO II \/<br \/>\nVOLKSWAGEN BORA \/<br \/>\nVOLKSWAGEN GOLF IV.<\/p>\n<p>Die Originalcodes lauten wie folgt:<br \/>\n06A131501G<\/p>\n<p>Hinweis: Pr\u00fcfen Sie wie immer den Code auf dem Ventil in Ihrem Besitz, um sicherzustellen, dass<\/p>","protected":false},"excerpt":{"rendered":"<p>Dieses Egr-Ventil wird haupts\u00e4chlich in den folgenden Fahrzeugmodellen verwendet und installiert: AUDI A3 \/ SEAT LEON \/ SEAT TOLEDO II \/ VOLKSWAGEN BORA \/ VOLKSWAGEN GOLF IV. Die urspr\u00fcnglichen Codes sind wie folgt: 06A131501G Hinweis: Wie immer, \u00fcberpr\u00fcfen Sie bitte den Code auf dem Ventil in Ihrem Besitz, um sicher zu sein<\/p>","protected":false},"featured_media":390,"comment_status":"closed","ping_status":"closed","template":"","meta":{"_acf_changed":false},"product_brand":[],"product_cat":[21],"product_tag":[35,58,51],"class_list":{"0":"post-389","1":"product","2":"type-product","3":"status-publish","4":"has-post-thumbnail","6":"product_cat-valvola-egr","7":"product_tag-audi","8":"product_tag-seat","9":"product_tag-volkswagen","11":"first","12":"instock","13":"shipping-taxable","14":"product-type-simple"},"acf":[],"aioseo_notices":[],"_links":{"self":[{"href":"https:\/\/turbomotori.com\/de\/wp-json\/wp\/v2\/product\/389","targetHints":{"allow":["GET"]}}],"collection":[{"href":"https:\/\/turbomotori.com\/de\/wp-json\/wp\/v2\/product"}],"about":[{"href":"https:\/\/turbomotori.com\/de\/wp-json\/wp\/v2\/types\/product"}],"replies":[{"embeddable":true,"href":"https:\/\/turbomotori.com\/de\/wp-json\/wp\/v2\/comments?post=389"}],"wp:featuredmedia":[{"embeddable":true,"href":"https:\/\/turbomotori.com\/de\/wp-json\/wp\/v2\/media\/390"}],"wp:attachment":[{"href":"https:\/\/turbomotori.com\/de\/wp-json\/wp\/v2\/media?parent=389"}],"wp:term":[{"taxonomy":"product_brand","embeddable":true,"href":"https:\/\/turbomotori.com\/de\/wp-json\/wp\/v2\/product_brand?post=389"},{"taxonomy":"product_cat","embeddable":true,"href":"https:\/\/turbomotori.com\/de\/wp-json\/wp\/v2\/product_cat?post=389"},{"taxonomy":"product_tag","embeddable":true,"href":"https:\/\/turbomotori.com\/de\/wp-json\/wp\/v2\/product_tag?post=389"}],"curies":[{"name":"wp","href":"https:\/\/api.w.org\/{rel}","templated":true}]}}