{"id":406,"date":"2017-09-26T14:36:38","date_gmt":"2017-09-26T14:36:38","guid":{"rendered":"https:\/\/turbomotori.com\/?post_type=product&#038;p=406"},"modified":"2023-09-13T10:56:33","modified_gmt":"2023-09-13T08:56:33","slug":"valvola-egr-citroen-berlingo-citroen-c3-picasso-ford-c-max","status":"publish","type":"product","link":"https:\/\/turbomotori.com\/de\/produkt\/agr-ventil-citroen-berlingo-citroen-c3-picasso-ford-c-max\/","title":{"rendered":"AGR-Ventil Citro\u00ebn Berlingo Citro\u00ebn C3 Picasso Ford C-max"},"content":{"rendered":"<p>Dieses Egr-Ventil wird haupts\u00e4chlich in den folgenden Fahrzeugmodellen verwendet und eingebaut:<br \/>\nCITRO\u00cbN BERLINGO \/<br \/>\nCITRO\u00cbN C3 Picasso \/<br \/>\nFORD C-MAX .<\/p>\n<p>Die Originalcodes lauten wie folgt:<br \/>\n161859 \/<br \/>\n1618NR \/<br \/>\n9672880080 \/<br \/>\n1682737 \/<br \/>\n5S6Q9D475AE \/<br \/>\n11717804950 \/<br \/>\n36001412<\/p>\n<p>Hinweis: Pr\u00fcfen Sie wie immer den Code auf dem Ventil in Ihrem Besitz, um sicherzustellen, dass<\/p>","protected":false},"excerpt":{"rendered":"<p>Dieses Egr-Ventil wird haupts\u00e4chlich bei folgenden Fahrzeugmodellen verwendet und eingebaut: CITRO\u00cbN BERLINGO \/ CITRO\u00cbN C3 Picasso \/ FORD C-MAX . Die Original-Teilenummern lauten wie folgt: 161859 \/ 1618NR \/ 9672880080 \/ 1682737 \/ 5S6Q9D475AE \/ 11717804950 \/ 36001412 Hinweis: Wie immer, \u00fcberpr\u00fcfen Sie bitte die Teilenummer auf dem Ventil in Ihrem Besitz...<\/p>","protected":false},"featured_media":407,"comment_status":"closed","ping_status":"closed","template":"","meta":{"_acf_changed":false},"product_brand":[],"product_cat":[21],"product_tag":[75,39],"class_list":{"0":"post-406","1":"product","2":"type-product","3":"status-publish","4":"has-post-thumbnail","6":"product_cat-valvola-egr","7":"product_tag-citroen","8":"product_tag-ford","10":"first","11":"instock","12":"shipping-taxable","13":"product-type-simple"},"acf":[],"aioseo_notices":[],"_links":{"self":[{"href":"https:\/\/turbomotori.com\/de\/wp-json\/wp\/v2\/product\/406","targetHints":{"allow":["GET"]}}],"collection":[{"href":"https:\/\/turbomotori.com\/de\/wp-json\/wp\/v2\/product"}],"about":[{"href":"https:\/\/turbomotori.com\/de\/wp-json\/wp\/v2\/types\/product"}],"replies":[{"embeddable":true,"href":"https:\/\/turbomotori.com\/de\/wp-json\/wp\/v2\/comments?post=406"}],"wp:featuredmedia":[{"embeddable":true,"href":"https:\/\/turbomotori.com\/de\/wp-json\/wp\/v2\/media\/407"}],"wp:attachment":[{"href":"https:\/\/turbomotori.com\/de\/wp-json\/wp\/v2\/media?parent=406"}],"wp:term":[{"taxonomy":"product_brand","embeddable":true,"href":"https:\/\/turbomotori.com\/de\/wp-json\/wp\/v2\/product_brand?post=406"},{"taxonomy":"product_cat","embeddable":true,"href":"https:\/\/turbomotori.com\/de\/wp-json\/wp\/v2\/product_cat?post=406"},{"taxonomy":"product_tag","embeddable":true,"href":"https:\/\/turbomotori.com\/de\/wp-json\/wp\/v2\/product_tag?post=406"}],"curies":[{"name":"wp","href":"https:\/\/api.w.org\/{rel}","templated":true}]}}