{"id":426,"date":"2017-09-26T14:57:21","date_gmt":"2017-09-26T14:57:21","guid":{"rendered":"https:\/\/turbomotori.com\/?post_type=product&#038;p=426"},"modified":"2023-09-13T12:05:33","modified_gmt":"2023-09-13T10:05:33","slug":"valvola-egr-audi-a3-skoda-octavia-volkswagen-golf-v-plus","status":"publish","type":"product","link":"https:\/\/turbomotori.com\/de\/produkt\/agr-ventil-audi-a3-skoda-octavia-volkswagen-golf-v-plus\/","title":{"rendered":"AGR-Ventil Audi A3 Skoda Octavia Volkswagen Golf V Plus"},"content":{"rendered":"<p>Dieses Egr-Ventil wird haupts\u00e4chlich in den folgenden Fahrzeugmodellen verwendet und eingebaut:<br \/>\nAUDI A3 \/<br \/>\nSKODA OCTAVIA \/<br \/>\nVOLKSWAGEN GOLF V PLUS .<\/p>\n<p>Die Originalcodes lauten wie folgt:<br \/>\n03C131503B<\/p>\n<p>Hinweis: Pr\u00fcfen Sie wie immer den Code auf dem Ventil in Ihrem Besitz, um sicherzustellen, dass<\/p>","protected":false},"excerpt":{"rendered":"<p>Dieses Egr-Ventil wird haupts\u00e4chlich in den folgenden Fahrzeugmodellen verwendet und installiert: AUDI A3 \/ SKODA OCTAVIA \/ VOLKSWAGEN GOLF V PLUS. Die urspr\u00fcnglichen Codes sind wie folgt: 03C131503B Hinweis: Wie immer, \u00fcberpr\u00fcfen Sie bitte den Code auf dem Ventil in Ihrem Besitz, um sicher zu sein<\/p>","protected":false},"featured_media":427,"comment_status":"closed","ping_status":"closed","template":"","meta":{"_acf_changed":false},"product_brand":[],"product_cat":[21],"product_tag":[35,47,51],"class_list":{"0":"post-426","1":"product","2":"type-product","3":"status-publish","4":"has-post-thumbnail","6":"product_cat-valvola-egr","7":"product_tag-audi","8":"product_tag-skoda","9":"product_tag-volkswagen","11":"first","12":"instock","13":"shipping-taxable","14":"product-type-simple"},"acf":[],"aioseo_notices":[],"_links":{"self":[{"href":"https:\/\/turbomotori.com\/de\/wp-json\/wp\/v2\/product\/426","targetHints":{"allow":["GET"]}}],"collection":[{"href":"https:\/\/turbomotori.com\/de\/wp-json\/wp\/v2\/product"}],"about":[{"href":"https:\/\/turbomotori.com\/de\/wp-json\/wp\/v2\/types\/product"}],"replies":[{"embeddable":true,"href":"https:\/\/turbomotori.com\/de\/wp-json\/wp\/v2\/comments?post=426"}],"wp:featuredmedia":[{"embeddable":true,"href":"https:\/\/turbomotori.com\/de\/wp-json\/wp\/v2\/media\/427"}],"wp:attachment":[{"href":"https:\/\/turbomotori.com\/de\/wp-json\/wp\/v2\/media?parent=426"}],"wp:term":[{"taxonomy":"product_brand","embeddable":true,"href":"https:\/\/turbomotori.com\/de\/wp-json\/wp\/v2\/product_brand?post=426"},{"taxonomy":"product_cat","embeddable":true,"href":"https:\/\/turbomotori.com\/de\/wp-json\/wp\/v2\/product_cat?post=426"},{"taxonomy":"product_tag","embeddable":true,"href":"https:\/\/turbomotori.com\/de\/wp-json\/wp\/v2\/product_tag?post=426"}],"curies":[{"name":"wp","href":"https:\/\/api.w.org\/{rel}","templated":true}]}}