{"id":430,"date":"2017-09-26T15:01:00","date_gmt":"2017-09-26T15:01:00","guid":{"rendered":"https:\/\/turbomotori.com\/?post_type=product&#038;p=430"},"modified":"2023-09-13T12:05:35","modified_gmt":"2023-09-13T10:05:35","slug":"valvola-egr-seat-arosa-cordoba-volkswagen-polo","status":"publish","type":"product","link":"https:\/\/turbomotori.com\/de\/produkt\/agr-ventil-sitz-arosa-cordoba-volkswagen-polo\/","title":{"rendered":"AGR-Ventil Seat Arosa Seat Cordoba Volkswagen Polo"},"content":{"rendered":"<p>Dieses Egr-Ventil wird haupts\u00e4chlich in den folgenden Fahrzeugmodellen verwendet und eingebaut:<br \/>\nSEAT AROSA \/<br \/>\nSEAT CORDOBA \/<br \/>\nVOLKSWAGEN POLO.<\/p>\n<p>Die Originalcodes lauten wie folgt:<br \/>\n030131503F<\/p>\n<p>Hinweis: Pr\u00fcfen Sie wie immer den Code auf dem Ventil in Ihrem Besitz, um sicherzustellen, dass<\/p>","protected":false},"excerpt":{"rendered":"<p>Dieses Egr-Ventil wird haupts\u00e4chlich in den folgenden Fahrzeugmodellen verwendet und installiert: SEAT AROSA \/ SEAT CORDOBA \/ VOLKSWAGEN POLO. Die urspr\u00fcnglichen Codes sind wie folgt: 030131503F Hinweis: Wie immer, \u00fcberpr\u00fcfen Sie bitte den Code auf dem Ventil in Ihrem Besitz, um sicher zu sein<\/p>","protected":false},"featured_media":431,"comment_status":"closed","ping_status":"closed","template":"","meta":{"_acf_changed":false},"product_brand":[],"product_cat":[21],"product_tag":[58,51],"class_list":{"0":"post-430","1":"product","2":"type-product","3":"status-publish","4":"has-post-thumbnail","6":"product_cat-valvola-egr","7":"product_tag-seat","8":"product_tag-volkswagen","10":"first","11":"instock","12":"shipping-taxable","13":"product-type-simple"},"acf":[],"aioseo_notices":[],"_links":{"self":[{"href":"https:\/\/turbomotori.com\/de\/wp-json\/wp\/v2\/product\/430","targetHints":{"allow":["GET"]}}],"collection":[{"href":"https:\/\/turbomotori.com\/de\/wp-json\/wp\/v2\/product"}],"about":[{"href":"https:\/\/turbomotori.com\/de\/wp-json\/wp\/v2\/types\/product"}],"replies":[{"embeddable":true,"href":"https:\/\/turbomotori.com\/de\/wp-json\/wp\/v2\/comments?post=430"}],"wp:featuredmedia":[{"embeddable":true,"href":"https:\/\/turbomotori.com\/de\/wp-json\/wp\/v2\/media\/431"}],"wp:attachment":[{"href":"https:\/\/turbomotori.com\/de\/wp-json\/wp\/v2\/media?parent=430"}],"wp:term":[{"taxonomy":"product_brand","embeddable":true,"href":"https:\/\/turbomotori.com\/de\/wp-json\/wp\/v2\/product_brand?post=430"},{"taxonomy":"product_cat","embeddable":true,"href":"https:\/\/turbomotori.com\/de\/wp-json\/wp\/v2\/product_cat?post=430"},{"taxonomy":"product_tag","embeddable":true,"href":"https:\/\/turbomotori.com\/de\/wp-json\/wp\/v2\/product_tag?post=430"}],"curies":[{"name":"wp","href":"https:\/\/api.w.org\/{rel}","templated":true}]}}