{"id":43340,"date":"2022-08-30T09:55:05","date_gmt":"2022-08-30T07:55:05","guid":{"rendered":"https:\/\/turbomotori.com\/?post_type=product&#038;p=43340"},"modified":"2023-08-30T16:46:57","modified_gmt":"2023-08-30T14:46:57","slug":"motore-revisionato-semi-completo-cyr5-ford-transit","status":"publish","type":"product","link":"https:\/\/turbomotori.com\/de\/produkt\/cyr5-ford-transit-semi-komplett-uberholter-motor\/","title":{"rendered":"CYR5 General\u00fcberholter Motor f\u00fcr Ford Transit 2.2 TDCI"},"content":{"rendered":"<p><strong>Halbkomplett \u00fcberholter Motor Code CYR5 f\u00fcr Ford Transit<\/strong><\/p>\n<p>Bestehend aus Topf, Block, Kopf und Verteiler (Version mit Hinterradantrieb)<\/p>\n<p>Hubraum: 2.2 TDCI<\/p>\n<p>Jahr: 2013-2016<\/p>\n<p>Motorcode: CYR5<\/p>\n<p>- GARANTIE 12 Monate<\/p>\n<p>- Sofortige Verf\u00fcgbarkeit<\/p>\n<p>- Lieferung in ganz Italien innerhalb von 24\/48 Stunden<\/p>\n<p>- Kurier benutzt GLS<\/p>\n<p>-Geben Sie f\u00fcr ein Angebot die folgenden Fahrzeugdaten an:<\/p>\n<ul>\n<li><strong>Jahr\u00a0<\/strong><\/li>\n<li><strong>Modell<\/strong><\/li>\n<li><strong>Motorcode (<\/strong>Punkt S. 5 der Brosch\u00fcre<b>)<\/b><\/li>\n<li><strong>Strom\u00a0<\/strong><\/li>\n<\/ul>\n<p>Die Daten finden Sie in der Betriebsanleitung Ihres Fahrzeugs<\/p>\n<p>F\u00fcr weitere Informationen stehen wir Ihnen gerne unter folgenden Nummern zur Verf\u00fcgung<\/p>\n<ul>\n<li>Tel.: 0309050658<\/li>\n<li>WhatsApp: 3925701009<\/li>\n<\/ul>\n<p>Ge\u00f6ffnet von Montag bis Freitag von 8 bis 12 Uhr und von 14 bis 18 Uhr.<\/p>","protected":false},"excerpt":{"rendered":"<p><strong>Halbkomplett \u00fcberholter Motor Code CYR5 f\u00fcr Ford Transit<\/strong><\/p>\n<p>Bestehend aus Topf, Block, Kopf und Verteiler (Version mit Hinterradantrieb)<\/p>\n<p>Hubraum: 2.2 TDCI<\/p>\n<p>Jahr: 2013-2016<\/p>\n<p>Motorcode: CYR5<\/p>\n<p><a title=\"KONTAKTE\" href=\"https:\/\/turbomotori.com\/de\/kontakte\/\">Rufen Sie an f\u00fcr ein kostenloses Angebot <\/a><em>Tel.<\/em> <a href=\"tel:0309050658\">030.9050658<\/a>\u00a0 <em>Cel<\/em>\u00a0<a href=\"tel:3382854452\">338.2854452<\/a>\u00a0\u00a0<em>WhatsApp<\/em><a href=\"https:\/\/api.whatsapp.com\/send?phone=393925701009 &amp;text=Salve,%20vorrei%20qualche%20informazione%20in%20merito%20ai%20vostri%20prodotti.\">\u00a0 392.5701009<\/a><\/p>","protected":false},"featured_media":43341,"comment_status":"closed","ping_status":"closed","template":"","meta":{"_acf_changed":false},"product_brand":[],"product_cat":[31],"product_tag":[1586,2248,1823,39,1728,2250],"class_list":{"0":"post-43340","1":"product","2":"type-product","3":"status-publish","4":"has-post-thumbnail","6":"product_cat-motore-rigenerato","7":"product_tag-basamento","8":"product_tag-coppa","9":"product_tag-cyr5","10":"product_tag-ford","11":"product_tag-motore-revisionato","12":"product_tag-testa","14":"first","15":"instock","16":"shipping-taxable","17":"product-type-simple"},"acf":{"codice_oem":"","compatibile_con":"","monta_su":"Ford Transit ","codice_motore":"CYR5","anno":"2013 - 2016","cilindrata":"2.2 TDCI","carburante":"Diesel","cv":"","kw":"","garanzia_12_mesi":false,"composizione":"","disponibilita":"-"},"aioseo_notices":[],"_links":{"self":[{"href":"https:\/\/turbomotori.com\/de\/wp-json\/wp\/v2\/product\/43340","targetHints":{"allow":["GET"]}}],"collection":[{"href":"https:\/\/turbomotori.com\/de\/wp-json\/wp\/v2\/product"}],"about":[{"href":"https:\/\/turbomotori.com\/de\/wp-json\/wp\/v2\/types\/product"}],"replies":[{"embeddable":true,"href":"https:\/\/turbomotori.com\/de\/wp-json\/wp\/v2\/comments?post=43340"}],"wp:featuredmedia":[{"embeddable":true,"href":"https:\/\/turbomotori.com\/de\/wp-json\/wp\/v2\/media\/43341"}],"wp:attachment":[{"href":"https:\/\/turbomotori.com\/de\/wp-json\/wp\/v2\/media?parent=43340"}],"wp:term":[{"taxonomy":"product_brand","embeddable":true,"href":"https:\/\/turbomotori.com\/de\/wp-json\/wp\/v2\/product_brand?post=43340"},{"taxonomy":"product_cat","embeddable":true,"href":"https:\/\/turbomotori.com\/de\/wp-json\/wp\/v2\/product_cat?post=43340"},{"taxonomy":"product_tag","embeddable":true,"href":"https:\/\/turbomotori.com\/de\/wp-json\/wp\/v2\/product_tag?post=43340"}],"curies":[{"name":"wp","href":"https:\/\/api.w.org\/{rel}","templated":true}]}}