{"id":43353,"date":"2022-08-30T14:47:52","date_gmt":"2022-08-30T12:47:52","guid":{"rendered":"https:\/\/turbomotori.com\/?post_type=product&#038;p=43353"},"modified":"2023-08-30T16:48:09","modified_gmt":"2023-08-30T14:48:09","slug":"motore-revisionato-qwfa-ford-transit-2-2-d","status":"publish","type":"product","link":"https:\/\/turbomotori.com\/de\/produkt\/motor-generaluberholt-qwfa-ford-transit-2-2-d\/","title":{"rendered":"QWFA General\u00fcberholter Motor f\u00fcr Ford Transit 2.2 D"},"content":{"rendered":"<p><strong>Halbfertig \u00fcberholter QWFA-Motor f\u00fcr Ford Transit<\/strong><\/p>\n<p>Bestehend aus: \u00d6lwanne, Block, Kopf mit Verteiler und \u00d6lpumpe<\/p>\n<p>Verdr\u00e4ngung 2,2 d<\/p>\n<p>Jahr 2006-2007<\/p>\n<p>Motorcode: QWFA<\/p>\n<p>GARANTIE 12 Monate<\/p>\n<p style=\"text-align: left;\">Sofortige Verf\u00fcgbarkeit.<\/p>\n<p style=\"text-align: left;\">Lieferung in ganz Italien innerhalb von 24\/48 Stunden<\/p>\n<p style=\"text-align: left;\">Kurier benutzt GLS<\/p>\n<p>-Geben Sie f\u00fcr ein Angebot die folgenden Fahrzeugdaten an:<\/p>\n<ul>\n<li><strong>Jahr\u00a0<\/strong><\/li>\n<li><strong>Modell<\/strong><\/li>\n<li><strong>Motorcode (<\/strong><span style=\"color: #3366ff;\">Punkt p5 des\u00a0<\/span><span style=\"color: #3366ff;\">Brosch\u00fcre<\/span><b>)<\/b><\/li>\n<li><strong>Strom\u00a0<\/strong><\/li>\n<\/ul>\n<p>Die Daten finden Sie in der Betriebsanleitung Ihres Fahrzeugs<\/p>\n<p>F\u00fcr weitere Informationen stehen wir Ihnen gerne unter folgenden Nummern zur Verf\u00fcgung<\/p>\n<ul>\n<li><span style=\"color: #3366ff;\">Tel.: 0309050658<\/span><\/li>\n<li><span style=\"color: #3366ff;\">WhatsApp: 3925701009<\/span><\/li>\n<\/ul>\n<p>Ge\u00f6ffnet von Montag bis Freitag von 8 bis 12 Uhr und von 14 bis 18 Uhr.<\/p>","protected":false},"excerpt":{"rendered":"<p><strong>Halbfertig \u00fcberholter QWFA-Motor f\u00fcr Ford Transit<\/strong><\/p>\n<p>Bestehend aus: \u00d6lwanne, Block, Kopf mit Verteiler und \u00d6lpumpe<\/p>\n<p>Verdr\u00e4ngung 2,2 d<\/p>\n<p>Jahr 2006-2007<\/p>\n<p>Motorcode: QWFA<\/p>\n<p><a title=\"KONTAKTE\" href=\"https:\/\/turbomotori.com\/de\/kontakte\/\">Rufen Sie an f\u00fcr ein kostenloses Angebot <\/a><em>Tel.<\/em> <a href=\"tel:0309050658\">030.9050658<\/a>\u00a0 <em>Cel<\/em>\u00a0<a href=\"tel:3382854452\">338.2854452<\/a>\u00a0\u00a0<em>WhatsApp<\/em><a href=\"https:\/\/api.whatsapp.com\/send?phone=393925701009 &amp;text=Salve,%20vorrei%20qualche%20informazione%20in%20merito%20ai%20vostri%20prodotti.\">\u00a0 392.5701009<\/a><\/p>","protected":false},"featured_media":6018,"comment_status":"closed","ping_status":"closed","template":"","meta":{"_acf_changed":false},"product_brand":[],"product_cat":[31],"product_tag":[2276,2248,2277,39,2286,2283,2250],"class_list":{"0":"post-43353","1":"product","2":"type-product","3":"status-publish","4":"has-post-thumbnail","6":"product_cat-motore-rigenerato","7":"product_tag-blocc","8":"product_tag-coppa","9":"product_tag-distribuzione","10":"product_tag-ford","11":"product_tag-motore-rigenerato-qwfa","12":"product_tag-semi-completo","13":"product_tag-testa","15":"first","16":"instock","17":"shipping-taxable","18":"product-type-simple"},"acf":{"codice_oem":"","compatibile_con":"","monta_su":"Ford Transit ","codice_motore":"QWFA ","anno":"\u00a02006 - 2007","cilindrata":"2.2 ","carburante":"Diesel","cv":"","kw":"","garanzia_12_mesi":false,"composizione":"","disponibilita":"-"},"aioseo_notices":[],"_links":{"self":[{"href":"https:\/\/turbomotori.com\/de\/wp-json\/wp\/v2\/product\/43353","targetHints":{"allow":["GET"]}}],"collection":[{"href":"https:\/\/turbomotori.com\/de\/wp-json\/wp\/v2\/product"}],"about":[{"href":"https:\/\/turbomotori.com\/de\/wp-json\/wp\/v2\/types\/product"}],"replies":[{"embeddable":true,"href":"https:\/\/turbomotori.com\/de\/wp-json\/wp\/v2\/comments?post=43353"}],"wp:featuredmedia":[{"embeddable":true,"href":"https:\/\/turbomotori.com\/de\/wp-json\/wp\/v2\/media\/6018"}],"wp:attachment":[{"href":"https:\/\/turbomotori.com\/de\/wp-json\/wp\/v2\/media?parent=43353"}],"wp:term":[{"taxonomy":"product_brand","embeddable":true,"href":"https:\/\/turbomotori.com\/de\/wp-json\/wp\/v2\/product_brand?post=43353"},{"taxonomy":"product_cat","embeddable":true,"href":"https:\/\/turbomotori.com\/de\/wp-json\/wp\/v2\/product_cat?post=43353"},{"taxonomy":"product_tag","embeddable":true,"href":"https:\/\/turbomotori.com\/de\/wp-json\/wp\/v2\/product_tag?post=43353"}],"curies":[{"name":"wp","href":"https:\/\/api.w.org\/{rel}","templated":true}]}}