{"id":43407,"date":"2022-09-07T13:46:27","date_gmt":"2022-09-07T11:46:27","guid":{"rendered":"https:\/\/turbomotori.com\/prodotto\/turbo-mitsubishi-49179-02300-e320c\/"},"modified":"2023-09-19T10:24:50","modified_gmt":"2023-09-19T08:24:50","slug":"turbo-mitsubishi-49179-02300-e320c","status":"publish","type":"product","link":"https:\/\/turbomotori.com\/de\/produkt\/mitsubishi-turbo-49179-02300-e320c\/","title":{"rendered":"Turbo 49179-02300 for Mitsubishi E320C"},"content":{"rendered":"<p>Der Turbo ist neuwertig \u00fcberholt und ist kompatibel mit den Motoren: 3066.<\/p>\n<p>Die wiederaufbereitete Turbine sorgt f\u00fcr eine gleichzeitige R\u00fcckf\u00fchrung.<\/p>\n<p>Die Turbocodes befinden sich auf der Metallplatte oder sind \u00fcber der Turbineneinlassschnecke eingraviert.<\/p>\n<p>Die <strong>\u00fcberholter Turbo<\/strong> Der von uns gelieferte Turbokompressor stellt die h\u00f6chste Garantie in Bezug auf Qualit\u00e4t und Zuverl\u00e4ssigkeit dar und hat alle vom Hersteller Mitsubishi vorgeschriebenen Validierungstests bestanden. Der Turbokompressor wurde in all seinen elektrischen, mechanischen und funktionellen Komponenten, die mit den Komponenten der Erstausr\u00fcstung vergleichbar sind, in einen neuwertigen Zustand versetzt. Die Turbine ist sowohl neu als auch wiederaufbereitet erh\u00e4ltlich<\/p>","protected":false},"excerpt":{"rendered":"<p>Il turbo \u00e8 revisionato come a nuovo.\u00e8 compatibile con i motori: 3066. La turbina rigenerata prevede la restituzione contestuale del reso. I codici del turbo sono presenti nella targhetta metallica, oppure incisi sopra la chiocciola di aspirazione della turbina. Il turbo revisionato da noi fornito rappresenta la massima garanzia in termini di qualit\u00e0 e affidabilit\u00e0&#8230;<\/p>","protected":false},"featured_media":0,"comment_status":"closed","ping_status":"closed","template":"","meta":{"_acf_changed":false},"product_brand":[],"product_cat":[26],"product_tag":[2339],"class_list":{"0":"post-43407","1":"product","2":"type-product","3":"status-publish","5":"product_cat-turbo-turbina-rigenerata","6":"product_tag-turbo-mitsubishi-49179-02300-e320c-3066","8":"first","9":"instock","10":"product-type-simple"},"acf":{"codice_oem":"","compatibile_con":"","monta_su":"","codice_motore":"3066","anno":"","cilindrata":"","carburante":"","cv":"","kw":"","garanzia_12_mesi":false,"composizione":"","disponibilita":"-"},"aioseo_notices":[],"_links":{"self":[{"href":"https:\/\/turbomotori.com\/de\/wp-json\/wp\/v2\/product\/43407","targetHints":{"allow":["GET"]}}],"collection":[{"href":"https:\/\/turbomotori.com\/de\/wp-json\/wp\/v2\/product"}],"about":[{"href":"https:\/\/turbomotori.com\/de\/wp-json\/wp\/v2\/types\/product"}],"replies":[{"embeddable":true,"href":"https:\/\/turbomotori.com\/de\/wp-json\/wp\/v2\/comments?post=43407"}],"wp:attachment":[{"href":"https:\/\/turbomotori.com\/de\/wp-json\/wp\/v2\/media?parent=43407"}],"wp:term":[{"taxonomy":"product_brand","embeddable":true,"href":"https:\/\/turbomotori.com\/de\/wp-json\/wp\/v2\/product_brand?post=43407"},{"taxonomy":"product_cat","embeddable":true,"href":"https:\/\/turbomotori.com\/de\/wp-json\/wp\/v2\/product_cat?post=43407"},{"taxonomy":"product_tag","embeddable":true,"href":"https:\/\/turbomotori.com\/de\/wp-json\/wp\/v2\/product_tag?post=43407"}],"curies":[{"name":"wp","href":"https:\/\/api.w.org\/{rel}","templated":true}]}}