{"id":43829,"date":"2023-09-20T15:45:45","date_gmt":"2023-09-20T13:45:45","guid":{"rendered":"https:\/\/turbomotori.com\/prodotto\/turbo-garrett-49179-00500-mitsubishi\/"},"modified":"2023-09-20T15:45:45","modified_gmt":"2023-09-20T13:45:45","slug":"turbo-garrett-49179-00500-mitsubishi","status":"publish","type":"product","link":"https:\/\/turbomotori.com\/de\/produkt\/garrett-turbo-49179-00500-mitsubishi\/","title":{"rendered":"Garrett-Turbo 49179-00500 MITSUBISHI"},"content":{"rendered":"<p>Der Turbo ist \u00fcberholt wie neu. ist kompatibel mit Motoren: 4D56. Der \u00fcberholte Turbolader wird gleichzeitig zur\u00fcckgegeben. Die Turbocodes befinden sich auf der Metallplatte oder sind \u00fcber der Einlassmutter der Turbine eingraviert. Die <strong>\u00fcberholter Turbo<\/strong> Der von uns gelieferte Turbokompressor stellt die h\u00f6chste Garantie in Bezug auf Qualit\u00e4t und Zuverl\u00e4ssigkeit dar und hat alle vom Garrett-Hersteller vorgeschriebenen Validierungstests bestanden. Der Turbokompressor wurde in all seinen elektrischen, mechanischen und funktionellen Komponenten, die mit den Komponenten der Erstausr\u00fcstung vergleichbar sind, in einen neuwertigen Zustand versetzt. Die Turbine ist sowohl neu als auch wiederaufbereitet erh\u00e4ltlich<\/p>","protected":false},"excerpt":{"rendered":"<p>Il turbo \u00e8 revisionato come a nuovo.\u00e8 compatibile con i motori: 4D56. La turbina rigenerata prevede la restituzione contestuale del reso. I codici del turbo sono presenti nella targhetta metallica, oppure incisi sopra la chiocciola di aspirazione della turbina. Il turbo revisionato da noi fornito rappresenta la massima garanzia in termini di qualit\u00e0 e affidabilit\u00e0&#8230;<\/p>","protected":false},"featured_media":43830,"comment_status":"closed","ping_status":"closed","template":"","meta":{"_acf_changed":false},"product_brand":[],"product_cat":[26],"product_tag":[3135],"class_list":{"0":"post-43829","1":"product","2":"type-product","3":"status-publish","4":"has-post-thumbnail","6":"product_cat-turbo-turbina-rigenerata","7":"product_tag-turbo-garrett-49179-00500-mitsubishi-4d56","9":"first","10":"instock","11":"product-type-simple"},"acf":{"codice_oem":"","compatibile_con":"","monta_su":"","codice_motore":"4D56","anno":"","cilindrata":"","carburante":"","cv":"","kw":"","garanzia_12_mesi":false,"composizione":"","disponibilita":"-"},"aioseo_notices":[],"_links":{"self":[{"href":"https:\/\/turbomotori.com\/de\/wp-json\/wp\/v2\/product\/43829","targetHints":{"allow":["GET"]}}],"collection":[{"href":"https:\/\/turbomotori.com\/de\/wp-json\/wp\/v2\/product"}],"about":[{"href":"https:\/\/turbomotori.com\/de\/wp-json\/wp\/v2\/types\/product"}],"replies":[{"embeddable":true,"href":"https:\/\/turbomotori.com\/de\/wp-json\/wp\/v2\/comments?post=43829"}],"wp:featuredmedia":[{"embeddable":true,"href":"https:\/\/turbomotori.com\/de\/wp-json\/wp\/v2\/media\/43830"}],"wp:attachment":[{"href":"https:\/\/turbomotori.com\/de\/wp-json\/wp\/v2\/media?parent=43829"}],"wp:term":[{"taxonomy":"product_brand","embeddable":true,"href":"https:\/\/turbomotori.com\/de\/wp-json\/wp\/v2\/product_brand?post=43829"},{"taxonomy":"product_cat","embeddable":true,"href":"https:\/\/turbomotori.com\/de\/wp-json\/wp\/v2\/product_cat?post=43829"},{"taxonomy":"product_tag","embeddable":true,"href":"https:\/\/turbomotori.com\/de\/wp-json\/wp\/v2\/product_tag?post=43829"}],"curies":[{"name":"wp","href":"https:\/\/api.w.org\/{rel}","templated":true}]}}