{"id":44385,"date":"2023-09-20T15:34:55","date_gmt":"2023-09-20T13:34:55","guid":{"rendered":"https:\/\/turbomotori.com\/prodotto\/turbo-borgwarner-kkk-54399880093-fiat-doblo-2-0-multijet-16v-100-kw-135-cv-dieselfiat-ducato-2-0-multijet-100-kw-135-cv-dieselfiat-sedici-2-0-mjt-100-kw-135-cv-dieselopel-combo-d-2-0-cdti-100-kw-13\/"},"modified":"2025-03-17T12:57:20","modified_gmt":"2025-03-17T11:57:20","slug":"turbo-54399880093-fiat-doblo-ducato-sedici-opel-combo-2-0-cdti","status":"publish","type":"product","link":"https:\/\/turbomotori.com\/de\/produkt\/turbo-54399880093-fiat-doblo-ducato-sedici-opel-combo-2-0-cdti\/","title":{"rendered":"Turbo 54399880093 Fiat Dobl\u00f2 \/ Ducato \/Sedici \/ Opel Combo 2.0 CDTI"},"content":{"rendered":"<p><strong>Turbo KP39 Borgwarner KKK \u00fcberholter Code 54399880093 f\u00fcr Fiat Dobl\u00f2\/Ducato\/Sedici\/Opel Combo 2.0 CDTI<\/strong><\/p>\n<p>Turbo-Code: 5439988009<\/p>\n<p>OEM-Code: 1390079J80\/55225012\/55229865\/860495<\/p>\n<p>Turbine neu und wiederaufbereitet erh\u00e4ltlich<\/p>\n<p>&#8211;<a href=\"https:\/\/turbomotori.com\/de\/weitere-informationen\/\"> Klicken Sie f\u00fcr weitere Informationen\u00a0<\/a><\/p>\n<p>&#8211; <a href=\"https:\/\/turbomotori.com\/de\/turbo-code-verbleibend\/\">Hinweise zur Identifizierung des Turbo-Codes<\/a><\/p>","protected":false},"excerpt":{"rendered":"<p><strong>Turbo KP39 Borgwarner KKK \u00fcberholter Code 54399880093 f\u00fcr Fiat Dobl\u00f2\/Ducato\/Sedici\/Opel Combo 2.0 CDTI<\/strong><\/p>\n<p>Turbo-Code: 5439988009<\/p>\n<p>OEM-Code: 1390079J80\/55225012\/55229865\/860495<\/p>\n<p>Turbine neu und wiederaufbereitet erh\u00e4ltlich<\/p>\n<p><a title=\"KONTAKTE\" href=\"https:\/\/turbomotori.com\/de\/kontakte\/\">Rufen Sie an f\u00fcr ein kostenloses Angebot <\/a><em>Tel.<\/em> <a href=\"tel:0309050658\">030.9050658<\/a>\u00a0 <em>Cel<\/em>\u00a0<a href=\"tel:3382854452\">338.2854452<\/a>\u00a0\u00a0<em>WhatsApp<\/em><a href=\"https:\/\/api.whatsapp.com\/send?phone=393925701009 &amp;text=Salve,%20vorrei%20qualche%20informazione%20in%20merito%20ai%20vostri%20prodotti.\">\u00a0 392.5701009<\/a><\/p>","protected":false},"featured_media":44386,"comment_status":"closed","ping_status":"closed","template":"","meta":{"_acf_changed":false},"product_brand":[],"product_cat":[26],"product_tag":[4443,4442,4441,4440],"class_list":{"0":"post-44385","1":"product","2":"type-product","3":"status-publish","4":"has-post-thumbnail","6":"product_cat-turbo-turbina-rigenerata","7":"product_tag-turbo-borgwarner-kkk-54399880093-fiat-doblo-2-0-multijet-16v-100-kw-135-cv-diesel-2-0-jtd-euro5","8":"product_tag-turbo-borgwarner-kkk-54399880093-fiat-ducato-2-0-multijet-100-kw-135-cv-diesel-2-0-jtd-euro5","9":"product_tag-turbo-borgwarner-kkk-54399880093-fiat-sedici-2-0-mjt-100-kw-135-cv-diesel-2-0-jtd-euro5","10":"product_tag-turbo-borgwarner-kkk-54399880093-opel-combo-d-2-0-cdti-100-kw-135-cv-diesel-2-0-jtd-euro5","12":"first","13":"instock","14":"purchasable","15":"product-type-simple"},"acf":{"codice_oem":"1390079J80\/55225012\/55229865\/860495","compatibile_con":"","monta_su":"Fiat Dobl\u00f2\/Ducato\/Sedici\/Opel Combo 2.0 CDTI","codice_motore":"","anno":"","cilindrata":"","carburante":"","cv":"","kw":"","garanzia_12_mesi":false,"composizione":"","disponibilita":"-"},"aioseo_notices":[],"_links":{"self":[{"href":"https:\/\/turbomotori.com\/de\/wp-json\/wp\/v2\/product\/44385","targetHints":{"allow":["GET"]}}],"collection":[{"href":"https:\/\/turbomotori.com\/de\/wp-json\/wp\/v2\/product"}],"about":[{"href":"https:\/\/turbomotori.com\/de\/wp-json\/wp\/v2\/types\/product"}],"replies":[{"embeddable":true,"href":"https:\/\/turbomotori.com\/de\/wp-json\/wp\/v2\/comments?post=44385"}],"wp:featuredmedia":[{"embeddable":true,"href":"https:\/\/turbomotori.com\/de\/wp-json\/wp\/v2\/media\/44386"}],"wp:attachment":[{"href":"https:\/\/turbomotori.com\/de\/wp-json\/wp\/v2\/media?parent=44385"}],"wp:term":[{"taxonomy":"product_brand","embeddable":true,"href":"https:\/\/turbomotori.com\/de\/wp-json\/wp\/v2\/product_brand?post=44385"},{"taxonomy":"product_cat","embeddable":true,"href":"https:\/\/turbomotori.com\/de\/wp-json\/wp\/v2\/product_cat?post=44385"},{"taxonomy":"product_tag","embeddable":true,"href":"https:\/\/turbomotori.com\/de\/wp-json\/wp\/v2\/product_tag?post=44385"}],"curies":[{"name":"wp","href":"https:\/\/api.w.org\/{rel}","templated":true}]}}