{"id":45255,"date":"2022-09-22T14:41:09","date_gmt":"2022-09-22T12:41:09","guid":{"rendered":"https:\/\/turbomotori.com\/?post_type=product&#038;p=45255"},"modified":"2023-08-31T10:10:50","modified_gmt":"2023-08-31T08:10:50","slug":"motore-ylfa-nuovo-ford-2-0-ecoblue","status":"publish","type":"product","link":"https:\/\/turbomotori.com\/de\/produkt\/ylfa-motor-neuer-ford-2-0-ecoblue\/","title":{"rendered":"Neuer YLFA-Motor f\u00fcr Ford Transit 2.0 Ecoblue"},"content":{"rendered":"<p><strong>Neuer Motor f\u00fcr Ford Transit 2.0 Ecoblue<\/strong><\/p>\n<p>Bestehend aus \u00d6lwanne, Block, Kopf, Verteiler, W\u00e4rmetauscher und \u00d6lfilter<\/p>\n<p>Verdr\u00e4ngung: 2.0 D<\/p>\n<p>Jahr: ab 2015<\/p>\n<p>Motorcode: YLFA<\/p>\n<p>- GARANTIE 12 Monate<\/p>\n<p>- Sofortige Verf\u00fcgbarkeit<\/p>\n<p>- Lieferung in ganz Italien innerhalb von 24\/48 Stunden<\/p>\n<p>- Kurier benutzt GLS<\/p>\n<p>-Geben Sie f\u00fcr ein Angebot die folgenden Fahrzeugdaten an:<\/p>\n<ul>\n<li><strong>Jahr\u00a0<\/strong><\/li>\n<li><strong>Modell<\/strong><\/li>\n<li><strong>Motorcode (<\/strong>Punkt S. 5 der Brosch\u00fcre<b>)<\/b><\/li>\n<li><strong>Strom\u00a0<\/strong><\/li>\n<\/ul>\n<p>Die Daten finden Sie in der Betriebsanleitung Ihres Fahrzeugs<\/p>\n<p>F\u00fcr weitere Informationen stehen wir Ihnen gerne unter folgenden Nummern zur Verf\u00fcgung<\/p>\n<ul>\n<li>Tel.: 0309050658<\/li>\n<li>WhatsApp: 3925701009<\/li>\n<\/ul>\n<p>Ge\u00f6ffnet von Montag bis Freitag von 8 bis 12 Uhr und von 14 bis 18 Uhr.<\/p>","protected":false},"excerpt":{"rendered":"<p><strong>Neuer Motor f\u00fcr Ford Transit 2.0 Ecoblue<\/strong><\/p>\n<p>Bestehend aus \u00d6lwanne, Block, Kopf, Verteiler, W\u00e4rmetauscher und \u00d6lfilter<\/p>\n<p>Verdr\u00e4ngung: 2.0 D<\/p>\n<p>Jahr: ab 2015<\/p>\n<p>Motorcode: YLFA<\/p>\n<p><a title=\"KONTAKTE\" href=\"https:\/\/turbomotori.com\/de\/kontakte\/\">Rufen Sie an f\u00fcr ein kostenloses Angebot <\/a><em>Tel.<\/em> <a href=\"tel:0309050658\">030.9050658<\/a>\u00a0 <em>Cel<\/em>\u00a0<a href=\"tel:3382854452\">338.2854452<\/a>\u00a0\u00a0<em>WhatsApp<\/em><a href=\"https:\/\/api.whatsapp.com\/send?phone=393925701009 &amp;text=Salve,%20vorrei%20qualche%20informazione%20in%20merito%20ai%20vostri%20prodotti.\">\u00a0 392.5701009<\/a><\/p>","protected":false},"featured_media":45257,"comment_status":"closed","ping_status":"closed","template":"","meta":{"_acf_changed":false},"product_brand":[],"product_cat":[87],"product_tag":[2289,2249,2248,2277,5433,39,2287,2250,722,5434,5435],"class_list":{"0":"post-45255","1":"product","2":"type-product","3":"status-publish","4":"has-post-thumbnail","6":"product_cat-motore-nuovo","7":"product_tag-2-0-diesel","8":"product_tag-blocco","9":"product_tag-coppa","10":"product_tag-distribuzione","11":"product_tag-filtro-olio","12":"product_tag-ford","13":"product_tag-scambiatore-di-calore","14":"product_tag-testa","15":"product_tag-ylf6","16":"product_tag-ylfa","17":"product_tag-ylfs","19":"first","20":"instock","21":"shipping-taxable","22":"product-type-simple"},"acf":{"codice_oem":"","compatibile_con":"","monta_su":"Ford Transit","codice_motore":"YLFA ","anno":"2015 in poi","cilindrata":"2.0","carburante":"Diesel","cv":"","kw":"","garanzia_12_mesi":false,"composizione":"","disponibilita":"-"},"aioseo_notices":[],"_links":{"self":[{"href":"https:\/\/turbomotori.com\/de\/wp-json\/wp\/v2\/product\/45255","targetHints":{"allow":["GET"]}}],"collection":[{"href":"https:\/\/turbomotori.com\/de\/wp-json\/wp\/v2\/product"}],"about":[{"href":"https:\/\/turbomotori.com\/de\/wp-json\/wp\/v2\/types\/product"}],"replies":[{"embeddable":true,"href":"https:\/\/turbomotori.com\/de\/wp-json\/wp\/v2\/comments?post=45255"}],"wp:featuredmedia":[{"embeddable":true,"href":"https:\/\/turbomotori.com\/de\/wp-json\/wp\/v2\/media\/45257"}],"wp:attachment":[{"href":"https:\/\/turbomotori.com\/de\/wp-json\/wp\/v2\/media?parent=45255"}],"wp:term":[{"taxonomy":"product_brand","embeddable":true,"href":"https:\/\/turbomotori.com\/de\/wp-json\/wp\/v2\/product_brand?post=45255"},{"taxonomy":"product_cat","embeddable":true,"href":"https:\/\/turbomotori.com\/de\/wp-json\/wp\/v2\/product_cat?post=45255"},{"taxonomy":"product_tag","embeddable":true,"href":"https:\/\/turbomotori.com\/de\/wp-json\/wp\/v2\/product_tag?post=45255"}],"curies":[{"name":"wp","href":"https:\/\/api.w.org\/{rel}","templated":true}]}}