{"id":45575,"date":"2022-10-18T16:40:20","date_gmt":"2022-10-18T14:40:20","guid":{"rendered":"https:\/\/turbomotori.com\/?post_type=product&#038;p=45575"},"modified":"2025-01-02T19:00:50","modified_gmt":"2025-01-02T18:00:50","slug":"turbo-822088-1-per-fiat-fiorino-1-3-multijet","status":"publish","type":"product","link":"https:\/\/turbomotori.com\/de\/produkt\/turbo-822088-1-fur-fiat-fiorino-1-3-multijet\/","title":{"rendered":"Turbo 1.3 Multijet 822088-1 f\u00fcr Fiat Fiorino"},"content":{"rendered":"<p><strong>\u00dcberholter Garrett-Turbolader 822088-1 f\u00fcr Fiat Fiorino\/Qubo 1.3 Multijet \u2705 S-II<\/strong><\/p>\n<p>OEM-Code: 55270995\/55278596\/71796469\/55256743<\/p>\n<p>Passt: Fiat Fiorino, Punto, Panda, Tipo, Dobl\u00f2, Qubo\/ Opel Combo 1.3 Multijet<\/p>\n<p>Kompatible Codes: 822088-2\/ 822088-3\/ 822088-4\/ 822088-5\/ 822088-6\/ 822088-7\/ 822088-8\/ 822088-9\/ 822088-10\/ 822088-11\/ 822088-12\/ 822088-13\/ 822088-14\/ 822088-15\/ 822088-16\/ 822088-17\/ 822088-18\/ 822088-19\/ 822088-20\/ 822088-0001\/ 822088-0002\/ 822088-0003\/ 822088-0004\/ 822088-0005\/ 822088-0006\/ 822088-0007\/ 822088-0008\/ 822088-0009\/ 822088-0011\/ 822088-0012\/ 822088-0013\/ 822088-0014\/ 822088-0015\/ 822088-0016\/ 822088-0017\/ 822088-0018\/ 822088-0019\/ 822088-0020\/ 822088-5001\/ 822088-5002\/ 822088-5003\/ 822088-5004\/ 822088-5005\/ 822088-5006\/ 822088-5007\/ 822088-5008\/ 822088-5009\/ 822088-5011\/ 822088-5012\/ 822088-5013\/ 822088-5014\/ 822088-5015\/ 822088-5016\/ 822088-5017\/ 822088-5018\/ 822088-5019\/ 822088-5020\/ 822088-5001S\/ 822088-5002S\/ 822088-5003S\/ 822088-5004S\/ 822088-5005S\/ 822088-5006S\/ 822088-5007S\/ 822088-5008S\/ 822088-5009S\/ 822088-5011S\/ 822088-5012S\/ 822088-5013S\/ 822088-5014S\/ 822088-5015S\/ 822088-5016S\/ 822088-5017S\/ 822088-5018S\/ 822088-5019S\/ 822088-5020S<\/p>\n<p>Turbine neu und wiederaufbereitet erh\u00e4ltlich<\/p>\n<p><span style=\"color: #000000;\">-Wiederhergestellter Turbopreis 388,50 \u20ac inkl. MwSt.\u00a0<\/span><\/p>\n<p>&nbsp;<\/p>\n<p>&#8211;<a href=\"https:\/\/turbomotori.com\/de\/weitere-informationen\/\" target=\"_blank\" rel=\"noopener\"> Klicken Sie f\u00fcr weitere Informationen \u00fcber unseren Service<\/a>.<\/p>\n<p>&#8211; <a href=\"https:\/\/turbomotori.com\/de\/dove-individuare-il-codice-del-turbo\/\" target=\"_blank\" rel=\"noopener\">Lesen Sie die Anleitung zum Auffinden und Identifizieren des Turbo-Codes<\/a>.<\/p>","protected":false},"excerpt":{"rendered":"<p><strong>\u00dcberholter Garrett-Turbolader 822088-1 f\u00fcr Fiat Fiorino\/Qubo 1.3 Multijet \u2705 S-II<\/strong><\/p>\n<p>OEM-Code: 55270995\/55278596\/71796469\/55256743<\/p>\n<p>Passt: Fiat Fiorino, Punto, Panda, Tipo, Dobl\u00f2, Qubo\/ Opel Combo 1.3 Multijet<\/p>\n<p>Kompatible Codes: 822088-2\/ 822088-3\/ 822088-4\/ 822088-5\/ 822088-6\/ 822088-7\/ 822088-8\/ 822088-9\/ 822088-10\/ 822088-11\/ 822088-12\/ 822088-13\/ 822088-14\/ 822088-15\/ 822088-16\/ 822088-17\/ 822088-18\/ 822088-19\/ 822088-20\/ 822088-0001\/ 822088-0002\/ 822088-0003\/ 822088-0004\/ 822088-0005\/ 822088-0006\/ 822088-0007\/ 822088-0008\/ 822088-0009\/ 822088-0011\/ 822088-0012\/ 822088-0013\/ 822088-0014\/ 822088-0015\/ 822088-0016\/ 822088-0017\/ 822088-0018\/ 822088-0019\/ 822088-0020\/ 822088-5001\/ 822088-5002\/ 822088-5003\/ 822088-5004\/ 822088-5005\/ 822088-5006\/ 822088-5007\/ 822088-5008\/ 822088-5009\/ 822088-5011\/ 822088-5012\/ 822088-5013\/ 822088-5014\/ 822088-5015\/ 822088-5016\/ 822088-5017\/ 822088-5018\/ 822088-5019\/ 822088-5020\/ 822088-5001S\/ 822088-5002S\/ 822088-5003S\/ 822088-5004S\/ 822088-5005S\/ 822088-5006S\/ 822088-5007S\/ 822088-5008S\/ 822088-5009S\/ 822088-5011S\/ 822088-5012S\/ 822088-5013S\/ 822088-5014S\/ 822088-5015S\/ 822088-5016S\/ 822088-5017S\/ 822088-5018S\/ 822088-5019S\/ 822088-5020S<\/p>\n<p>Turbine neu und wiederaufbereitet erh\u00e4ltlich<\/p>\n<p><span style=\"color: #000000;\">Preis wiederaufbereiteter Turbo 388,50 \u20ac inkl. MwSt.\u00a0<\/span><\/p>\n<p><a title=\"KONTAKTE\" href=\"https:\/\/turbomotori.com\/de\/kontakte\/\">Rufen Sie an f\u00fcr ein kostenloses Angebot <\/a><em>Tel.<\/em> <a href=\"tel:0309050658\">030.9050658<\/a>\u00a0 <em>Cel<\/em>\u00a0<a href=\"tel:3382854452\">338.2854452<\/a>\u00a0\u00a0<em>WhatsApp<\/em><a href=\"https:\/\/api.whatsapp.com\/send?phone=393925701009 &amp;text=Salve,%20vorrei%20qualche%20informazione%20in%20merito%20ai%20vostri%20prodotti.\">\u00a0 392.5701009<\/a><\/p>\n<p>&nbsp;<\/p>","protected":false},"featured_media":45576,"comment_status":"closed","ping_status":"closed","template":"","meta":{"_acf_changed":false},"product_brand":[],"product_cat":[26],"product_tag":[5462,5463,5464,38,45,92],"class_list":{"0":"post-45575","1":"product","2":"type-product","3":"status-publish","4":"has-post-thumbnail","6":"product_cat-turbo-turbina-rigenerata","7":"product_tag-5462","8":"product_tag-5463","9":"product_tag-5464","10":"product_tag-fiat","11":"product_tag-opel","12":"product_tag-turbocompressore","14":"first","15":"instock","16":"shipping-taxable","17":"purchasable","18":"product-type-simple"},"acf":{"codice_oem":"55270995\/55278596\/71796469\/55256743","compatibile_con":"822088-2\/ 822088-3\/ 822088-4\/ 822088-5\/ 822088-6\/ 822088-7\/ 822088-8\/ 822088-9\/ 822088-10\/ 822088-11\/ 822088-12\/ 822088-13\/ 822088-14\/ 822088-15\/ 822088-16\/ 822088-17\/ 822088-18\/ 822088-19\/ 822088-20\/ 822088-0001\/ 822088-0002\/ 822088-0003\/ 822088-0004\/ 822088-0005\/ 822088-0006\/ 822088-0007\/ 822088-0008\/ 822088-0009\/ 822088-0011\/ 822088-0012\/ 822088-0013\/ 822088-0014\/ 822088-0015\/ 822088-0016\/ 822088-0017\/ 822088-0018\/ 822088-0019\/ 822088-0020\/ 822088-5001\/ 822088-5002\/ 822088-5003\/ 822088-5004\/ 822088-5005\/ 822088-5006\/ 822088-5007\/ 822088-5008\/ 822088-5009\/ 822088-5011\/ 822088-5012\/ 822088-5013\/ 822088-5014\/ 822088-5015\/ 822088-5016\/ 822088-5017\/ 822088-5018\/ 822088-5019\/ 822088-5020\/ 822088-5001S\/ 822088-5002S\/ 822088-5003S\/ 822088-5004S\/ 822088-5005S\/ 822088-5006S\/ 822088-5007S\/ 822088-5008S\/ 822088-5009S\/ 822088-5011S\/ 822088-5012S\/ 822088-5013S\/ 822088-5014S\/ 822088-5015S\/ 822088-5016S\/ 822088-5017S\/ 822088-5018S\/ 822088-5019S\/ 822088-5020S","monta_su":"Fiat Fiorino\/Qubo 1.3 Multijet","codice_motore":"","anno":"","cilindrata":"","carburante":"","cv":"","kw":"","garanzia_12_mesi":false,"composizione":"","disponibilita":"-"},"aioseo_notices":[],"_links":{"self":[{"href":"https:\/\/turbomotori.com\/de\/wp-json\/wp\/v2\/product\/45575","targetHints":{"allow":["GET"]}}],"collection":[{"href":"https:\/\/turbomotori.com\/de\/wp-json\/wp\/v2\/product"}],"about":[{"href":"https:\/\/turbomotori.com\/de\/wp-json\/wp\/v2\/types\/product"}],"replies":[{"embeddable":true,"href":"https:\/\/turbomotori.com\/de\/wp-json\/wp\/v2\/comments?post=45575"}],"wp:featuredmedia":[{"embeddable":true,"href":"https:\/\/turbomotori.com\/de\/wp-json\/wp\/v2\/media\/45576"}],"wp:attachment":[{"href":"https:\/\/turbomotori.com\/de\/wp-json\/wp\/v2\/media?parent=45575"}],"wp:term":[{"taxonomy":"product_brand","embeddable":true,"href":"https:\/\/turbomotori.com\/de\/wp-json\/wp\/v2\/product_brand?post=45575"},{"taxonomy":"product_cat","embeddable":true,"href":"https:\/\/turbomotori.com\/de\/wp-json\/wp\/v2\/product_cat?post=45575"},{"taxonomy":"product_tag","embeddable":true,"href":"https:\/\/turbomotori.com\/de\/wp-json\/wp\/v2\/product_tag?post=45575"}],"curies":[{"name":"wp","href":"https:\/\/api.w.org\/{rel}","templated":true}]}}