{"id":458,"date":"2017-09-26T15:21:01","date_gmt":"2017-09-26T15:21:01","guid":{"rendered":"https:\/\/turbomotori.com\/?post_type=product&#038;p=458"},"modified":"2023-09-13T12:05:45","modified_gmt":"2023-09-13T10:05:45","slug":"valvola-egr-seat-skoda-volkswagen","status":"publish","type":"product","link":"https:\/\/turbomotori.com\/de\/produkt\/agr-ventilsitz-skoda-volkswagen\/","title":{"rendered":"AGR-Ventil Sitz Skoda Volkswagen"},"content":{"rendered":"<p>Dieses Egr-Ventil wird haupts\u00e4chlich in den folgenden Fahrzeugmodellen verwendet und eingebaut:<br \/>\nSEAT \/<br \/>\nSKODA \/<br \/>\nVOLKSWAGEN.<\/p>\n<p>Die Originalcodes lauten wie folgt:<br \/>\n07Z131501A<\/p>\n<p>Hinweis: Pr\u00fcfen Sie wie immer den Code auf dem Ventil in Ihrem Besitz, um sicherzustellen, dass<\/p>","protected":false},"excerpt":{"rendered":"<p>Dieses Egr-Ventil wird haupts\u00e4chlich f\u00fcr die folgenden Fahrzeugmodelle verwendet und installiert: SEAT \/ SKODA \/ VOLKSWAGEN. Die urspr\u00fcnglichen Codes sind wie folgt: 07Z131501A Hinweis: Wie immer, \u00fcberpr\u00fcfen Sie bitte den Code auf dem Ventil in Ihrem Besitz, um sicherzustellen, dass<\/p>","protected":false},"featured_media":459,"comment_status":"closed","ping_status":"closed","template":"","meta":{"_acf_changed":false},"product_brand":[],"product_cat":[21],"product_tag":[58,47,51],"class_list":{"0":"post-458","1":"product","2":"type-product","3":"status-publish","4":"has-post-thumbnail","6":"product_cat-valvola-egr","7":"product_tag-seat","8":"product_tag-skoda","9":"product_tag-volkswagen","11":"first","12":"instock","13":"shipping-taxable","14":"product-type-simple"},"acf":[],"aioseo_notices":[],"_links":{"self":[{"href":"https:\/\/turbomotori.com\/de\/wp-json\/wp\/v2\/product\/458","targetHints":{"allow":["GET"]}}],"collection":[{"href":"https:\/\/turbomotori.com\/de\/wp-json\/wp\/v2\/product"}],"about":[{"href":"https:\/\/turbomotori.com\/de\/wp-json\/wp\/v2\/types\/product"}],"replies":[{"embeddable":true,"href":"https:\/\/turbomotori.com\/de\/wp-json\/wp\/v2\/comments?post=458"}],"wp:featuredmedia":[{"embeddable":true,"href":"https:\/\/turbomotori.com\/de\/wp-json\/wp\/v2\/media\/459"}],"wp:attachment":[{"href":"https:\/\/turbomotori.com\/de\/wp-json\/wp\/v2\/media?parent=458"}],"wp:term":[{"taxonomy":"product_brand","embeddable":true,"href":"https:\/\/turbomotori.com\/de\/wp-json\/wp\/v2\/product_brand?post=458"},{"taxonomy":"product_cat","embeddable":true,"href":"https:\/\/turbomotori.com\/de\/wp-json\/wp\/v2\/product_cat?post=458"},{"taxonomy":"product_tag","embeddable":true,"href":"https:\/\/turbomotori.com\/de\/wp-json\/wp\/v2\/product_tag?post=458"}],"curies":[{"name":"wp","href":"https:\/\/api.w.org\/{rel}","templated":true}]}}