{"id":46169,"date":"2022-12-23T11:32:32","date_gmt":"2022-12-23T10:32:32","guid":{"rendered":"https:\/\/turbomotori.com\/?post_type=product&#038;p=46169"},"modified":"2024-10-11T13:59:51","modified_gmt":"2024-10-11T11:59:51","slug":"motore-revisionato-225a2000-per-fiat-peugeot-1-3-multijet-euro-6","status":"publish","type":"product","link":"https:\/\/turbomotori.com\/de\/produkt\/uberholter-motor-225a2000-fur-fiat-peugeot-1-3-multijet-euro-6\/","title":{"rendered":"\u00dcberholter Motor 225A2000 f\u00fcr Fiat, Peugeot 1.3 Multijet EURO 6"},"content":{"rendered":"<p><strong>Halbkomplett \u00fcberholter 225A2000 Motor f\u00fcr Fiat (Euro 6)\u00a0<\/strong><\/p>\n<p>Bestehend aus: Becher, Block, Kopf und Verteilung<\/p>\n<p>Passend f\u00fcr: Fiat Dobl\u00f2, Panda, Fiorino, Qubo\/ Peugeot Dipper<\/p>\n<p>Hubraum: 1.3 Multijet<\/p>\n<p>Jahr: 2014 bis 2019<\/p>\n<p>Motorcode: 225A2000<\/p>\n<p>- GARANTIE 12 Monate<\/p>\n<p>- Sofortige Verf\u00fcgbarkeit<\/p>\n<p>- Lieferung in ganz Italien innerhalb von 24\/48 Stunden<\/p>\n<p>- Kurier benutzt GLS<\/p>\n<p>-Geben Sie f\u00fcr ein Angebot die folgenden Fahrzeugdaten an:<\/p>\n<ul>\n<li><strong>Jahr\u00a0<\/strong><\/li>\n<li><strong>Modell<\/strong><\/li>\n<li><strong>Motorcode (<\/strong>Punkt S. 5 der Brosch\u00fcre<b>)<\/b><\/li>\n<li><strong>Strom\u00a0<\/strong><\/li>\n<\/ul>\n<p>Die Daten finden Sie in der Betriebsanleitung Ihres Fahrzeugs<\/p>\n<p>F\u00fcr weitere Informationen stehen wir Ihnen gerne unter folgenden Nummern zur Verf\u00fcgung<\/p>\n<ul>\n<li>Tel.: 0309050658<\/li>\n<li>WhatsApp: 3925701009<\/li>\n<\/ul>\n<p>Ge\u00f6ffnet von Montag bis Freitag von 8 bis 12 Uhr und von 14 bis 18 Uhr.<\/p>\n<p>&nbsp;<\/p>","protected":false},"excerpt":{"rendered":"<p><strong>Halbkomplett \u00fcberholter 225A2000 Motor f\u00fcr Fiat (Euro 6)<\/strong><\/p>\n<p>Bestehend aus: Becher, Block, Kopf und Verteilung<\/p>\n<p>Passend f\u00fcr: Fiat Dobl\u00f2, Panda, Fiorino, Qubo\/ Peugeot Dipper<\/p>\n<p>Hubraum: 1.3 Multijet<\/p>\n<p>Jahr: 2014 bis 2019<\/p>\n<p><a title=\"KONTAKTE\" href=\"https:\/\/turbomotori.com\/de\/kontakte\/\">Rufen Sie an f\u00fcr ein kostenloses Angebot <\/a><em>Tel.<\/em> <a href=\"tel:0309050658\">030.9050658<\/a>\u00a0 <em>Cel<\/em>\u00a0<a href=\"tel:3382854452\">338.2854452<\/a>\u00a0\u00a0<em>WhatsApp<\/em><a href=\"https:\/\/api.whatsapp.com\/send?phone=393925701009 &amp;text=Salve,%20vorrei%20qualche%20informazione%20in%20merito%20ai%20vostri%20prodotti.\">\u00a0 392.5701009<\/a><\/p>","protected":false},"featured_media":46170,"comment_status":"closed","ping_status":"closed","template":"","meta":{"_acf_changed":false},"product_brand":[],"product_cat":[31],"product_tag":[5471,5470,5467,2277,38,1210,5593,2283,1447],"class_list":{"0":"post-46169","1":"product","2":"type-product","3":"status-publish","4":"has-post-thumbnail","6":"product_cat-motore-rigenerato","7":"product_tag-1-3-multijet","8":"product_tag-225a2000","9":"product_tag-coppa-dellolio","10":"product_tag-distribuzione","11":"product_tag-fiat","12":"product_tag-monoblocco","13":"product_tag-revisionato","14":"product_tag-semi-completo","15":"product_tag-testata","17":"first","18":"instock","19":"shipping-taxable","20":"product-type-simple"},"acf":{"codice_oem":"","compatibile_con":"","monta_su":"Fiat Dobl\u00f2, Panda, Fiorino, Qubo, Peugeot Dipper","codice_motore":"225A2000 ","anno":"2014 al 2019","cilindrata":"1.3 ","carburante":"Diesel","cv":"","kw":"","garanzia_12_mesi":false,"composizione":"Composto da coppa, blocco, testa con distribuzione e pompa olio  ","disponibilita":"-"},"aioseo_notices":[],"_links":{"self":[{"href":"https:\/\/turbomotori.com\/de\/wp-json\/wp\/v2\/product\/46169","targetHints":{"allow":["GET"]}}],"collection":[{"href":"https:\/\/turbomotori.com\/de\/wp-json\/wp\/v2\/product"}],"about":[{"href":"https:\/\/turbomotori.com\/de\/wp-json\/wp\/v2\/types\/product"}],"replies":[{"embeddable":true,"href":"https:\/\/turbomotori.com\/de\/wp-json\/wp\/v2\/comments?post=46169"}],"wp:featuredmedia":[{"embeddable":true,"href":"https:\/\/turbomotori.com\/de\/wp-json\/wp\/v2\/media\/46170"}],"wp:attachment":[{"href":"https:\/\/turbomotori.com\/de\/wp-json\/wp\/v2\/media?parent=46169"}],"wp:term":[{"taxonomy":"product_brand","embeddable":true,"href":"https:\/\/turbomotori.com\/de\/wp-json\/wp\/v2\/product_brand?post=46169"},{"taxonomy":"product_cat","embeddable":true,"href":"https:\/\/turbomotori.com\/de\/wp-json\/wp\/v2\/product_cat?post=46169"},{"taxonomy":"product_tag","embeddable":true,"href":"https:\/\/turbomotori.com\/de\/wp-json\/wp\/v2\/product_tag?post=46169"}],"curies":[{"name":"wp","href":"https:\/\/api.w.org\/{rel}","templated":true}]}}