{"id":46509,"date":"2023-03-20T14:45:46","date_gmt":"2023-03-20T13:45:46","guid":{"rendered":"https:\/\/turbomotori.com\/?post_type=product&#038;p=46509"},"modified":"2023-08-31T10:32:50","modified_gmt":"2023-08-31T08:32:50","slug":"motore-nuovo-ubfa-ford-mondeo-2-0-diesel","status":"publish","type":"product","link":"https:\/\/turbomotori.com\/de\/produkt\/motor-neu-ubfa-ford-mondeo-2-0-diesel\/","title":{"rendered":"Neuer UBFA-Motor f\u00fcr Ford Mondeo 2.0 Diesel"},"content":{"rendered":"<p><strong>Neuer Motor UBFA-Code f\u00fcr Ford halbwegs vollst\u00e4ndig\u00a0<\/strong><\/p>\n<p>Bestehend aus: \u00d6lwanne, Block, Kopf (\u00d6lwannenversion aus Blech)<\/p>\n<p>Verdr\u00e4ngung 2.0 Diesel<\/p>\n<p>Passend f\u00fcr: Ford Mondeo 2.0 Diesel<\/p>\n<p>Motorcode: UBFA<\/p>\n<p>Jahr: 2009 - 2016<\/p>\n<p>- GARANTIE 12 Monate<\/p>\n<p>- Sofortige Verf\u00fcgbarkeit<\/p>\n<p>- Lieferung in ganz Italien innerhalb von 24\/48 Stunden<\/p>\n<p>- Kurier benutzt GLS<\/p>\n<p>-Geben Sie f\u00fcr ein Angebot die folgenden Fahrzeugdaten an:<\/p>\n<ul>\n<li><strong>Jahr\u00a0<\/strong><\/li>\n<li><strong>Modell<\/strong><\/li>\n<li><strong>Motorcode (<\/strong><span style=\"color: #3366ff;\">Punkt p5 des\u00a0<\/span><span style=\"color: #3366ff;\">Brosch\u00fcre<\/span><b>)<\/b><\/li>\n<li><strong>Strom\u00a0<\/strong><\/li>\n<\/ul>\n<p>Die Daten finden Sie in der Betriebsanleitung Ihres Fahrzeugs<\/p>\n<p>F\u00fcr weitere Informationen stehen wir Ihnen gerne unter folgenden Nummern zur Verf\u00fcgung<\/p>\n<ul>\n<li><span style=\"color: #3366ff;\">Tel.: 0309050658<\/span><\/li>\n<li><span style=\"color: #3366ff;\">WhatsApp: 3925701009<\/span><\/li>\n<\/ul>\n<p>Ge\u00f6ffnet von Montag bis Freitag von 8 bis 12 Uhr und von 14 bis 18 Uhr.<\/p>","protected":false},"excerpt":{"rendered":"<p><strong>Neuer Motor UBFA-Code f\u00fcr Ford halbwegs vollst\u00e4ndig\u00a0<\/strong><\/p>\n<p>Bestehend aus: \u00d6lwanne, Block, Kopf (\u00d6lwannenversion aus Blech)<\/p>\n<p>Verdr\u00e4ngung 2.0 Diesel<\/p>\n<p>Passend f\u00fcr: Ford Mondeo 2.0 Diesel<\/p>\n<p>Motorcode: UBFA<\/p>\n<p><a title=\"KONTAKTE\" href=\"https:\/\/turbomotori.com\/de\/kontakte\/\">Rufen Sie an f\u00fcr ein kostenloses Angebot <\/a><em>Tel.<\/em> <a href=\"tel:0309050658\">030.9050658<\/a>\u00a0 <em>Cel<\/em>\u00a0<a href=\"tel:3382854452\">338.2854452<\/a>\u00a0\u00a0<em>WhatsApp<\/em><a href=\"https:\/\/api.whatsapp.com\/send?phone=393925701009 &amp;text=Salve,%20vorrei%20qualche%20informazione%20in%20merito%20ai%20vostri%20prodotti.\">\u00a0 392.5701009<\/a><\/p>","protected":false},"featured_media":46510,"comment_status":"closed","ping_status":"closed","template":"","meta":{"_acf_changed":false},"product_brand":[],"product_cat":[87],"product_tag":[5467,5816,5469,39,5817,2189,1210,1447,5818],"class_list":{"0":"post-46509","1":"product","2":"type-product","3":"status-publish","4":"has-post-thumbnail","6":"product_cat-motore-nuovo","7":"product_tag-coppa-dellolio","8":"product_tag-coppa-dellolio-in-lamiera","9":"product_tag-disponibilita-immediata","10":"product_tag-ford","11":"product_tag-ford-mondeo-2-0-d","12":"product_tag-garanzia-12-mesi","13":"product_tag-monoblocco","14":"product_tag-testata","15":"product_tag-ubfa","17":"first","18":"instock","19":"shipping-taxable","20":"product-type-simple"},"acf":{"codice_oem":"","compatibile_con":"","monta_su":"Ford Mondeo","codice_motore":"UBFA ","anno":"2009 - 2016","cilindrata":"2.0 ","carburante":"Diesel","cv":"","kw":"","garanzia_12_mesi":false,"composizione":"","disponibilita":"-"},"aioseo_notices":[],"_links":{"self":[{"href":"https:\/\/turbomotori.com\/de\/wp-json\/wp\/v2\/product\/46509","targetHints":{"allow":["GET"]}}],"collection":[{"href":"https:\/\/turbomotori.com\/de\/wp-json\/wp\/v2\/product"}],"about":[{"href":"https:\/\/turbomotori.com\/de\/wp-json\/wp\/v2\/types\/product"}],"replies":[{"embeddable":true,"href":"https:\/\/turbomotori.com\/de\/wp-json\/wp\/v2\/comments?post=46509"}],"wp:featuredmedia":[{"embeddable":true,"href":"https:\/\/turbomotori.com\/de\/wp-json\/wp\/v2\/media\/46510"}],"wp:attachment":[{"href":"https:\/\/turbomotori.com\/de\/wp-json\/wp\/v2\/media?parent=46509"}],"wp:term":[{"taxonomy":"product_brand","embeddable":true,"href":"https:\/\/turbomotori.com\/de\/wp-json\/wp\/v2\/product_brand?post=46509"},{"taxonomy":"product_cat","embeddable":true,"href":"https:\/\/turbomotori.com\/de\/wp-json\/wp\/v2\/product_cat?post=46509"},{"taxonomy":"product_tag","embeddable":true,"href":"https:\/\/turbomotori.com\/de\/wp-json\/wp\/v2\/product_tag?post=46509"}],"curies":[{"name":"wp","href":"https:\/\/api.w.org\/{rel}","templated":true}]}}