{"id":5080,"date":"2021-02-18T08:16:37","date_gmt":"2021-02-18T07:16:37","guid":{"rendered":"https:\/\/turbomotori.com\/?post_type=product&#038;p=5080"},"modified":"2024-10-29T11:19:48","modified_gmt":"2024-10-29T10:19:48","slug":"motore-srfa-ford-transit-2-2-d","status":"publish","type":"product","link":"https:\/\/turbomotori.com\/de\/produkt\/srfa-motor-ford-transit-2-2-d\/","title":{"rendered":"SRFA-Motor f\u00fcr Ford Transit 2.2 D"},"content":{"rendered":"<p class=\"gmail_default\"><strong>Neuer halbfertiger Motor Ford Transit 2.2 d code srfa<\/strong><\/p>\n<p class=\"gmail_default\">Jahr 2008-2011<\/p>\n<p class=\"gmail_default\"><strong>Bestehend aus: \u00d6lwanne, Block, Kopf, Verteiler, \u00d6lpumpe, W\u00e4rmetauscher<\/strong><\/p>\n<p class=\"gmail_default\" style=\"text-align: left;\"><strong>- GARANTIE 12 Monate<\/strong><\/p>\n<div>\n<p style=\"text-align: left;\"><strong>- Sofortige Verf\u00fcgbarkeit.<\/strong><\/p>\n<p style=\"text-align: left;\">- Lieferung in ganz Italien innerhalb von 24\/48 Stunden<\/p>\n<p style=\"text-align: left;\">- Kurier benutzt GLS<\/p>\n<p style=\"text-align: left;\">-Geben Sie f\u00fcr ein Angebot die folgenden Fahrzeugdaten an:<\/p>\n<ul>\n<li><strong>Jahr\u00a0<\/strong><\/li>\n<li><strong>Modell<\/strong><\/li>\n<li><strong>Motorcode (<span style=\"color: #3366ff;\">Punkt P5 von\u00a0<\/span><\/strong><b><span style=\"color: #3366ff;\">Brosch\u00fcre<\/span>)<\/b><\/li>\n<li><strong>Strom\u00a0<\/strong><\/li>\n<\/ul>\n<p>Die Daten finden Sie in der Betriebsanleitung Ihres Fahrzeugs<\/p>\n<p>F\u00fcr weitere Informationen wenden Sie sich bitte an unsere Verkaufsabteilung unter den folgenden Nummern: <span style=\"color: #3366ff;\"><strong>0309050658<\/strong><\/span> WhatsApp: <span style=\"color: #3366ff;\"><strong>3925701009<\/strong><\/span><\/p>\n<p>Wir haben von Montag bis Freitag von 8-12 Uhr bis 14-18 Uhr ge\u00f6ffnet.<\/p>\n<\/div>","protected":false},"excerpt":{"rendered":"<p class=\"gmail_default\">Neuer halbfertiger Motor Ford Transit 2.2 d code srfa<\/p>\n<p class=\"gmail_default\">Jahr 2008-2011<\/p>\n<p class=\"gmail_default\">Bestehend aus: \u00d6lwanne, Block, Kopf, Verteiler, \u00d6lpumpe, W\u00e4rmetauscher<\/p>\n<p><a title=\"KONTAKTE\" href=\"https:\/\/turbomotori.com\/de\/kontakte\/\"><strong>Rufen Sie uns an f\u00fcr ein kostenloses Angebot 0309050658<\/strong><\/a><\/p>","protected":false},"featured_media":52745,"comment_status":"closed","ping_status":"closed","template":"","meta":{"_acf_changed":false},"product_brand":[],"product_cat":[31],"product_tag":[39,1291],"class_list":{"0":"post-5080","1":"product","2":"type-product","3":"status-publish","4":"has-post-thumbnail","6":"product_cat-motore-rigenerato","7":"product_tag-ford","8":"product_tag-srfa","10":"first","11":"instock","12":"shipping-taxable","13":"product-type-simple"},"acf":{"codice_oem":"","compatibile_con":"","monta_su":" Ford Transit ","codice_motore":"SRFA ","anno":"2008-2011","cilindrata":"2.2 ","carburante":"Diesel","cv":"","kw":"","garanzia_12_mesi":false,"composizione":"","disponibilita":"-"},"aioseo_notices":[],"_links":{"self":[{"href":"https:\/\/turbomotori.com\/de\/wp-json\/wp\/v2\/product\/5080","targetHints":{"allow":["GET"]}}],"collection":[{"href":"https:\/\/turbomotori.com\/de\/wp-json\/wp\/v2\/product"}],"about":[{"href":"https:\/\/turbomotori.com\/de\/wp-json\/wp\/v2\/types\/product"}],"replies":[{"embeddable":true,"href":"https:\/\/turbomotori.com\/de\/wp-json\/wp\/v2\/comments?post=5080"}],"wp:featuredmedia":[{"embeddable":true,"href":"https:\/\/turbomotori.com\/de\/wp-json\/wp\/v2\/media\/52745"}],"wp:attachment":[{"href":"https:\/\/turbomotori.com\/de\/wp-json\/wp\/v2\/media?parent=5080"}],"wp:term":[{"taxonomy":"product_brand","embeddable":true,"href":"https:\/\/turbomotori.com\/de\/wp-json\/wp\/v2\/product_brand?post=5080"},{"taxonomy":"product_cat","embeddable":true,"href":"https:\/\/turbomotori.com\/de\/wp-json\/wp\/v2\/product_cat?post=5080"},{"taxonomy":"product_tag","embeddable":true,"href":"https:\/\/turbomotori.com\/de\/wp-json\/wp\/v2\/product_tag?post=5080"}],"curies":[{"name":"wp","href":"https:\/\/api.w.org\/{rel}","templated":true}]}}