{"id":5084,"date":"2021-02-18T08:29:39","date_gmt":"2021-02-18T07:29:39","guid":{"rendered":"https:\/\/turbomotori.com\/?post_type=product&#038;p=5084"},"modified":"2024-10-29T11:00:41","modified_gmt":"2024-10-29T10:00:41","slug":"motore-4hv-fiat-citroen-peugeot-2-2-d","status":"publish","type":"product","link":"https:\/\/turbomotori.com\/de\/produkt\/motor-4hv-fiat-citroen-peugeot-2-2-d\/","title":{"rendered":"4HV-Motor f\u00fcr Fiat, Citroen, Peugeot 2.2 D"},"content":{"rendered":"<p class=\"gmail_default\"><strong>Neuer 4HV-Motor halbwegs komplett Fiat\/ Citroen\/ Peugeot\u00a0<\/strong><\/p>\n<p>Bestehend aus: \u00d6lwanne, Block, Kopf, Verteiler, \u00d6lpumpe und W\u00e4rmetauscher<\/p>\n<p class=\"gmail_default\">Jahr 2006-2011<\/p>\n<p>Verdr\u00e4ngung: 2.2 D<\/p>\n<p>Motorcode: 4HV<\/p>","protected":false},"excerpt":{"rendered":"<p class=\"gmail_default\"><strong>Neuer 4HV-Motor halbwegs komplett Fiat\/ Citroen\/ Peugeot\u00a0<\/strong><\/p>\n<p>Bestehend aus: \u00d6lwanne, Block, Kopf, Verteiler, \u00d6lpumpe und W\u00e4rmetauscher<\/p>\n<p class=\"gmail_default\">Jahr 2006-2011<\/p>\n<p>Verdr\u00e4ngung: 2.2 D<\/p>\n<p>Motorcode: 4HV<\/p>\n<p class=\"gmail_default\" style=\"text-align: left;\">- GARANTIE 12 Monate<\/p>\n<p><a title=\"KONTAKTE\" href=\"https:\/\/turbomotori.com\/de\/kontakte\/\">Rufen Sie an f\u00fcr ein kostenloses Angebot <\/a><em>Tel.<\/em> <a href=\"tel:0309050658\">030.9050658<\/a>\u00a0 <em>Cel<\/em>\u00a0<a href=\"tel:3382854452\">338.2854452<\/a>\u00a0\u00a0<em>WhatsApp<\/em><a href=\"https:\/\/api.whatsapp.com\/send?phone=393925701009 &amp;text=Salve,%20vorrei%20qualche%20informazione%20in%20merito%20ai%20vostri%20prodotti.\">\u00a0 392.5701009<\/a><\/p>\n<p>&nbsp;<\/p>","protected":false},"featured_media":52745,"comment_status":"closed","ping_status":"closed","template":"","meta":{"_acf_changed":false},"product_brand":[],"product_cat":[87],"product_tag":[1292,75,38,72],"class_list":{"0":"post-5084","1":"product","2":"type-product","3":"status-publish","4":"has-post-thumbnail","6":"product_cat-motore-nuovo","7":"product_tag-4hv","8":"product_tag-citroen","9":"product_tag-fiat","10":"product_tag-peugeot","12":"first","13":"instock","14":"shipping-taxable","15":"product-type-simple"},"acf":{"codice_oem":"","compatibile_con":"Fiat Ducato, Citroen Jumper, Peugeot Boxer, Ford Transit","monta_su":"Fiat, Citroen, Peugeot","codice_motore":"4HV ","anno":"2006-2011","cilindrata":"2.2","carburante":"Diesel","cv":"","kw":"","garanzia_12_mesi":false,"composizione":"Motore modello 4HV - Revisione Completa Include: Testata ricondizionata Monoblocco, Sottocoppa, Sostituzione integrale dei componenti soggetti a usura: Bronzine di banco Bronzine di biella, Bielle, Albero motore, Pistoni, Punterie e Bilanceri, distribuzione, pompa olio e valvole. Comprese tutte le lavorazioni necessarie di rettifica. NOTA IMPORTANTE: \u00c8 richiesta la restituzione del motore usato nelle condizioni che possa essere recuperabile come condizione essenziale per la fornitura.","disponibilita":"-"},"aioseo_notices":[],"_links":{"self":[{"href":"https:\/\/turbomotori.com\/de\/wp-json\/wp\/v2\/product\/5084","targetHints":{"allow":["GET"]}}],"collection":[{"href":"https:\/\/turbomotori.com\/de\/wp-json\/wp\/v2\/product"}],"about":[{"href":"https:\/\/turbomotori.com\/de\/wp-json\/wp\/v2\/types\/product"}],"replies":[{"embeddable":true,"href":"https:\/\/turbomotori.com\/de\/wp-json\/wp\/v2\/comments?post=5084"}],"wp:featuredmedia":[{"embeddable":true,"href":"https:\/\/turbomotori.com\/de\/wp-json\/wp\/v2\/media\/52745"}],"wp:attachment":[{"href":"https:\/\/turbomotori.com\/de\/wp-json\/wp\/v2\/media?parent=5084"}],"wp:term":[{"taxonomy":"product_brand","embeddable":true,"href":"https:\/\/turbomotori.com\/de\/wp-json\/wp\/v2\/product_brand?post=5084"},{"taxonomy":"product_cat","embeddable":true,"href":"https:\/\/turbomotori.com\/de\/wp-json\/wp\/v2\/product_cat?post=5084"},{"taxonomy":"product_tag","embeddable":true,"href":"https:\/\/turbomotori.com\/de\/wp-json\/wp\/v2\/product_tag?post=5084"}],"curies":[{"name":"wp","href":"https:\/\/api.w.org\/{rel}","templated":true}]}}