{"id":5132,"date":"2021-02-26T12:07:23","date_gmt":"2021-02-26T11:07:23","guid":{"rendered":"https:\/\/turbomotori.com\/?post_type=product&#038;p=5132"},"modified":"2025-01-03T11:26:02","modified_gmt":"2025-01-03T10:26:02","slug":"turbo-bv40d-0002-volkswagen-2-0-tdi","status":"publish","type":"product","link":"https:\/\/turbomotori.com\/de\/produkt\/turbo-bv40d-0002-volkswagen-2-0-tdi\/","title":{"rendered":"Turbo BV40D-0002 f\u00fcr Volkswagen 2.0 TDi"},"content":{"rendered":"<p><strong>BorgWarner BV40D-0002 \u00fcberholter BV40-Turbo komplett mit elektrischem Stellantrieb f\u00fcr Seat\/ Skoda\/ Volkswagen\u00a0<\/strong><\/p>\n<p>Turbine kompatibel mit: 54409700002, 54409700007, 54409700021, 54409700036, 54409880002, 54409880007, 54409880021, 54409880036, 5440-970-0002, 5440-970-0007, 5440-970-0021, 5440-970-0036, 5440-988-0002, 5440-988-0007, 5440-988-0021, 5440-988-0036<\/p>\n<p>OEM: 03L253056G\/ 03L253056GV100\/ 03L253056G-V100\/ 03L253056T\/ 03L253019P\/ 03L253010G<\/p>\n<p>Passend f\u00fcr: Seat Alhambra, Altea 2.0 TDI\/ Skoda Octavia 2.0 TDI\/ Volkswagen Golf, Passat B7, Sharan, Touran 2.0 TDI<\/p>\n<p>Turbine neu und wiederaufbereitet erh\u00e4ltlich<\/p>\n<p><span style=\"color: #000000;\">-Nachgefertigter Turbopreis \u20ac 399,00 inkl. MwSt.\u00a0<\/span><\/p>\n<p>&#8211;<a href=\"https:\/\/turbomotori.com\/de\/weitere-informationen\/\"> Klicken Sie f\u00fcr weitere Informationen\u00a0<\/a><\/p>\n<p>&#8211; <a href=\"https:\/\/turbomotori.com\/de\/turbo-code-verbleibend\/\">Hinweise zur Identifizierung des Turbo-Codes<\/a><\/p>","protected":false},"excerpt":{"rendered":"<p><strong>BorgWarner BV40 remanufactured bv40d-0002 turbo komplett mit elektrischem Antrieb f\u00fcr Seat\/ Skoda\/ Volkswagen\u00a0<\/strong><\/p>\n<p>Turbine kompatibel mit: 54409700002, 54409700007, 54409700021, 54409700036, 54409880002, 54409880007, 54409880021, 54409880036, 5440-970-0002, 5440-970-0007, 5440-970-0021, 5440-970-0036, 5440-988-0002, 5440-988-0007, 5440-988-0021, 5440-988-0036<\/p>\n<p>OEM: 03L253056G\/ 03L253056GV100\/ 03L253056G-V100\/ 03L253056T\/ 03L253019P\/ 03L253010G<\/p>\n<p>Passend f\u00fcr: Seat Alhambra, Altea 2.0 TDI\/ Skoda Octavia 2.0 TDI\/ Volkswagen Golf, Passat B7, Sharan, Touran 2.0 TDI<\/p>\n<p>Turbine neu und wiederaufbereitet erh\u00e4ltlich<\/p>\n<p><span style=\"color: #000000;\">-Nachgefertigter Turbopreis \u20ac 399,00 inkl. MwSt.\u00a0<\/span><\/p>\n<p><a title=\"KONTAKTE\" href=\"https:\/\/turbomotori.com\/de\/kontakte\/\">Rufen Sie an f\u00fcr ein kostenloses Angebot <\/a><em>Tel.<\/em> <a href=\"tel:0309050658\">030.9050658<\/a>\u00a0 <em>Cel<\/em>\u00a0<a href=\"tel:3382854452\">338.2854452<\/a>\u00a0\u00a0<em>WhatsApp<\/em><a href=\"https:\/\/api.whatsapp.com\/send?phone=393925701009 &amp;text=Salve,%20vorrei%20qualche%20informazione%20in%20merito%20ai%20vostri%20prodotti.\">\u00a0 392.5701009<\/a><\/p>","protected":false},"featured_media":5133,"comment_status":"closed","ping_status":"closed","template":"","meta":{"_acf_changed":false},"product_brand":[],"product_cat":[26],"product_tag":[1305,58,47,51],"class_list":{"0":"post-5132","1":"product","2":"type-product","3":"status-publish","4":"has-post-thumbnail","6":"product_cat-turbo-turbina-rigenerata","7":"product_tag-bv40d-0002","8":"product_tag-seat","9":"product_tag-skoda","10":"product_tag-volkswagen","12":"first","13":"instock","14":"shipping-taxable","15":"purchasable","16":"product-type-simple"},"acf":{"codice_oem":"03L253056G\/ 03L253056GV100\/ 03L253056G-V100\/ 03L253056T\/ 03L253019P\/ 03L253010G","compatibile_con":"54409700002, 54409700007, 54409700021, 54409700036,\u00a054409880002, 54409880007, 54409880021, 54409880036,\u00a05440-970-0002, 5440-970-0007, 5440-970-0021, 5440-970-0036,\u00a05440-988-0002, 5440-988-0007, 5440-988-0021, 5440-988-0036","monta_su":"Seat Alhambra,\u00a0Altea 2.0 TDI\/\u00a0Skoda Octavia 2.0 TDI\/\u00a0Volkswagen Golf,\u00a0Passat B7,\u00a0Sharan,\u00a0Touran 2.0 TDI","codice_motore":"","anno":"","cilindrata":"","carburante":"","cv":"","kw":"","garanzia_12_mesi":false,"composizione":"","disponibilita":"-"},"aioseo_notices":[],"_links":{"self":[{"href":"https:\/\/turbomotori.com\/de\/wp-json\/wp\/v2\/product\/5132","targetHints":{"allow":["GET"]}}],"collection":[{"href":"https:\/\/turbomotori.com\/de\/wp-json\/wp\/v2\/product"}],"about":[{"href":"https:\/\/turbomotori.com\/de\/wp-json\/wp\/v2\/types\/product"}],"replies":[{"embeddable":true,"href":"https:\/\/turbomotori.com\/de\/wp-json\/wp\/v2\/comments?post=5132"}],"wp:featuredmedia":[{"embeddable":true,"href":"https:\/\/turbomotori.com\/de\/wp-json\/wp\/v2\/media\/5133"}],"wp:attachment":[{"href":"https:\/\/turbomotori.com\/de\/wp-json\/wp\/v2\/media?parent=5132"}],"wp:term":[{"taxonomy":"product_brand","embeddable":true,"href":"https:\/\/turbomotori.com\/de\/wp-json\/wp\/v2\/product_brand?post=5132"},{"taxonomy":"product_cat","embeddable":true,"href":"https:\/\/turbomotori.com\/de\/wp-json\/wp\/v2\/product_cat?post=5132"},{"taxonomy":"product_tag","embeddable":true,"href":"https:\/\/turbomotori.com\/de\/wp-json\/wp\/v2\/product_tag?post=5132"}],"curies":[{"name":"wp","href":"https:\/\/api.w.org\/{rel}","templated":true}]}}