{"id":52915,"date":"2025-01-31T11:38:19","date_gmt":"2025-01-31T10:38:19","guid":{"rendered":"https:\/\/turbomotori.com\/?post_type=product&#038;p=52915"},"modified":"2025-01-31T11:50:39","modified_gmt":"2025-01-31T10:50:39","slug":"turbo-renault-nissan-54389880005","status":"publish","type":"product","link":"https:\/\/turbomotori.com\/de\/produkt\/turbo-renault-nissan-54389880005\/","title":{"rendered":"Turbo Renault - Nissan 54389880005"},"content":{"rendered":"<p><strong>Garrett Turbo 765156-9007W<\/strong><\/p>\n<p><strong>Urspr\u00fcngliche Referenz:<\/strong><span><br \/>\n<\/span>8201067824, 144110219R, 144110972R, 14411-0219R, 14411-0972R<\/p>\n<p><strong>Hersteller-Referenz:<\/strong><span><br \/>\n<\/span>54389880005, 54389700005, 5438-988-0005, 5438-970-0005, 54389700018, 54389880018, 5438-970-0018, 5438-988-0018, 54389800005, 54389800018, 172-10216, 54389900005, 54389900018<\/p>\n<p><strong>Marke des Fahrzeugs:<\/strong><span><br \/>\n<\/span>NISSAN, RENAULT<\/p>\n<p><strong>Fahrzeugmodell:<\/strong><span><br \/>\n<\/span>NISSAN - QASHQAI +2 I, QASHQAI II V\u00c9HICULE TOUT TERRAIN FERM\u00c9, X-TRAIL; RENAULT - ESPACE V, GRAND SC\u00c9NIC III, KADJAR, MEGANE III 3\/5 PORTES, MEGANE III COUP\u00c9, MEGANE III GRANDTOUR, SC\u00c9NIC III, TALISMAN, TALISMAN GRANDTOUR<\/p>\n<p><strong>Kompatible Motoren:<\/strong><span>\u00a0<\/span>1.6 dCi, 1.6 dCi Traction int\u00e9grale, 1.6 dCi ALL MODE 4\u00d74-i, 1.6 dCi 130, 1.6 dCi 130 4\u00d74<br \/>\n<strong>Macht:<\/strong><span>\u00a0<\/span>130 PS<\/p>\n<p><strong>\u00a0<\/strong><\/p>\n<p><strong>Fahrzeug-Kompatibilit\u00e4t:<br \/>\n<\/strong><\/p>\n<ul>\n<li>RENAULT ESPACE V 1.6 dCi 130 1598 ccm, 96 KW, 130 PS 2015\/06-2019\/12<\/li>\n<li>RENAULT GRAND SC\u00c9NIC III 1.6 dCi 1598 ccm, 96 KW, 130 PS 2011\/04-2019\/12<\/li>\n<li>RENAULT KADJAR 1.6 dCi 130 4\u00d74 1598 ccm, 96 KW, 130 PS 2015\/06-2019\/12<\/li>\n<li>RENAULT KADJAR 1.6 dCi 130 1598 ccm, 96 KW, 130 PS 2015\/06-2019\/12<\/li>\n<li>RENAULT MEGANE III 3\/5 PORTES 1.6 dCi 1598 ccm, 96 KW, 130 PS 2011\/04-2019\/12<\/li>\n<li>RENAULT MEGANE III COUP\u00c9 1.6 dCi 1598 ccm, 96 KW, 130 PS 2011\/04-2019\/12<\/li>\n<li>RENAULT MEGANE III GRANDTOUR 1.6 dCi 1598 ccm, 96 KW, 130 PS 2011\/04-2019\/12<\/li>\n<li>RENAULT SC\u00c9NIC III 1.6 dCi 1598 ccm, 96 KW, 130 PS 2011\/04-2019\/12<\/li>\n<li>RENAULT TALISMAN 1.6 dCi 130 1598 ccm, 96 KW, 130 PS 2015\/11-2019\/12<\/li>\n<li>RENAULT TALISMAN GRANDTOUR 1.6 dCi 130 1598 ccm, 96 KW, 130 PS 2016\/03-2019\/12<\/li>\n<li>NISSAN QASHQAI +2 I 1.6 dCi 1598 ccm, 96 KW, 130 PS 2011\/10-2013\/12<\/li>\n<li>NISSAN QASHQAI +2 I 1.6 dCi Traction int\u00e9grale 1598 ccm, 96 KW, 130 PS 2011\/10-2013\/12<\/li>\n<li>NISSAN QASHQAI II V\u00c9HICULE TOUT TERRAIN FERM\u00c9 1.6 dCi ALL MODE 4\u00d74-i 1598 ccm, 96 KW, 130 PS 2013\/11-2019\/12<\/li>\n<li>NISSAN QASHQAI II V\u00c9HICULE TOUT TERRAIN FERM\u00c9 1.6 dCi 1598 ccm, 96 KW, 130 PS 2013\/11-2019\/12<\/li>\n<li>NISSAN X-TRAIL 1.6 dCi 1598 ccm, 96 KW, 130 PS 2014\/04-2019\/12<\/li>\n<\/ul>\n<p><strong>B\u00fcrgschaft:<br \/>\n<\/strong>12-monatige offizielle Garantie.<\/p>\n<p><strong>Anmerkung:<br \/>\n<\/strong><\/p>\n<p>&#8211;<a href=\"https:\/\/turbomotori.com\/de\/weitere-informationen\/\"> Klicken Sie f\u00fcr weitere Informationen\u00a0<\/a><\/p>\n<p>&#8211; <a href=\"https:\/\/turbomotori.com\/de\/turbo-code-verbleibend\/\">Hinweise zur Identifizierung des Turbo-Codes<\/a><\/p>\n<p><strong>Kontaktieren Sie uns auch unter <a href=\"https:\/\/wa.me\/\u202a393925701009\u202c\">Whatsapp<\/a><\/strong><\/p>","protected":false},"excerpt":{"rendered":"<p>Garrett turbo 765156-9007W Originalreferenz: 8201067824, 144110219R, 144110972R, 14411-0219R, 14411-0972R Herstellerreferenz: 54389880005, 54389700005, 5438-988-0005, 5438-970-0005, 54389700018, 54389880018, 5438-970-0018, 5438-988-0018, 54389800005, 54389800018, 172-10216, 54389900005, 54389900018 Fahrzeugmarke: NISSAN, RENAULT Fahrzeugmodell: NISSAN - QASHQAI +2 I, QASHQAI II V\u00c9HICULE TOUT TERRAIN FERM\u00c9, X-TRAIL; RENAULT - ESPACE V, GRAND SC\u00c9NIC III, KADJAR, MEGANE III...<\/p>","protected":false},"featured_media":52916,"comment_status":"closed","ping_status":"closed","template":"","meta":{"_acf_changed":false},"product_brand":[],"product_cat":[22,26],"product_tag":[],"class_list":{"0":"post-52915","1":"product","2":"type-product","3":"status-publish","4":"has-post-thumbnail","6":"product_cat-turbo-turbina","7":"product_cat-turbo-turbina-rigenerata","9":"first","10":"instock","11":"shipping-taxable","12":"purchasable","13":"product-type-simple"},"acf":{"codice_oem":"14411-0219R, 14411-0972R, 1441100Q4F, 1441100Q4H, 144110219R, 144110972R, 6000616730, 6000620411, 6220900500, 8201067824","compatibile_con":"RENAULT ESPACE V 1.6 dCi 130 1598 ccm, 96 KW, 130 PS 2015\/06-2019\/12 RENAULT GRAND SC\u00c9NIC III 1.6 dCi 1598 ccm, 96 KW, 130 PS 2011\/04-2019\/12 RENAULT KADJAR 1.6 dCi 130 4x4 1598 ccm, 96 KW, 130 PS 2015\/06-2019\/12 RENAULT KADJAR 1.6 dCi 130 1598 ccm, 96 KW, 130 PS 2015\/06-2019\/12 RENAULT MEGANE III 3\/5 PORTES 1.6 dCi 1598 ccm, 96 KW, 130 PS 2011\/04-2019\/12 RENAULT MEGANE III COUP\u00c9 1.6 dCi 1598 ccm, 96 KW, 130 PS 2011\/04-2019\/12 RENAULT MEGANE III GRANDTOUR 1.6 dCi 1598 ccm, 96 KW, 130 PS 2011\/04-2019\/12 RENAULT SC\u00c9NIC III 1.6 dCi 1598 ccm, 96 KW, 130 PS 2011\/04-2019\/12 RENAULT TALISMAN 1.6 dCi 130 1598 ccm, 96 KW, 130 PS 2015\/11-2019\/12 RENAULT TALISMAN GRANDTOUR 1.6 dCi 130 1598 ccm, 96 KW, 130 PS 2016\/03-2019\/12 NISSAN QASHQAI +2 I 1.6 dCi 1598 ccm, 96 KW, 130 PS 2011\/10-2013\/12 NISSAN QASHQAI +2 I 1.6 dCi Traction int\u00e9grale 1598 ccm, 96 KW, 130 PS 2011\/10-2013\/12 NISSAN QASHQAI II V\u00c9HICULE TOUT TERRAIN FERM\u00c9 1.6 dCi ALL MODE 4x4-i 1598 ccm, 96 KW, 130 PS 2013\/11-2019\/12 NISSAN QASHQAI II V\u00c9HICULE TOUT TERRAIN FERM\u00c9 1.6 dCi 1598 ccm, 96 KW, 130 PS 2013\/11-2019\/12 NISSAN X-TRAIL 1.6 dCi 1598 ccm, 96 KW, 130 PS 2014\/04-2019\/12","monta_su":"Renault - Nissan","codice_motore":"1.6 dCi 1598 ccm","anno":"","cilindrata":"1.6 - 1598 ccm","carburante":"Diesel","cv":"130","kw":"96","garanzia_12_mesi":true,"composizione":"","disponibilita":"-"},"aioseo_notices":[],"_links":{"self":[{"href":"https:\/\/turbomotori.com\/de\/wp-json\/wp\/v2\/product\/52915","targetHints":{"allow":["GET"]}}],"collection":[{"href":"https:\/\/turbomotori.com\/de\/wp-json\/wp\/v2\/product"}],"about":[{"href":"https:\/\/turbomotori.com\/de\/wp-json\/wp\/v2\/types\/product"}],"replies":[{"embeddable":true,"href":"https:\/\/turbomotori.com\/de\/wp-json\/wp\/v2\/comments?post=52915"}],"wp:featuredmedia":[{"embeddable":true,"href":"https:\/\/turbomotori.com\/de\/wp-json\/wp\/v2\/media\/52916"}],"wp:attachment":[{"href":"https:\/\/turbomotori.com\/de\/wp-json\/wp\/v2\/media?parent=52915"}],"wp:term":[{"taxonomy":"product_brand","embeddable":true,"href":"https:\/\/turbomotori.com\/de\/wp-json\/wp\/v2\/product_brand?post=52915"},{"taxonomy":"product_cat","embeddable":true,"href":"https:\/\/turbomotori.com\/de\/wp-json\/wp\/v2\/product_cat?post=52915"},{"taxonomy":"product_tag","embeddable":true,"href":"https:\/\/turbomotori.com\/de\/wp-json\/wp\/v2\/product_tag?post=52915"}],"curies":[{"name":"wp","href":"https:\/\/api.w.org\/{rel}","templated":true}]}}