{"id":6074,"date":"2021-06-14T08:54:28","date_gmt":"2021-06-14T06:54:28","guid":{"rendered":"https:\/\/turbomotori.com\/?post_type=product&#038;p=6074"},"modified":"2024-10-29T11:20:28","modified_gmt":"2024-10-29T10:20:28","slug":"motore-srfb-ford-transit-2-2-d","status":"publish","type":"product","link":"https:\/\/turbomotori.com\/de\/produkt\/srfb-motor-ford-transit-2-2-d\/","title":{"rendered":"SRFB-Motor f\u00fcr Ford Transit 2.2 D"},"content":{"rendered":"<p class=\"gmail_default\"><strong>Motorcode SRFB neue halbfertige Ford Transit<\/strong><\/p>\n<p class=\"gmail_default\">Jahr 2008 - 2011<\/p>\n<p class=\"gmail_default\">Verdr\u00e4ngung 2,2 d<\/p>\n<p class=\"gmail_default\">Bestehend aus: \u00d6lwanne, Block, Kopf mit Verteiler, \u00d6lpumpe und W\u00e4rmetauscher<\/p>\n<p><strong>GARANTIE 12 Monate<\/strong><\/p>\n<p style=\"text-align: left;\">Sofortige Verf\u00fcgbarkeit.<\/p>\n<p style=\"text-align: left;\">Lieferung in ganz Italien innerhalb von 24\/48 Stunden<\/p>\n<p style=\"text-align: left;\">Kurier benutzt GLS<\/p>\n<p>-Geben Sie f\u00fcr ein Angebot die folgenden Fahrzeugdaten an:<\/p>\n<ul>\n<li><strong>Jahr\u00a0<\/strong><\/li>\n<li><strong>Modell<\/strong><\/li>\n<li><strong>Motorcode (<\/strong><span style=\"color: #3366ff;\">Punkt p5 des\u00a0<\/span><span style=\"color: #3366ff;\">Brosch\u00fcre<\/span><b>)<\/b><\/li>\n<li><strong>Strom\u00a0<\/strong><\/li>\n<\/ul>\n<p>Die Daten finden Sie in der Betriebsanleitung Ihres Fahrzeugs<\/p>\n<p>F\u00fcr weitere Informationen stehen wir Ihnen gerne unter folgenden Nummern zur Verf\u00fcgung<\/p>\n<ul>\n<li><span style=\"color: #3366ff;\">Tel.: 0309050658<\/span><\/li>\n<li><span style=\"color: #3366ff;\">WhatsApp: 3925701009<\/span><\/li>\n<\/ul>\n<p>Ge\u00f6ffnet von Montag bis Freitag von 8 bis 12 Uhr und von 14 bis 18 Uhr.<\/p>","protected":false},"excerpt":{"rendered":"<p class=\"gmail_default\"><strong>Motorcode SRFB neue halbfertige Ford Transit<\/strong><\/p>\n<p class=\"gmail_default\">Jahr 2008 - 2011<\/p>\n<p class=\"gmail_default\">Verdr\u00e4ngung 2,2 d<\/p>\n<p class=\"gmail_default\">Bestehend aus: \u00d6lwanne, Block, Kopf mit Verteiler, \u00d6lpumpe und W\u00e4rmetauscher<\/p>\n<p><a title=\"KONTAKTE\" href=\"https:\/\/turbomotori.com\/de\/kontakte\/\">Rufen Sie an f\u00fcr ein kostenloses Angebot <\/a><em>Tel.<\/em> <a href=\"tel:0309050658\">030.9050658<\/a>\u00a0 <em>Cel<\/em>\u00a0<a href=\"tel:3382854452\">338.2854452<\/a>\u00a0\u00a0<em>WhatsApp<\/em><a href=\"https:\/\/api.whatsapp.com\/send?phone=393925701009 &amp;text=Salve,%20vorrei%20qualche%20informazione%20in%20merito%20ai%20vostri%20prodotti.\">\u00a0 392.5701009<\/a><\/p>","protected":false},"featured_media":52745,"comment_status":"closed","ping_status":"closed","template":"","meta":{"_acf_changed":false},"product_brand":[],"product_cat":[31],"product_tag":[39,1538,1385],"class_list":{"0":"post-6074","1":"product","2":"type-product","3":"status-publish","4":"has-post-thumbnail","6":"product_cat-motore-rigenerato","7":"product_tag-ford","8":"product_tag-motore-srfb","9":"product_tag-rettifica","11":"first","12":"instock","13":"shipping-taxable","14":"product-type-simple"},"acf":{"codice_oem":"","compatibile_con":"","monta_su":"Ford Transit ","codice_motore":"SRFB ","anno":"2008 - 2011","cilindrata":"2.2 ","carburante":"Diesel","cv":"","kw":"","garanzia_12_mesi":false,"composizione":"","disponibilita":"-"},"aioseo_notices":[],"_links":{"self":[{"href":"https:\/\/turbomotori.com\/de\/wp-json\/wp\/v2\/product\/6074","targetHints":{"allow":["GET"]}}],"collection":[{"href":"https:\/\/turbomotori.com\/de\/wp-json\/wp\/v2\/product"}],"about":[{"href":"https:\/\/turbomotori.com\/de\/wp-json\/wp\/v2\/types\/product"}],"replies":[{"embeddable":true,"href":"https:\/\/turbomotori.com\/de\/wp-json\/wp\/v2\/comments?post=6074"}],"wp:featuredmedia":[{"embeddable":true,"href":"https:\/\/turbomotori.com\/de\/wp-json\/wp\/v2\/media\/52745"}],"wp:attachment":[{"href":"https:\/\/turbomotori.com\/de\/wp-json\/wp\/v2\/media?parent=6074"}],"wp:term":[{"taxonomy":"product_brand","embeddable":true,"href":"https:\/\/turbomotori.com\/de\/wp-json\/wp\/v2\/product_brand?post=6074"},{"taxonomy":"product_cat","embeddable":true,"href":"https:\/\/turbomotori.com\/de\/wp-json\/wp\/v2\/product_cat?post=6074"},{"taxonomy":"product_tag","embeddable":true,"href":"https:\/\/turbomotori.com\/de\/wp-json\/wp\/v2\/product_tag?post=6074"}],"curies":[{"name":"wp","href":"https:\/\/api.w.org\/{rel}","templated":true}]}}