{"id":613,"date":"2017-10-12T13:46:50","date_gmt":"2017-10-12T13:46:50","guid":{"rendered":"https:\/\/turbomotori.com\/?post_type=product&#038;p=613"},"modified":"2024-01-15T16:46:31","modified_gmt":"2024-01-15T15:46:31","slug":"motore-revisionato-263a2000-fiat-1-3-mjet","status":"publish","type":"product","link":"https:\/\/turbomotori.com\/de\/produkt\/motor-uberholt-263a2000-fiat-1-3-mjet\/","title":{"rendered":"General\u00fcberholter Motor 263a2000 f\u00fcr Fiat 1.3 mjet"},"content":{"rendered":"<p><strong>Halbkomplett \u00fcberholter Motor <a href=\"https:\/\/turbomotori.com\/de\/?s=Fiat\">Fiat<\/a><\/strong><\/p>\n<p>Pr\u00fcfen Sie das Vorhandensein des Sensors an der \u00d6lpumpe<\/p>\n<p>Kompatibel mit: 199B1000\/199A9000\/199B4000\/330A1000<\/p>\n<p><strong>Hubraum: 1,3 mJet<\/strong><\/p>\n<p><strong>Motorcode: 263a2000<\/strong><\/p>\n<p>&#8211; <strong>GARANTIE 12 Monate<\/strong><\/p>\n<p>&#8211;<strong> Sofortige Verf\u00fcgbarkeit<\/strong>.<\/p>\n<p>- Lieferung in ganz Italien innerhalb von 24\/48 Stunden<\/p>\n<p>- Kurier benutzt GLS<\/p>\n<p>-Geben Sie f\u00fcr ein Angebot die folgenden Fahrzeugdaten an:<\/p>\n<ul>\n<li><strong>Jahr\u00a0<\/strong><\/li>\n<li><strong>Modell<\/strong><\/li>\n<li><strong>Motorcode<\/strong><\/li>\n<li><strong>Strom\u00a0<\/strong><\/li>\n<\/ul>\n<p>Die Daten finden Sie in der Betriebsanleitung Ihres Fahrzeugs<\/p>\n<p>F\u00fcr weitere Informationen steht Ihnen unsere Verkaufsabteilung unter den folgenden Nummern zur Verf\u00fcgung: 0309050658 WhatsApp: 3925701009<\/p>\n<p>Wir haben von Montag bis Freitag von 8-12 Uhr bis 14-18 Uhr ge\u00f6ffnet.<\/p>","protected":false},"excerpt":{"rendered":"<p>Motore revisionato a nuovo semi completo Fiat Verificare presenza del sensore sulla pompa dell&#8217;olio Compatibile con: 199B1000\/199A9000\/199B4000\/330A1000 Cilindrata: 1.3 mjet Codice motore: 263a2000 &#8211; GARANZIA 12 mesi &#8211; Disponibilit\u00e0 immediata. &#8211; Consegna in tutta Italia in 24\/48 ore &#8211; Corriere utilizzato GLS -Per effettuare preventivo fornire i seguenti dati del veicolo: Anno\u00a0 Modello Codice motore&#8230;<\/p>","protected":false},"featured_media":3681,"comment_status":"closed","ping_status":"closed","template":"","meta":{"_acf_changed":false},"product_brand":[],"product_cat":[31],"product_tag":[528,38],"class_list":{"0":"post-613","1":"product","2":"type-product","3":"status-publish","4":"has-post-thumbnail","6":"product_cat-motore-rigenerato","7":"product_tag-263a2000","8":"product_tag-fiat","10":"first","11":"instock","12":"shipping-taxable","13":"product-type-simple"},"acf":{"codice_oem":"","compatibile_con":"199B1000 \/ 199A9000 \/ 199B4000 \/ 330A1000","monta_su":"Fiat","codice_motore":"263A2000 ","anno":"","cilindrata":"1.3 mjet","carburante":"Diesel","cv":"","kw":"","garanzia_12_mesi":true,"composizione":"","disponibilita":"-"},"aioseo_notices":[],"_links":{"self":[{"href":"https:\/\/turbomotori.com\/de\/wp-json\/wp\/v2\/product\/613","targetHints":{"allow":["GET"]}}],"collection":[{"href":"https:\/\/turbomotori.com\/de\/wp-json\/wp\/v2\/product"}],"about":[{"href":"https:\/\/turbomotori.com\/de\/wp-json\/wp\/v2\/types\/product"}],"replies":[{"embeddable":true,"href":"https:\/\/turbomotori.com\/de\/wp-json\/wp\/v2\/comments?post=613"}],"wp:featuredmedia":[{"embeddable":true,"href":"https:\/\/turbomotori.com\/de\/wp-json\/wp\/v2\/media\/3681"}],"wp:attachment":[{"href":"https:\/\/turbomotori.com\/de\/wp-json\/wp\/v2\/media?parent=613"}],"wp:term":[{"taxonomy":"product_brand","embeddable":true,"href":"https:\/\/turbomotori.com\/de\/wp-json\/wp\/v2\/product_brand?post=613"},{"taxonomy":"product_cat","embeddable":true,"href":"https:\/\/turbomotori.com\/de\/wp-json\/wp\/v2\/product_cat?post=613"},{"taxonomy":"product_tag","embeddable":true,"href":"https:\/\/turbomotori.com\/de\/wp-json\/wp\/v2\/product_tag?post=613"}],"curies":[{"name":"wp","href":"https:\/\/api.w.org\/{rel}","templated":true}]}}