{"id":617,"date":"2017-10-13T13:12:04","date_gmt":"2017-10-13T13:12:04","guid":{"rendered":"https:\/\/turbomotori.com\/?post_type=product&#038;p=617"},"modified":"2023-08-28T16:26:40","modified_gmt":"2023-08-28T14:26:40","slug":"motore-rigenerato-m9re7-renault-opel-nissan-2-0-d","status":"publish","type":"product","link":"https:\/\/turbomotori.com\/de\/produkt\/generaluberholter-motor-m9re7-renault-opel-nissan-2-0-d\/","title":{"rendered":"General\u00fcberholter Motor M9RE7 f\u00fcr Renault, Opel Nissan 2.0 d"},"content":{"rendered":"<p><strong>Motorcode m9re7 wiederaufgearbeitet halbfertig f\u00fcr Nissan, Opel, Renault\u00a0<\/strong><\/p>\n<p>Bestehend aus: Becher, Block, Kopf und Verteilung<\/p>\n<p>Kubikinhalt: 2,0 d<\/p>\n<p>Passend f\u00fcr: Renault, Opel, Nissan Primastar 2.0 D<\/p>\n<p>Motorcode: m9re7<\/p>\n<p>- GARANTIE 12 Monate<\/p>\n<p>- Sofortige Verf\u00fcgbarkeit<\/p>\n<p>- Lieferung in ganz Italien innerhalb von 24\/48 Stunden<\/p>\n<p>- Kurier benutzt GLS<\/p>\n<p>-Geben Sie f\u00fcr ein Angebot die folgenden Fahrzeugdaten an:<\/p>\n<ul>\n<li><strong>Jahr\u00a0<\/strong><\/li>\n<li><strong>Modell<\/strong><\/li>\n<li><strong>Motorcode (<\/strong><span style=\"color: #3366ff;\">Punkt p5 des\u00a0<\/span><span style=\"color: #3366ff;\">Brosch\u00fcre<\/span><b>)<\/b><\/li>\n<li><strong>Strom\u00a0<\/strong><\/li>\n<\/ul>\n<p>Die Daten finden Sie in der Betriebsanleitung Ihres Fahrzeugs<\/p>\n<p>F\u00fcr weitere Informationen stehen wir Ihnen gerne unter folgenden Nummern zur Verf\u00fcgung<\/p>\n<ul>\n<li><span style=\"color: #3366ff;\">Tel.: 0309050658<\/span><\/li>\n<li><span style=\"color: #3366ff;\">WhatsApp: 3925701009<\/span><\/li>\n<\/ul>\n<p>Ge\u00f6ffnet von Montag bis Freitag von 8 bis 12 Uhr und von 14 bis 18 Uhr.<\/p>","protected":false},"excerpt":{"rendered":"<p><strong>Motorcode m9re7 wiederaufgearbeitet halbfertig f\u00fcr Nissan, Opel, Renault\u00a0<\/strong><\/p>\n<p>Bestehend aus: Becher, Block, Kopf und Verteilung<\/p>\n<p>Kubikinhalt: 2,0 d<\/p>\n<p>Passend f\u00fcr: Renault, Opel, Nissan Primastar 2.0 D<\/p>\n<p>Motorcode: m9re7<\/p>\n<p><a title=\"KONTAKTE\" href=\"https:\/\/turbomotori.com\/de\/kontakte\/\">Rufen Sie an f\u00fcr ein kostenloses Angebot <\/a><em>Tel.<\/em> <a href=\"tel:0309050658\">030.9050658<\/a>\u00a0 <em>Cel<\/em>\u00a0<a href=\"tel:3382854452\">338.2854452<\/a>\u00a0\u00a0<em>WhatsApp<\/em><a href=\"https:\/\/api.whatsapp.com\/send?phone=393925701009 &amp;text=Salve,%20vorrei%20qualche%20informazione%20in%20merito%20ai%20vostri%20prodotti.\">\u00a0 392.5701009<\/a><\/p>","protected":false},"featured_media":7275,"comment_status":"closed","ping_status":"closed","template":"","meta":{"_acf_changed":false},"product_brand":[],"product_cat":[31],"product_tag":[608,44,45,46],"class_list":{"0":"post-617","1":"product","2":"type-product","3":"status-publish","4":"has-post-thumbnail","6":"product_cat-motore-rigenerato","7":"product_tag-m9re7","8":"product_tag-nissan","9":"product_tag-opel","10":"product_tag-renault","12":"first","13":"instock","14":"shipping-taxable","15":"product-type-simple"},"acf":{"codice_oem":"","compatibile_con":"","monta_su":"Renault,\u00a0Opel,\u00a0Nissan","codice_motore":"M9RE7","anno":"","cilindrata":"2.0","carburante":"Diesel","cv":"","kw":"","garanzia_12_mesi":true,"composizione":"","disponibilita":"-"},"aioseo_notices":[],"_links":{"self":[{"href":"https:\/\/turbomotori.com\/de\/wp-json\/wp\/v2\/product\/617","targetHints":{"allow":["GET"]}}],"collection":[{"href":"https:\/\/turbomotori.com\/de\/wp-json\/wp\/v2\/product"}],"about":[{"href":"https:\/\/turbomotori.com\/de\/wp-json\/wp\/v2\/types\/product"}],"replies":[{"embeddable":true,"href":"https:\/\/turbomotori.com\/de\/wp-json\/wp\/v2\/comments?post=617"}],"wp:featuredmedia":[{"embeddable":true,"href":"https:\/\/turbomotori.com\/de\/wp-json\/wp\/v2\/media\/7275"}],"wp:attachment":[{"href":"https:\/\/turbomotori.com\/de\/wp-json\/wp\/v2\/media?parent=617"}],"wp:term":[{"taxonomy":"product_brand","embeddable":true,"href":"https:\/\/turbomotori.com\/de\/wp-json\/wp\/v2\/product_brand?post=617"},{"taxonomy":"product_cat","embeddable":true,"href":"https:\/\/turbomotori.com\/de\/wp-json\/wp\/v2\/product_cat?post=617"},{"taxonomy":"product_tag","embeddable":true,"href":"https:\/\/turbomotori.com\/de\/wp-json\/wp\/v2\/product_tag?post=617"}],"curies":[{"name":"wp","href":"https:\/\/api.w.org\/{rel}","templated":true}]}}