{"id":621,"date":"2017-10-13T13:28:27","date_gmt":"2017-10-13T13:28:27","guid":{"rendered":"https:\/\/turbomotori.com\/?post_type=product&#038;p=621"},"modified":"2023-08-28T16:31:44","modified_gmt":"2023-08-28T14:31:44","slug":"motore-revisionato-fiat-1-6-b-codice-182b6000","status":"publish","type":"product","link":"https:\/\/turbomotori.com\/de\/produkt\/motor-uberholter-fiat-1-6-b-code-182b6000\/","title":{"rendered":"General\u00fcberholter Motor 182B6000 f\u00fcr Fiat 1.6B"},"content":{"rendered":"<p><strong>Halbkomplett \u00fcberholter Motor <a href=\"https:\/\/turbomotori.com\/de\/?s=Fiat\">Fiat<\/a><\/strong><\/p>\n<p><strong>Hubraum: 1,6 b<\/strong><\/p>\n<p><strong>Motorcode: 182b6000<\/strong><\/p>\n<p>&#8211; <strong>GARANTIE 12 Monate<\/strong><\/p>\n<p>&#8211;<strong> Sofortige Verf\u00fcgbarkeit<\/strong>.<\/p>\n<p>- Lieferung in ganz Italien innerhalb von 24\/48 Stunden<\/p>\n<p>- Kurier benutzt GLS<\/p>\n<p>-Geben Sie f\u00fcr ein Angebot die folgenden Fahrzeugdaten an:<\/p>\n<ul>\n<li><strong>Jahr\u00a0<\/strong><\/li>\n<li><strong>Modell<\/strong><\/li>\n<li><strong>Motorcode<\/strong><\/li>\n<li><strong>Strom\u00a0<\/strong><\/li>\n<\/ul>\n<p>Die Daten finden Sie in der Betriebsanleitung Ihres Fahrzeugs<\/p>\n<p>F\u00fcr weitere Informationen steht Ihnen unsere Verkaufsabteilung unter den folgenden Nummern zur Verf\u00fcgung: 0309050658 WhatsApp: 3925701009<\/p>\n<p>Wir haben von Montag bis Freitag von 8-12 Uhr bis 14-18 Uhr ge\u00f6ffnet.<\/p>","protected":false},"excerpt":{"rendered":"<p>Motor \u00fcberholt, um neue semi-komplette Fiat Hubraum: 1,6 b Engine Code: 182b6000 - GARANTIE 12 Monate - Sofortige Verf\u00fcgbarkeit. - Lieferung in ganz Italien in 24\/48 Stunden - Kurier verwendet GLS -Um einen Kostenvoranschlag zu machen, geben Sie bitte die folgenden Fahrzeugdaten an: Jahr Modell Motorcode Leistung Die Daten k\u00f6nnen in der Brosch\u00fcre Ihres Autos gefunden werden...<\/p>","protected":false},"featured_media":3672,"comment_status":"closed","ping_status":"closed","template":"","meta":{"_acf_changed":false},"product_brand":[],"product_cat":[31],"product_tag":[607,38],"class_list":{"0":"post-621","1":"product","2":"type-product","3":"status-publish","4":"has-post-thumbnail","6":"product_cat-motore-rigenerato","7":"product_tag-182b6000","8":"product_tag-fiat","10":"first","11":"instock","12":"shipping-taxable","13":"product-type-simple"},"acf":{"codice_oem":"","compatibile_con":"","monta_su":"Fiat","codice_motore":"182B6000","anno":"","cilindrata":"1.6","carburante":"Benzina","cv":"","kw":"","garanzia_12_mesi":true,"composizione":"","disponibilita":"-"},"aioseo_notices":[],"_links":{"self":[{"href":"https:\/\/turbomotori.com\/de\/wp-json\/wp\/v2\/product\/621","targetHints":{"allow":["GET"]}}],"collection":[{"href":"https:\/\/turbomotori.com\/de\/wp-json\/wp\/v2\/product"}],"about":[{"href":"https:\/\/turbomotori.com\/de\/wp-json\/wp\/v2\/types\/product"}],"replies":[{"embeddable":true,"href":"https:\/\/turbomotori.com\/de\/wp-json\/wp\/v2\/comments?post=621"}],"wp:featuredmedia":[{"embeddable":true,"href":"https:\/\/turbomotori.com\/de\/wp-json\/wp\/v2\/media\/3672"}],"wp:attachment":[{"href":"https:\/\/turbomotori.com\/de\/wp-json\/wp\/v2\/media?parent=621"}],"wp:term":[{"taxonomy":"product_brand","embeddable":true,"href":"https:\/\/turbomotori.com\/de\/wp-json\/wp\/v2\/product_brand?post=621"},{"taxonomy":"product_cat","embeddable":true,"href":"https:\/\/turbomotori.com\/de\/wp-json\/wp\/v2\/product_cat?post=621"},{"taxonomy":"product_tag","embeddable":true,"href":"https:\/\/turbomotori.com\/de\/wp-json\/wp\/v2\/product_tag?post=621"}],"curies":[{"name":"wp","href":"https:\/\/api.w.org\/{rel}","templated":true}]}}