{"id":637,"date":"2017-10-17T09:08:06","date_gmt":"2017-10-17T09:08:06","guid":{"rendered":"https:\/\/turbomotori.com\/?post_type=product&#038;p=637"},"modified":"2023-08-28T16:36:45","modified_gmt":"2023-08-28T14:36:45","slug":"motore-revisionato-bmw-serie-5-3-0-d-codice-306d3","status":"publish","type":"product","link":"https:\/\/turbomotori.com\/de\/produkt\/motor-uberholt-bmw-serie-5-3-0-d-code-306d3\/","title":{"rendered":"General\u00fcberholter 306D3 Motor f\u00fcr BMW 5er 3.0D"},"content":{"rendered":"<p>Halbkomplett \u00fcberholter Motor<\/p>\n<p><strong><a href=\"https:\/\/turbomotori.com\/de\/?s=Bmw\">Bmw<\/a> 5 Serien<\/strong><\/p>\n<p><strong>Verdr\u00e4ngung: 3,0 d<\/strong><\/p>\n<p><strong>Motorcode: 306d3<\/strong><\/p>\n<p>&#8211; <strong>GARANTIE 12 Monate<\/strong><\/p>\n<p>&#8211;<strong> Sofortige Verf\u00fcgbarkeit<\/strong>.<\/p>\n<p>- Lieferung in ganz Italien innerhalb von 24\/48 Stunden<\/p>\n<p>- Kurier benutzt GLS<\/p>\n<p>-Geben Sie f\u00fcr ein Angebot die folgenden Fahrzeugdaten an:<\/p>\n<ul>\n<li><strong>Jahr\u00a0<\/strong><\/li>\n<li><strong>Modell<\/strong><\/li>\n<li><strong>Motorcode<\/strong><\/li>\n<li><strong>Strom\u00a0<\/strong><\/li>\n<\/ul>\n<p>Die Daten finden Sie in der Betriebsanleitung Ihres Fahrzeugs<\/p>\n<p>F\u00fcr weitere Informationen steht Ihnen unsere Verkaufsabteilung unter den folgenden Nummern zur Verf\u00fcgung: 0309050658 WhatsApp: 3925701009<\/p>\n<p>Wir haben von Montag bis Freitag von 8-12 Uhr bis 14-18 Uhr ge\u00f6ffnet.<\/p>","protected":false},"excerpt":{"rendered":"<p>Motore revisionato a nuovo semi completo Bmw serie 5 Cilindrata: 3.0 d Codice motore: 306d3 &#8211; GARANZIA 12 mesi &#8211; Disponibilit\u00e0 immediata. &#8211; Consegna in tutta Italia in 24\/48 ore &#8211; Corriere utilizzato GLS -Per effettuare preventivo fornire i seguenti dati del veicolo: Anno\u00a0 Modello Codice motore Potenza\u00a0 I dati sono reperibili sul libretto della&#8230;<\/p>","protected":false},"featured_media":3657,"comment_status":"closed","ping_status":"closed","template":"","meta":{"_acf_changed":false},"product_brand":[],"product_cat":[31],"product_tag":[602,36],"class_list":{"0":"post-637","1":"product","2":"type-product","3":"status-publish","4":"has-post-thumbnail","6":"product_cat-motore-rigenerato","7":"product_tag-306d3","8":"product_tag-bmw","10":"first","11":"instock","12":"shipping-taxable","13":"product-type-simple"},"acf":{"codice_oem":"","compatibile_con":"","monta_su":"BMW serie 5","codice_motore":"306D3","anno":"","cilindrata":"3.0","carburante":"Diesel","cv":"","kw":"","garanzia_12_mesi":true,"composizione":"","disponibilita":"-"},"aioseo_notices":[],"_links":{"self":[{"href":"https:\/\/turbomotori.com\/de\/wp-json\/wp\/v2\/product\/637","targetHints":{"allow":["GET"]}}],"collection":[{"href":"https:\/\/turbomotori.com\/de\/wp-json\/wp\/v2\/product"}],"about":[{"href":"https:\/\/turbomotori.com\/de\/wp-json\/wp\/v2\/types\/product"}],"replies":[{"embeddable":true,"href":"https:\/\/turbomotori.com\/de\/wp-json\/wp\/v2\/comments?post=637"}],"wp:featuredmedia":[{"embeddable":true,"href":"https:\/\/turbomotori.com\/de\/wp-json\/wp\/v2\/media\/3657"}],"wp:attachment":[{"href":"https:\/\/turbomotori.com\/de\/wp-json\/wp\/v2\/media?parent=637"}],"wp:term":[{"taxonomy":"product_brand","embeddable":true,"href":"https:\/\/turbomotori.com\/de\/wp-json\/wp\/v2\/product_brand?post=637"},{"taxonomy":"product_cat","embeddable":true,"href":"https:\/\/turbomotori.com\/de\/wp-json\/wp\/v2\/product_cat?post=637"},{"taxonomy":"product_tag","embeddable":true,"href":"https:\/\/turbomotori.com\/de\/wp-json\/wp\/v2\/product_tag?post=637"}],"curies":[{"name":"wp","href":"https:\/\/api.w.org\/{rel}","templated":true}]}}