{"id":660,"date":"2017-10-17T13:20:54","date_gmt":"2017-10-17T13:20:54","guid":{"rendered":"https:\/\/turbomotori.com\/?post_type=product&#038;p=660"},"modified":"2025-04-15T12:10:25","modified_gmt":"2025-04-15T10:10:25","slug":"motore-revisionato-n47d20c-bmw-serie-1-3-2-0-d","status":"publish","type":"product","link":"https:\/\/turbomotori.com\/de\/produkt\/motor-uberholt-n47d20c-bmw-series-1-3-2-0-d\/","title":{"rendered":"General\u00fcberholter Motor N47D20C f\u00fcr Bmw 1-3 Serie 2.0 Tdi"},"content":{"rendered":"<p><strong>Motorcode n47d20c \u00fcberholt als neue Halbkomplettierung Bmw <\/strong><\/p>\n<p>Hubraum: 2.0 Tdi<\/p>\n<p>Motorcode: N47D20C<\/p>\n<p>Passt: Bmw 1\/3 Serie<\/p>\n<p>- GARANTIE<\/p>\n<p>- Lieferung in ganz Italien innerhalb von 24\/48 Stunden<\/p>\n<p>- Kurier benutzt GLS<\/p>\n<p>-Geben Sie f\u00fcr ein Angebot die folgenden Fahrzeugdaten an:<\/p>\n<ul>\n<li><strong>Jahr\u00a0<\/strong><\/li>\n<li><strong>Modell<\/strong><\/li>\n<li><strong>Motorcode\u00a0<\/strong><strong>(<\/strong><span style=\"color: #3366ff;\">Punkt p5 des\u00a0<\/span><span style=\"color: #3366ff;\">Brosch\u00fcre<\/span><b>)<\/b><\/li>\n<li><strong>Strom\u00a0<\/strong><\/li>\n<\/ul>\n<p>Die Daten finden Sie in der Betriebsanleitung Ihres Fahrzeugs<\/p>\n<p>F\u00fcr weitere Informationen steht Ihnen unsere Verkaufsabteilung unter den folgenden Nummern zur Verf\u00fcgung: 0309050658 WhatsApp: 3925701009<\/p>\n<p>Wir haben von Montag bis Freitag von 8-12 Uhr bis 14-18 Uhr ge\u00f6ffnet.<\/p>","protected":false},"excerpt":{"rendered":"<p><strong>Motorcode n47d20c \u00fcberholt als neue Halbkomplettierung Bmw\u00a0<\/strong><\/p>\n<p>Hubraum: 2.0 Tdi<\/p>\n<p>Codice motore: n47d20c<\/p>\n<p>Passt: Bmw 1\/3 Serie<\/p>\n<p><a title=\"KONTAKTE\" href=\"https:\/\/turbomotori.com\/de\/kontakte\/\">Rufen Sie an f\u00fcr ein kostenloses Angebot <\/a><em>Tel.<\/em> <a href=\"tel:0309050658\">030.9050658<\/a>\u00a0 <em>Cel<\/em>\u00a0<a href=\"tel:3382854452\">338.2854452<\/a>\u00a0\u00a0<em>WhatsApp<\/em><a href=\"https:\/\/api.whatsapp.com\/send?phone=393925701009 &amp;text=Salve,%20vorrei%20qualche%20informazione%20in%20merito%20ai%20vostri%20prodotti.\">\u00a0 392.5701009<\/a><\/p>","protected":false},"featured_media":7748,"comment_status":"closed","ping_status":"closed","template":"","meta":{"_acf_changed":false},"product_brand":[],"product_cat":[31],"product_tag":[36,1729,599],"class_list":{"0":"post-660","1":"product","2":"type-product","3":"status-publish","4":"has-post-thumbnail","6":"product_cat-motore-rigenerato","7":"product_tag-bmw","8":"product_tag-motore-rigenerato","9":"product_tag-n47d20c","11":"first","12":"instock","13":"shipping-taxable","14":"product-type-simple"},"acf":{"codice_oem":"","compatibile_con":"","monta_su":"Bmw Serie 1\/3","codice_motore":"N47D20C","anno":"","cilindrata":"2.0 Tdi","carburante":"Diesel","cv":"","kw":"","garanzia_12_mesi":true,"composizione":"","disponibilita":"Servizio di rigenerazione disponibile"},"aioseo_notices":[],"_links":{"self":[{"href":"https:\/\/turbomotori.com\/de\/wp-json\/wp\/v2\/product\/660","targetHints":{"allow":["GET"]}}],"collection":[{"href":"https:\/\/turbomotori.com\/de\/wp-json\/wp\/v2\/product"}],"about":[{"href":"https:\/\/turbomotori.com\/de\/wp-json\/wp\/v2\/types\/product"}],"replies":[{"embeddable":true,"href":"https:\/\/turbomotori.com\/de\/wp-json\/wp\/v2\/comments?post=660"}],"wp:featuredmedia":[{"embeddable":true,"href":"https:\/\/turbomotori.com\/de\/wp-json\/wp\/v2\/media\/7748"}],"wp:attachment":[{"href":"https:\/\/turbomotori.com\/de\/wp-json\/wp\/v2\/media?parent=660"}],"wp:term":[{"taxonomy":"product_brand","embeddable":true,"href":"https:\/\/turbomotori.com\/de\/wp-json\/wp\/v2\/product_brand?post=660"},{"taxonomy":"product_cat","embeddable":true,"href":"https:\/\/turbomotori.com\/de\/wp-json\/wp\/v2\/product_cat?post=660"},{"taxonomy":"product_tag","embeddable":true,"href":"https:\/\/turbomotori.com\/de\/wp-json\/wp\/v2\/product_tag?post=660"}],"curies":[{"name":"wp","href":"https:\/\/api.w.org\/{rel}","templated":true}]}}