{"id":6782,"date":"2021-09-30T09:51:28","date_gmt":"2021-09-30T07:51:28","guid":{"rendered":"https:\/\/turbomotori.com\/?post_type=product&#038;p=6782"},"modified":"2025-03-31T18:44:31","modified_gmt":"2025-03-31T16:44:31","slug":"turbo-49373-03012-rigenerato-fiat-0-9-twinair","status":"publish","type":"product","link":"https:\/\/turbomotori.com\/de\/produkt\/turbo-49373-03012-regeneriert-fiat-0-9-twinair\/","title":{"rendered":"\u00dcberholter Turbo 49373-03012 Fiat 0.9 Twinair"},"content":{"rendered":"<p><strong>Turbo 49373-03012\/ 4937303012 \/ 49373-03010<br \/>\n49373-03011 Mitsubishi wiederaufgearbeitet Fiat \/ Alfa Romeo \/ Lancia\u00a0<\/strong><\/p>\n<p>OEM: 55240093\/ 55240093.01E\/ 5524009301E\/ 5524343\/ 55243431\/ 55243431.01E\/ 552434310\/ 5524343101E\/ 552434331.01E\/ 71795018\/ 71795700<\/p>\n<p>Passt auf: Alfa Romeo Mito 0.9 Twinair 63 Kw 85 HP Benzine\/Metane\/ Fiat 500 0.9 Twinair 63 Kw 85 HP Benzine\/Metane\/ Fiat Panda 0.9 Twinair 63 Kw 85 HP Benzine\/Metane\/ Fiat Punto 0.9 Twinair 63 Kw 85 HP Benzine\/Metane\/ Lancia Ypsilon 0.9 Twinair 63 Kw 85 HP Benzine\/Metane<\/p>\n<p>Turbine neu und wiederaufbereitet erh\u00e4ltlich<\/p>\n<p>-Nachgefertigter Turbolader Preis 305,00 \u20ac inkl. MwSt.<\/p>\n<p><span style=\"color: #ff0000;\">DAS PRODUKT SIEHT DIE R\u00dcCKGABE VON VERWERTBAREN R\u00dcCKSENDUNGEN OHNE RISSE AM KOLLEKTOR ODER SICHTBARE SCH\u00c4DEN VOR\u00a0<\/span><\/p>\n<p>&#8211;<a href=\"https:\/\/turbomotori.com\/de\/weitere-informationen\/\"> Klicken Sie f\u00fcr weitere Informationen\u00a0<\/a><\/p>\n<p>&#8211; <a href=\"https:\/\/turbomotori.com\/de\/turbo-code-verbleibend\/\">Hinweise zur Identifizierung des Turbo-Codes<\/a><\/p>","protected":false},"excerpt":{"rendered":"<p><strong>Turbo 49373-03012\/ 4937303012 \/ 49373-03010<br \/>\n49373-03011 Mitsubishi wiederaufgearbeitet Fiat \/ Alfa Romeo \/ Lancia\u00a0<\/strong><\/p>\n<p>OEM: 55240093\/ 55240093.01E\/ 5524009301E\/ 5524343\/ 55243431\/ 55243431.01E\/ 552434310\/ 5524343101E\/ 552434331.01E\/ 71795018\/ 71795700<\/p>\n<p>Passt auf: Alfa Romeo Mito 0.9 Twinair 63 Kw 85 HP Benzine\/Metane\/ Fiat 500 0.9 Twinair 63 Kw 85 HP Benzine\/Metane\/ Fiat Panda 0.9 Twinair 63 Kw 85 HP Benzine\/Metane\/ Fiat Punto 0.9 Twinair 63 Kw 85 HP Benzine\/Metane\/ Lancia Ypsilon 0.9 Twinair 63 Kw 85 HP Benzine\/Metane<\/p>\n<p>Turbine neu und wiederaufbereitet erh\u00e4ltlich<\/p>\n<p>-Nachgefertigter Turbolader Preis \u20ac 288,75 inkl. MwSt.<\/p>\n<p><span style=\"color: #ff0000;\">DAS PRODUKT SIEHT DIE R\u00dcCKGABE VON VERWERTBAREN R\u00dcCKSENDUNGEN OHNE RISSE AM KOLLEKTOR ODER SICHTBARE SCH\u00c4DEN VOR\u00a0<\/span><\/p>\n<p><a title=\"KONTAKTE\" href=\"https:\/\/turbomotori.com\/de\/kontakte\/\">Rufen Sie an f\u00fcr ein kostenloses Angebot <\/a><em>Tel.<\/em> <a href=\"tel:0309050658\">030.9050658<\/a>\u00a0 <em>Cel<\/em>\u00a0<a href=\"tel:3382854452\">338.2854452<\/a>\u00a0\u00a0<em>WhatsApp<\/em><a href=\"https:\/\/api.whatsapp.com\/send?phone=393925701009 &amp;text=Salve,%20vorrei%20qualche%20informazione%20in%20merito%20ai%20vostri%20prodotti.\">\u00a0 392.5701009<\/a><\/p>","protected":false},"featured_media":6785,"comment_status":"closed","ping_status":"closed","template":"","meta":{"_acf_changed":false},"product_brand":[],"product_cat":[26],"product_tag":[870,38,60,1674],"class_list":{"0":"post-6782","1":"product","2":"type-product","3":"status-publish","4":"has-post-thumbnail","6":"product_cat-turbo-turbina-rigenerata","7":"product_tag-49373-03012","8":"product_tag-fiat","9":"product_tag-mitsubishi","10":"product_tag-turbo-49373-03012","12":"first","13":"instock","14":"shipping-taxable","15":"purchasable","16":"product-type-simple"},"acf":{"codice_oem":"55240093\/ 55240093.01E\/ 5524009301E\/ 5524343\/ 55243431\/ 55243431.01E\/ 552434310\/ 5524343101E\/ 552434331.01E\/ 71795018\/ 71795700","compatibile_con":"","monta_su":"Alfa Romeo Mito 0.9 Twinair 63 Kw 85 CV Benzina\/Metano\/\u00a0Fiat 500 0.9 Twinair 63 Kw 85 CV Benzina\/Metano\/\u00a0Fiat Panda 0.9 Twinair 63 Kw 85 CV Benzina\/Metano\/\u00a0Fiat Punto 0.9 Twinair 63 Kw 85 CV Benzina\/Metano\/\u00a0Lancia Ypsilon 0.9 Twinair 63 Kw 85 CV Benzina\/Metano","codice_motore":"","anno":"","cilindrata":"","carburante":"","cv":"","kw":"","garanzia_12_mesi":false,"composizione":"","disponibilita":"-"},"aioseo_notices":[],"_links":{"self":[{"href":"https:\/\/turbomotori.com\/de\/wp-json\/wp\/v2\/product\/6782","targetHints":{"allow":["GET"]}}],"collection":[{"href":"https:\/\/turbomotori.com\/de\/wp-json\/wp\/v2\/product"}],"about":[{"href":"https:\/\/turbomotori.com\/de\/wp-json\/wp\/v2\/types\/product"}],"replies":[{"embeddable":true,"href":"https:\/\/turbomotori.com\/de\/wp-json\/wp\/v2\/comments?post=6782"}],"wp:featuredmedia":[{"embeddable":true,"href":"https:\/\/turbomotori.com\/de\/wp-json\/wp\/v2\/media\/6785"}],"wp:attachment":[{"href":"https:\/\/turbomotori.com\/de\/wp-json\/wp\/v2\/media?parent=6782"}],"wp:term":[{"taxonomy":"product_brand","embeddable":true,"href":"https:\/\/turbomotori.com\/de\/wp-json\/wp\/v2\/product_brand?post=6782"},{"taxonomy":"product_cat","embeddable":true,"href":"https:\/\/turbomotori.com\/de\/wp-json\/wp\/v2\/product_cat?post=6782"},{"taxonomy":"product_tag","embeddable":true,"href":"https:\/\/turbomotori.com\/de\/wp-json\/wp\/v2\/product_tag?post=6782"}],"curies":[{"name":"wp","href":"https:\/\/api.w.org\/{rel}","templated":true}]}}