{"id":694,"date":"2017-10-19T11:47:22","date_gmt":"2017-10-19T11:47:22","guid":{"rendered":"https:\/\/turbomotori.com\/?post_type=product&#038;p=694"},"modified":"2023-08-28T16:43:36","modified_gmt":"2023-08-28T14:43:36","slug":"motore-revisionato-k9k-nissan-1-5-d","status":"publish","type":"product","link":"https:\/\/turbomotori.com\/de\/produkt\/motor-uberholt-k9k-nissan-1-5-d\/","title":{"rendered":"General\u00fcberholter K9K-Motor f\u00fcr Nissan 1.5 d"},"content":{"rendered":"<p><strong>Halbkomplett \u00fcberholter Motor <a href=\"https:\/\/turbomotori.com\/de\/?s=Nissan\">Nissan<\/a> <\/strong><\/p>\n<p><strong>Verdr\u00e4ngung: 1,5 d<\/strong><\/p>\n<p><strong>Motorcode: k9k<\/strong><\/p>\n<p>Siemens-Werk<\/p>\n<p>&#8211; <strong>GARANTIE 1 Jahr<\/strong><\/p>\n<p>&#8211;<strong> Sofortige Verf\u00fcgbarkeit<\/strong>.<\/p>\n<p>- Lieferung in ganz Italien innerhalb von 24\/48 Stunden<\/p>\n<p>- Kurier benutzt GLS<\/p>\n<p>-Geben Sie f\u00fcr ein Angebot die folgenden Fahrzeugdaten an:<\/p>\n<ul>\n<li><strong>Jahr\u00a0<\/strong><\/li>\n<li><strong>Modell<\/strong><\/li>\n<li><strong>Motorcode<\/strong><\/li>\n<li><strong>Strom\u00a0<\/strong><\/li>\n<\/ul>\n<p>Die Daten finden Sie in der Betriebsanleitung Ihres Fahrzeugs<\/p>\n<p>F\u00fcr weitere Informationen steht Ihnen unsere Verkaufsabteilung unter den folgenden Nummern zur Verf\u00fcgung: 0309050658 WhatsApp: 3925701009<\/p>\n<p>Wir haben von Montag bis Freitag von 8-12 Uhr bis 14-18 Uhr ge\u00f6ffnet.<\/p>","protected":false},"excerpt":{"rendered":"<p>Motore revisionato a nuovo semicompleto Nissan Cilindrata: 1.5 d Codice motore: k9k Impianto siemens &#8211; GARANZIA 1 anno &#8211; Disponibilit\u00e0 immediata. &#8211; Consegna in tutta Italia in 24\/48 ore &#8211; Corriere utilizzato GLS -Per effettuare preventivo fornire i seguenti dati del veicolo: Anno\u00a0 Modello Codice motore Potenza\u00a0 I dati sono reperibili sul libretto della vostra&#8230;<\/p>","protected":false},"featured_media":3631,"comment_status":"closed","ping_status":"closed","template":"","meta":{"_acf_changed":false},"product_brand":[],"product_cat":[31],"product_tag":[321,44],"class_list":{"0":"post-694","1":"product","2":"type-product","3":"status-publish","4":"has-post-thumbnail","6":"product_cat-motore-rigenerato","7":"product_tag-k9k","8":"product_tag-nissan","10":"first","11":"instock","12":"shipping-taxable","13":"product-type-simple"},"acf":{"codice_oem":"","compatibile_con":"","monta_su":"Nissan ","codice_motore":"K9K ","anno":"","cilindrata":"1.5 ","carburante":"Diesel","cv":"","kw":"","garanzia_12_mesi":true,"composizione":"","disponibilita":"-"},"aioseo_notices":[],"_links":{"self":[{"href":"https:\/\/turbomotori.com\/de\/wp-json\/wp\/v2\/product\/694","targetHints":{"allow":["GET"]}}],"collection":[{"href":"https:\/\/turbomotori.com\/de\/wp-json\/wp\/v2\/product"}],"about":[{"href":"https:\/\/turbomotori.com\/de\/wp-json\/wp\/v2\/types\/product"}],"replies":[{"embeddable":true,"href":"https:\/\/turbomotori.com\/de\/wp-json\/wp\/v2\/comments?post=694"}],"wp:featuredmedia":[{"embeddable":true,"href":"https:\/\/turbomotori.com\/de\/wp-json\/wp\/v2\/media\/3631"}],"wp:attachment":[{"href":"https:\/\/turbomotori.com\/de\/wp-json\/wp\/v2\/media?parent=694"}],"wp:term":[{"taxonomy":"product_brand","embeddable":true,"href":"https:\/\/turbomotori.com\/de\/wp-json\/wp\/v2\/product_brand?post=694"},{"taxonomy":"product_cat","embeddable":true,"href":"https:\/\/turbomotori.com\/de\/wp-json\/wp\/v2\/product_cat?post=694"},{"taxonomy":"product_tag","embeddable":true,"href":"https:\/\/turbomotori.com\/de\/wp-json\/wp\/v2\/product_tag?post=694"}],"curies":[{"name":"wp","href":"https:\/\/api.w.org\/{rel}","templated":true}]}}